{"id":46007,"date":"2018-12-24T02:22:45","date_gmt":"2018-12-24T02:22:45","guid":{"rendered":"https:\/\/www.alf.gr\/%cf%80%ce%bf%ce%bb%ce%b9%cf%84%ce%b9%ce%ba%ce%ae-%ce%b1%cf%80%ce%bf%cf%81%cf%81%ce%ae%cf%84%ce%bf%cf%85\/"},"modified":"2025-08-18T10:59:48","modified_gmt":"2025-08-18T10:59:48","slug":"politique-de-confidentialite","status":"publish","type":"page","link":"https:\/\/www.alf.gr\/fr\/politique-de-confidentialite\/","title":{"rendered":"POLITIQUE DE CONFIDENTIALITE"},"content":{"rendered":"<p>&nbsp;<\/p>\n<h2><strong>Politique de protection des donn\u00e9es personnelles<\/strong><\/h2>\n<p>&nbsp;<\/p>\n<p><strong>LE CABINET D&rsquo;AVOCATS ARGYRIADIS<\/strong> accorde une importance particuli\u00e8re \u00e0 la protection des donn\u00e9es personnelles et \u00e0 la pr\u00e9servation de la vie priv\u00e9e de ses clients ainsi que de toute autre personne entrant en contact ou collaborant avec nous, en s&rsquo;engageant \u00e0 une confidentialit\u00e9 totale concernant les donn\u00e9es \u00e0 caract\u00e8re personnel de ces personnes, conform\u00e9ment aux exigences du R\u00e8glement G\u00e9n\u00e9ral sur la Protection des Donn\u00e9es (UE 2016\/679) et de la Loi 4624\/2019.<\/p>\n<p>La pr\u00e9sente Politique de Confidentialit\u00e9 pr\u00e9cise chaque cas de collecte et de traitement de donn\u00e9es personnelles par le Cabinet lors de l&rsquo;utilisation du site web et dans le cadre de la prestation de nos services. Elle clarifie la finalit\u00e9 et le mode de traitement, les raisons de leur utilisation, les personnes susceptibles d\u2019y avoir acc\u00e8s ainsi que les droits dont vous disposez conform\u00e9ment aux textes l\u00e9gislatifs susmentionn\u00e9s.<\/p>\n<p>Notre Cabinet ne prend connaissance que des donn\u00e9es personnelles que vous nous fournissez, soit via le formulaire de contact de notre site web, soit par courrier \u00e9lectronique, t\u00e9l\u00e9phone ou en personne. Ces donn\u00e9es sont trait\u00e9es conform\u00e9ment \u00e0 la pr\u00e9sente Politique de Confidentialit\u00e9.<\/p>\n<p>Les donn\u00e9es \u00e0 caract\u00e8re personnel susceptibles d\u2019\u00eatre collect\u00e9es et trait\u00e9es concernent les informations personnelles de base et les coordonn\u00e9es, telles que nom complet, num\u00e9ro de t\u00e9l\u00e9phone, adresse postale et \u00e9lectronique, donn\u00e9es financi\u00e8res et professionnelles, informations relatives \u00e0 des affaires juridiques, et en cas de recrutement, le CV et toute autre information n\u00e9cessaire \u00e0 la proc\u00e9dure.<\/p>\n<p>Il est \u00e0 noter que vos messages dans le cadre d\u2019une communication sans r\u00e9ponse \u2013 \u00e0 savoir via le formulaire de contact ou par courrier \u00e9lectronique \u2013 ne cr\u00e9ent pas automatiquement une relation avocat-client avec le Cabinet. Il est recommand\u00e9 de ne pas envoyer de donn\u00e9es personnelles sensibles ni d\u2019informations confidentielles ou priv\u00e9es sans qu&rsquo;une relation contractuelle n\u2019ait \u00e9t\u00e9 pr\u00e9alablement convenue.<\/p>\n<p>Le traitement de toute donn\u00e9e personnelle est effectu\u00e9 dans le respect des textes l\u00e9gislatifs susmentionn\u00e9s, sur la base des principes de l\u00e9galit\u00e9, de n\u00e9cessit\u00e9 et de proportionnalit\u00e9. Il s\u2019inscrit dans le respect du principe de limitation de la finalit\u00e9 et assure objectivit\u00e9, transparence, int\u00e9grit\u00e9 et confidentialit\u00e9 (article 5 du RGPD 2016\/679).<\/p>\n<h3><strong>Politique de Cookies<\/strong><\/h3>\n<p>Le Cabinet d\u2019Avocats Argyriadis utilise des fichiers \u00ab\u202fcookies\u202f\u00bb afin de garantir le bon fonctionnement et l&rsquo;efficacit\u00e9 du site web. Les cookies sont des fichiers de donn\u00e9es pouvant \u00eatre stock\u00e9s dans votre navigateur et conserver des informations pendant et\/ou entre vos visites. Les donn\u00e9es collect\u00e9es sont utilis\u00e9es \u00e0 des fins fonctionnelles, analytiques et publicitaires, telles que l\u2019adresse IP, l\u2019appareil et le navigateur utilis\u00e9s, la langue, les pr\u00e9f\u00e9rences, les statistiques de fr\u00e9quentation du site et les publicit\u00e9s personnalis\u00e9es selon les besoins du visiteur. Ces informations ne sont pas utilis\u00e9es \u00e0 des fins d\u2019identification personnelle de l\u2019utilisateur et sont conserv\u00e9es sous forme anonyme. Cette collecte a pour seul objectif l\u2019analyse statistique du fonctionnement du site et l\u2019am\u00e9lioration de l\u2019exp\u00e9rience de navigation.<\/p>\n<p>Il est possible de configurer les param\u00e8tres de votre navigateur afin de refuser, totalement ou partiellement, les cookies. Il est \u00e0 noter qu\u2019en cas de refus ou de blocage des cookies, certaines fonctionnalit\u00e9s du site pourraient ne pas \u00eatre disponibles.<\/p>\n<h3><strong>Champ d\u2019application de la Politique de Confidentialit\u00e9<\/strong><\/h3>\n<p>La pr\u00e9sente Politique s\u2019adresse aux personnes physiques qui communiquent ou interagissent avec notre Cabinet. Elle peut \u00eatre modifi\u00e9e ou adapt\u00e9e \u00e0 la discr\u00e9tion du Cabinet et dans le respect du cadre l\u00e9gislatif en vigueur.<\/p>\n<ol>\n<li><strong> Responsable du Traitement<\/strong><\/li>\n<\/ol>\n<p>Notre entreprise agit en tant que Responsable du Traitement des Donn\u00e9es \u00e0 Caract\u00e8re Personnel.<\/p>\n<p>Coordonn\u00e9es :<\/p>\n<p>Si\u00e8ge central \u00e0 Thessalonique : 10A rue Dodekanisou, 54626<\/p>\n<p>T\u00e9l\u00e9phone : +30 2310 536488<\/p>\n<p>Succursale d\u2019Ath\u00e8nes : 48-50 rue Patriarche Ioakim, Kolonaki, 10676<\/p>\n<p>T\u00e9l\u00e9phone : +30 2130 343466, +30 2130 343467<\/p>\n<ol start=\"2\">\n<li><strong> Finalit\u00e9 du Traitement<\/strong><\/li>\n<\/ol>\n<p>Le traitement des donn\u00e9es \u00e0 caract\u00e8re personnel effectu\u00e9 par notre cabinet est strictement n\u00e9cessaire \u00e0 l&rsquo;ex\u00e9cution des objectifs et des services convenus dans le cadre de la coop\u00e9ration et du contrat avec nos clients, tout en assurant une intervention minimale dans la sph\u00e8re priv\u00e9e de la personne concern\u00e9e. Les finalit\u00e9s principales, sans s\u2019y limiter, comprennent :<\/p>\n<ol>\n<li>a) la repr\u00e9sentation judiciaire et extrajudiciaire et la fourniture de conseils juridiques,<\/li>\n<li>b) le respect des obligations l\u00e9gales de l&rsquo;entreprise,<\/li>\n<li>c) l\u2019accomplissement de nos obligations fiscales,<\/li>\n<li>d) l\u2019acc\u00e8s aux d\u00e9cisions judiciaires et \u00e0 des informations financi\u00e8res confidentielles.<\/li>\n<\/ol>\n<p>Notre cabinet n&rsquo;exige pas la communication de donn\u00e9es \u00e0 caract\u00e8re personnel non pertinentes \u00e0 la nature de la relation juridique, aux obligations l\u00e9gales, \u00e0 la satisfaction des int\u00e9r\u00eats de nos clients ou \u00e0 l&rsquo;ex\u00e9cution de nos fonctions, ou qui ne sont pas impos\u00e9es par la l\u00e9gislation applicable.<\/p>\n<p><strong>\u00a0<\/strong><\/p>\n<ol start=\"3\">\n<li><strong> Base L\u00e9gale du Traitement<\/strong><\/li>\n<\/ol>\n<p>Le traitement s\u2019effectue uniquement dans le cadre de la relation contractuelle avec la personne concern\u00e9e (contrat de mandat) et apr\u00e8s consentement valable du client \u2014 c\u2019est-\u00e0-dire explicite, libre, sp\u00e9cifique, \u00e9clair\u00e9 et sans \u00e9quivoque. Ce consentement peut \u00eatre retir\u00e9 \u00e0 tout moment \u00e0 la demande du sujet, sans effet r\u00e9troactif et sans porter atteinte \u00e0 la l\u00e9galit\u00e9 du traitement d\u00e9j\u00e0 effectu\u00e9 selon les modalit\u00e9s d\u00e9crites ci-dessus. Ce retrait pourrait n\u00e9anmoins rendre la fourniture du service impossible. Notre cabinet s\u2019assure de mettre en \u0153uvre les mesures techniques et organisationnelles appropri\u00e9es, exig\u00e9es par la l\u00e9gislation applicable, pour garantir les droits et libert\u00e9s de la personne concern\u00e9e.<\/p>\n<p><strong>\u00a0<\/strong><\/p>\n<ol start=\"4\">\n<li><strong> Dur\u00e9e de Conservation des Donn\u00e9es<\/strong><\/li>\n<\/ol>\n<p>Notre soci\u00e9t\u00e9 conserve les donn\u00e9es personnelles uniquement pendant la dur\u00e9e n\u00e9cessaire \u00e0 la r\u00e9alisation des finalit\u00e9s du traitement et \u00e0 l&rsquo;ex\u00e9cution de toutes les obligations issues de la relation contractuelle avec notre client, ainsi que pendant toute la dur\u00e9e de la relation contractuelle ou commerciale. Les donn\u00e9es personnelles peuvent \u00e9galement \u00eatre conserv\u00e9es pour une dur\u00e9e l\u00e9gale raisonnable afin de prot\u00e9ger nos droits ou int\u00e9r\u00eats l\u00e9gitimes, d&rsquo;exercer des revendications l\u00e9gales ou de respecter la l\u00e9gislation en vigueur. Toutes les mesures appropri\u00e9es sont prises pour garantir la s\u00e9curit\u00e9 des informations personnelles prot\u00e9g\u00e9es.<\/p>\n<p>&nbsp;<\/p>\n<ol start=\"5\">\n<li><strong> Destinataires des Donn\u00e9es<\/strong><\/li>\n<\/ol>\n<p>L&rsquo;acc\u00e8s aux donn\u00e9es personnelles, leur traitement et utilisation sont strictement r\u00e9serv\u00e9s au responsable du traitement, \u00e0 ses repr\u00e9sentants, aux sous-traitants ou aux personnes l\u00e9galement autoris\u00e9es, uniquement dans les limites de leurs comp\u00e9tences, et exclusivement dans le but de remplir correctement les obligations contractuelles, l\u00e9gales et r\u00e9glementaires de la soci\u00e9t\u00e9, tout en garantissant la s\u00e9curit\u00e9 des donn\u00e9es et sans porter atteinte aux droits des personnes concern\u00e9es.<\/p>\n<p>La soci\u00e9t\u00e9 ne transmet ni ne divulgue de donn\u00e9es personnelles \u00e0 des tiers, sauf si la loi l\u2019exige (par exemple, aux autorit\u00e9s ou organismes publics) ou si les circonstances l\u2019imposent \u00e0 des collaborateurs ou prestataires externes, personnes physiques ou morales, dans le cadre de leurs missions et sous garanties de confidentialit\u00e9 appropri\u00e9es.<\/p>\n<p>La soci\u00e9t\u00e9 ne transf\u00e8re pas de donn\u00e9es personnelles vers des pays tiers ou des organisations internationales, sauf si cela est requis par la l\u00e9gislation ou la r\u00e9glementation applicable.<\/p>\n<p>&nbsp;<\/p>\n<ol start=\"6\">\n<li><strong> Droits de la Personne Concern\u00e9e<\/strong><\/li>\n<\/ol>\n<p>Le R\u00e8glement europ\u00e9en 2016\/679, en combinaison avec la loi grecque 4624\/2019, garantit les droits relatifs \u00e0 la protection des donn\u00e9es personnelles des personnes concern\u00e9es.<\/p>\n<ul>\n<li><u>Droit \u00e0 l\u2019Information (art. 12, 13, 14) :<\/u> La personne concern\u00e9e a le droit d\u2019\u00eatre inform\u00e9e sur les donn\u00e9es personnelles collect\u00e9es et trait\u00e9es, ainsi que sur les destinataires et les sous-traitants. L\u2019information doit \u00eatre claire et compr\u00e9hensible.<\/li>\n<li><u>Droit d\u2019Acc\u00e8s (art. 12, 15)<\/u> : La personne concern\u00e9e a droit \u00e0 une information compl\u00e8te et d\u00e9taill\u00e9e, \u00e0 la confirmation du traitement, et \u00e0 la divulgation des proc\u00e9dures relatives \u00e0 l\u2019exercice de ses droits.<\/li>\n<li><u>Droit de Rectification (art. 5 \u00a71, 16, 17)<\/u> : Le client peut demander la rectification dans un d\u00e9lai raisonnable des donn\u00e9es inexactes fournies, ainsi que le compl\u00e9ment de donn\u00e9es manquantes si n\u00e9cessaire.<\/li>\n<li><u>Droit \u00e0 l\u2019Effacement (\u00ab Droit \u00e0 l\u2019Oubli \u00bb) (art. 5 \u00a71, 16, 17)<\/u> : Dans le cadre du d\u00e9veloppement libre de sa personnalit\u00e9, la personne concern\u00e9e peut demander la suppression de ses donn\u00e9es sans devoir invoquer un pr\u00e9judice, sauf s\u2019il existe une raison juridique pr\u00e9pond\u00e9rante de les conserver.<\/li>\n<li><u>Droit \u00e0 la Limitation du Traitement (art. 4 \u00a73, 12, 18, 19)<\/u> : La personne concern\u00e9e peut demander la limitation du traitement si elle consid\u00e8re qu\u2019il n\u2019y a plus de motif l\u00e9gitime \u00e0 poursuivre le traitement ou si elle a une objection. Le responsable doit informer les destinataires des donn\u00e9es.<\/li>\n<li><u>Droit \u00e0 la Portabilit\u00e9 des Donn\u00e9es (art. 20)<\/u> : Le client peut demander que ses donn\u00e9es personnelles soient transmises \u00e0 un autre responsable du traitement.<\/li>\n<li><u>Droit d\u2019Opposition (art. 21) :<\/u> La personne concern\u00e9e peut s\u2019opposer au traitement de ses donn\u00e9es, sauf si celui-ci est n\u00e9cessaire pour l\u2019ex\u00e9cution d\u2019une mission d\u2019int\u00e9r\u00eat public ; dans ce cas, tout traitement ult\u00e9rieur est interdit sous peine d\u2019amende.<\/li>\n<\/ul>\n<p>Notre entreprise r\u00e9pond \u00e0 vos demandes sans retard injustifi\u00e9 et dans un d\u00e9lai d\u2019un mois \u00e0 compter de leur r\u00e9ception, sauf circonstances exceptionnelles dans lesquelles ce d\u00e9lai peut \u00eatre prolong\u00e9 de deux mois suppl\u00e9mentaires si cela s\u2019av\u00e8re n\u00e9cessaire en raison de la complexit\u00e9 ou du volume des demandes. Dans ce cas, la soci\u00e9t\u00e9 vous informe de la prolongation et des raisons du retard dans un d\u00e9lai d\u2019un mois \u00e0 compter de la r\u00e9ception de la demande.<\/p>\n<p>Nous nous r\u00e9servons le droit de refuser des demandes qui sont de nature r\u00e9p\u00e9titive et injustifi\u00e9e, n\u00e9cessitent des efforts techniques disproportionn\u00e9s, entra\u00eenent des cons\u00e9quences techniques excessives, mettent en danger la vie priv\u00e9e d\u2019autrui ou sont impossibles \u00e0 ex\u00e9cuter.<\/p>\n<p>Si votre demande ne peut \u00eatre satisfaite, la soci\u00e9t\u00e9 vous en informe sans d\u00e9lai, au plus tard dans un d\u00e9lai d\u2019un mois, en pr\u00e9cisant les raisons du refus et votre droit d\u2019introduire une r\u00e9clamation aupr\u00e8s de l\u2019Autorit\u00e9 hell\u00e9nique de protection des donn\u00e9es ainsi que votre droit de saisir les autorit\u00e9s judiciaires comp\u00e9tentes.<\/p>\n<p>Si vous souhaitez d\u00e9poser une plainte concernant la mani\u00e8re dont nous traitons vos donn\u00e9es personnelles, vous pouvez contacter le Responsable du traitement par e-mail \u00e0 argy@alf.gr ou par courrier \u00e0 l\u2019adresse suivante : 10A rue Dodekanisou, 54626 Thessalonique, Gr\u00e8ce. Si vous estimez que vos donn\u00e9es n\u2019ont pas \u00e9t\u00e9 trait\u00e9es conform\u00e9ment \u00e0 la loi, vous pouvez contacter l\u2019Autorit\u00e9 hell\u00e9nique de protection des donn\u00e9es pour d\u00e9poser une plainte.<\/p>\n<p>[Derni\u00e8re mise \u00e0 jour : 25.07.2025]<\/p>\n","protected":false},"excerpt":{"rendered":"&nbsp; Politique de protection des donn\u00e9es personnelles &nbsp; LE CABINET D'AVOCATS ARGYRIADIS accorde une importance particuli\u00e8re \u00e0 la protection des donn\u00e9es personnelles et \u00e0 la pr\u00e9servation de la vie priv\u00e9e de ses clients ainsi que de toute autre personne entrant en contact ou collaborant avec nous, en s'engageant \u00e0 une confidentialit\u00e9 totale concernant les donn\u00e9es\u2026","protected":false},"author":1,"featured_media":-1,"parent":0,"menu_order":0,"comment_status":"closed","ping_status":"closed","template":"","meta":{"_acf_changed":false,"content-type":"","_monsterinsights_skip_tracking":false,"_monsterinsights_sitenote_active":false,"_monsterinsights_sitenote_note":"","_monsterinsights_sitenote_category":0,"footnotes":""},"class_list":["post-46007","page","type-page","status-publish","has-post-thumbnail","hentry"],"acf":[],"yoast_head":"<!-- This site is optimized with the Yoast SEO plugin v26.3 - https:\/\/yoast.com\/wordpress\/plugins\/seo\/ -->\n<title>POLITIQUE DE CONFIDENTIALITE - Argyriadis and Associates Law Firm~ \u0398\u03b5\u03c3\u03c3\u03b1\u03bb\u03bf\u03bd\u03af\u03ba\u03b7 - \u0391\u03b8\u03ae\u03bd\u03b1- \u039a\u03c1\u03ae\u03c4\u03b7<\/title>\n<meta name=\"robots\" content=\"index, follow, max-snippet:-1, max-image-preview:large, max-video-preview:-1\" \/>\n<link rel=\"canonical\" href=\"https:\/\/www.alf.gr\/fr\/politique-de-confidentialite\/\" \/>\n<meta property=\"og:locale\" content=\"fr_FR\" \/>\n<meta property=\"og:type\" content=\"article\" \/>\n<meta property=\"og:title\" content=\"POLITIQUE DE CONFIDENTIALITE - Argyriadis and Associates Law Firm~ \u0398\u03b5\u03c3\u03c3\u03b1\u03bb\u03bf\u03bd\u03af\u03ba\u03b7 - \u0391\u03b8\u03ae\u03bd\u03b1- \u039a\u03c1\u03ae\u03c4\u03b7\" \/>\n<meta property=\"og:description\" content=\"&nbsp; Politique de protection des donn\u00e9es personnelles &nbsp; LE CABINET D&rsquo;AVOCATS ARGYRIADIS accorde une importance particuli\u00e8re \u00e0 la protection des donn\u00e9es personnelles et \u00e0 la pr\u00e9servation [\u2026]\" \/>\n<meta property=\"og:url\" content=\"https:\/\/www.alf.gr\/fr\/politique-de-confidentialite\/\" \/>\n<meta property=\"og:site_name\" content=\"Argyriadis and Associates Law Firm~ \u0398\u03b5\u03c3\u03c3\u03b1\u03bb\u03bf\u03bd\u03af\u03ba\u03b7 - \u0391\u03b8\u03ae\u03bd\u03b1- \u039a\u03c1\u03ae\u03c4\u03b7\" \/>\n<meta property=\"article:publisher\" content=\"https:\/\/www.facebook.com\/argiriadislaw\" \/>\n<meta property=\"article:modified_time\" content=\"2025-08-18T10:59:48+00:00\" \/>\n<meta name=\"twitter:card\" content=\"summary_large_image\" \/>\n<meta name=\"twitter:site\" content=\"@argiriadislaw\" \/>\n<meta name=\"twitter:label1\" content=\"Dur\u00e9e de lecture estim\u00e9e\" \/>\n\t<meta name=\"twitter:data1\" content=\"8 minutes\" \/>\n<script type=\"application\/ld+json\" class=\"yoast-schema-graph\">{\"@context\":\"https:\/\/schema.org\",\"@graph\":[{\"@type\":\"WebPage\",\"@id\":\"https:\/\/www.alf.gr\/fr\/politique-de-confidentialite\/\",\"url\":\"https:\/\/www.alf.gr\/fr\/politique-de-confidentialite\/\",\"name\":\"POLITIQUE DE CONFIDENTIALITE - Argyriadis and Associates Law Firm~ \u0398\u03b5\u03c3\u03c3\u03b1\u03bb\u03bf\u03bd\u03af\u03ba\u03b7 - \u0391\u03b8\u03ae\u03bd\u03b1- \u039a\u03c1\u03ae\u03c4\u03b7\",\"isPartOf\":{\"@id\":\"https:\/\/www.alf.gr\/fr\/#website\"},\"datePublished\":\"2018-12-24T02:22:45+00:00\",\"dateModified\":\"2025-08-18T10:59:48+00:00\",\"breadcrumb\":{\"@id\":\"https:\/\/www.alf.gr\/fr\/politique-de-confidentialite\/#breadcrumb\"},\"inLanguage\":\"fr-FR\",\"potentialAction\":[{\"@type\":\"ReadAction\",\"target\":[\"https:\/\/www.alf.gr\/fr\/politique-de-confidentialite\/\"]}]},{\"@type\":\"BreadcrumbList\",\"@id\":\"https:\/\/www.alf.gr\/fr\/politique-de-confidentialite\/#breadcrumb\",\"itemListElement\":[{\"@type\":\"ListItem\",\"position\":1,\"name\":\"Home\",\"item\":\"https:\/\/www.alf.gr\/fr\/\"},{\"@type\":\"ListItem\",\"position\":2,\"name\":\"POLITIQUE DE CONFIDENTIALITE\"}]},{\"@type\":\"WebSite\",\"@id\":\"https:\/\/www.alf.gr\/fr\/#website\",\"url\":\"https:\/\/www.alf.gr\/fr\/\",\"name\":\"Argyriadis and Associates Law Firm\",\"description\":\"\u0394\u03b9\u03ba\u03b7\u03b3\u03bf\u03c1\u03b9\u03ba\u03ae \u0395\u03c4\u03b1\u03b9\u03c1\u03b5\u03af\u03b1 - \u0394\u03b9\u03ba\u03b7\u03b3\u03cc\u03c1\u03bf\u03c2 - \u039d\u03bf\u03bc\u03b9\u03ba\u03ad\u03c2 \u03a5\u03c0\u03b7\u03c1\u03b5\u03c3\u03af\u03b5\u03c2\",\"publisher\":{\"@id\":\"https:\/\/www.alf.gr\/fr\/#organization\"},\"potentialAction\":[{\"@type\":\"SearchAction\",\"target\":{\"@type\":\"EntryPoint\",\"urlTemplate\":\"https:\/\/www.alf.gr\/fr\/?s={search_term_string}\"},\"query-input\":{\"@type\":\"PropertyValueSpecification\",\"valueRequired\":true,\"valueName\":\"search_term_string\"}}],\"inLanguage\":\"fr-FR\"},{\"@type\":\"Organization\",\"@id\":\"https:\/\/www.alf.gr\/fr\/#organization\",\"name\":\"Argyriadis Law Firm\",\"url\":\"https:\/\/www.alf.gr\/fr\/\",\"logo\":{\"@type\":\"ImageObject\",\"inLanguage\":\"fr-FR\",\"@id\":\"https:\/\/www.alf.gr\/fr\/#\/schema\/logo\/image\/\",\"url\":\"https:\/\/www.alf.gr\/wp-content\/uploads\/2020\/04\/argyriadis-lawyer.png\",\"contentUrl\":\"https:\/\/www.alf.gr\/wp-content\/uploads\/2020\/04\/argyriadis-lawyer.png\",\"width\":174,\"height\":150,\"caption\":\"Argyriadis Law Firm\"},\"image\":{\"@id\":\"https:\/\/www.alf.gr\/fr\/#\/schema\/logo\/image\/\"},\"sameAs\":[\"https:\/\/www.facebook.com\/argiriadislaw\",\"https:\/\/x.com\/argiriadislaw\"]}]}<\/script>\n<!-- \/ Yoast SEO plugin. -->","yoast_head_json":{"title":"POLITIQUE DE CONFIDENTIALITE - Argyriadis and Associates Law Firm~ \u0398\u03b5\u03c3\u03c3\u03b1\u03bb\u03bf\u03bd\u03af\u03ba\u03b7 - \u0391\u03b8\u03ae\u03bd\u03b1- \u039a\u03c1\u03ae\u03c4\u03b7","robots":{"index":"index","follow":"follow","max-snippet":"max-snippet:-1","max-image-preview":"max-image-preview:large","max-video-preview":"max-video-preview:-1"},"canonical":"https:\/\/www.alf.gr\/fr\/politique-de-confidentialite\/","og_locale":"fr_FR","og_type":"article","og_title":"POLITIQUE DE CONFIDENTIALITE - Argyriadis and Associates Law Firm~ \u0398\u03b5\u03c3\u03c3\u03b1\u03bb\u03bf\u03bd\u03af\u03ba\u03b7 - \u0391\u03b8\u03ae\u03bd\u03b1- \u039a\u03c1\u03ae\u03c4\u03b7","og_description":"&nbsp; Politique de protection des donn\u00e9es personnelles &nbsp; LE CABINET D&rsquo;AVOCATS ARGYRIADIS accorde une importance particuli\u00e8re \u00e0 la protection des donn\u00e9es personnelles et \u00e0 la pr\u00e9servation [\u2026]","og_url":"https:\/\/www.alf.gr\/fr\/politique-de-confidentialite\/","og_site_name":"Argyriadis and Associates Law Firm~ \u0398\u03b5\u03c3\u03c3\u03b1\u03bb\u03bf\u03bd\u03af\u03ba\u03b7 - \u0391\u03b8\u03ae\u03bd\u03b1- \u039a\u03c1\u03ae\u03c4\u03b7","article_publisher":"https:\/\/www.facebook.com\/argiriadislaw","article_modified_time":"2025-08-18T10:59:48+00:00","twitter_card":"summary_large_image","twitter_site":"@argiriadislaw","twitter_misc":{"Dur\u00e9e de lecture estim\u00e9e":"8 minutes"},"schema":{"@context":"https:\/\/schema.org","@graph":[{"@type":"WebPage","@id":"https:\/\/www.alf.gr\/fr\/politique-de-confidentialite\/","url":"https:\/\/www.alf.gr\/fr\/politique-de-confidentialite\/","name":"POLITIQUE DE CONFIDENTIALITE - Argyriadis and Associates Law Firm~ \u0398\u03b5\u03c3\u03c3\u03b1\u03bb\u03bf\u03bd\u03af\u03ba\u03b7 - \u0391\u03b8\u03ae\u03bd\u03b1- \u039a\u03c1\u03ae\u03c4\u03b7","isPartOf":{"@id":"https:\/\/www.alf.gr\/fr\/#website"},"datePublished":"2018-12-24T02:22:45+00:00","dateModified":"2025-08-18T10:59:48+00:00","breadcrumb":{"@id":"https:\/\/www.alf.gr\/fr\/politique-de-confidentialite\/#breadcrumb"},"inLanguage":"fr-FR","potentialAction":[{"@type":"ReadAction","target":["https:\/\/www.alf.gr\/fr\/politique-de-confidentialite\/"]}]},{"@type":"BreadcrumbList","@id":"https:\/\/www.alf.gr\/fr\/politique-de-confidentialite\/#breadcrumb","itemListElement":[{"@type":"ListItem","position":1,"name":"Home","item":"https:\/\/www.alf.gr\/fr\/"},{"@type":"ListItem","position":2,"name":"POLITIQUE DE CONFIDENTIALITE"}]},{"@type":"WebSite","@id":"https:\/\/www.alf.gr\/fr\/#website","url":"https:\/\/www.alf.gr\/fr\/","name":"Argyriadis and Associates Law Firm","description":"\u0394\u03b9\u03ba\u03b7\u03b3\u03bf\u03c1\u03b9\u03ba\u03ae \u0395\u03c4\u03b1\u03b9\u03c1\u03b5\u03af\u03b1 - \u0394\u03b9\u03ba\u03b7\u03b3\u03cc\u03c1\u03bf\u03c2 - \u039d\u03bf\u03bc\u03b9\u03ba\u03ad\u03c2 \u03a5\u03c0\u03b7\u03c1\u03b5\u03c3\u03af\u03b5\u03c2","publisher":{"@id":"https:\/\/www.alf.gr\/fr\/#organization"},"potentialAction":[{"@type":"SearchAction","target":{"@type":"EntryPoint","urlTemplate":"https:\/\/www.alf.gr\/fr\/?s={search_term_string}"},"query-input":{"@type":"PropertyValueSpecification","valueRequired":true,"valueName":"search_term_string"}}],"inLanguage":"fr-FR"},{"@type":"Organization","@id":"https:\/\/www.alf.gr\/fr\/#organization","name":"Argyriadis Law Firm","url":"https:\/\/www.alf.gr\/fr\/","logo":{"@type":"ImageObject","inLanguage":"fr-FR","@id":"https:\/\/www.alf.gr\/fr\/#\/schema\/logo\/image\/","url":"https:\/\/www.alf.gr\/wp-content\/uploads\/2020\/04\/argyriadis-lawyer.png","contentUrl":"https:\/\/www.alf.gr\/wp-content\/uploads\/2020\/04\/argyriadis-lawyer.png","width":174,"height":150,"caption":"Argyriadis Law Firm"},"image":{"@id":"https:\/\/www.alf.gr\/fr\/#\/schema\/logo\/image\/"},"sameAs":["https:\/\/www.facebook.com\/argiriadislaw","https:\/\/x.com\/argiriadislaw"]}]}},"_links":{"self":[{"href":"https:\/\/www.alf.gr\/fr\/wp-json\/wp\/v2\/pages\/46007","targetHints":{"allow":["GET"]}}],"collection":[{"href":"https:\/\/www.alf.gr\/fr\/wp-json\/wp\/v2\/pages"}],"about":[{"href":"https:\/\/www.alf.gr\/fr\/wp-json\/wp\/v2\/types\/page"}],"author":[{"embeddable":true,"href":"https:\/\/www.alf.gr\/fr\/wp-json\/wp\/v2\/users\/1"}],"replies":[{"embeddable":true,"href":"https:\/\/www.alf.gr\/fr\/wp-json\/wp\/v2\/comments?post=46007"}],"version-history":[{"count":3,"href":"https:\/\/www.alf.gr\/fr\/wp-json\/wp\/v2\/pages\/46007\/revisions"}],"predecessor-version":[{"id":83612,"href":"https:\/\/www.alf.gr\/fr\/wp-json\/wp\/v2\/pages\/46007\/revisions\/83612"}],"wp:featuredmedia":[{"embeddable":true,"href":"https:\/\/www.alf.gr\/fr\/wp-json\/"}],"wp:attachment":[{"href":"https:\/\/www.alf.gr\/fr\/wp-json\/wp\/v2\/media?parent=46007"}],"curies":[{"name":"wp","href":"https:\/\/api.w.org\/{rel}","templated":true}]}}