{"id":44554,"date":"2018-04-13T16:23:58","date_gmt":"2018-04-13T16:23:58","guid":{"rendered":"https:\/\/www.alf.gr\/domaines-dactivite\/agora-akiniton-stin-ellada-apo-polites-ektos-evropaikis-enosis\/"},"modified":"2021-07-26T12:44:36","modified_gmt":"2021-07-26T12:44:36","slug":"transfert-de-residence-fiscale-et-taxe-speciale-residents-non-dom","status":"publish","type":"page","link":"https:\/\/www.alf.gr\/fr\/domaines-dactivite\/transfert-de-residence-fiscale-et-taxe-speciale-residents-non-dom\/","title":{"rendered":"Transfert de r\u00e9sidence fiscale et taxe sp\u00e9ciale r\u00e9sidents (non dom)"},"content":{"rendered":"<div class=\"wpb-content-wrapper\"><h3>[vc_row css=\u00a0\u00bb.vc_custom_1523636629004{margin-top: 80px !important;}\u00a0\u00bb][vc_column width=\u00a0\u00bb5\/6&Prime; offset=\u00a0\u00bbvc_col-lg-offset-1&Prime;][vc_custom_heading text=\u00a0\u00bbTransfert de r\u00e9sidence fiscale et r\u00e9sidents non-dom.\u00a0\u00bb font_container=\u00a0\u00bbtag:h2|font_size:20px|text_align:center|line_height:24px\u00a0\u00bb use_theme_fonts=\u00a0\u00bbyes\u00a0\u00bb][vc_separator color=\u00a0\u00bbcustom\u00a0\u00bb el_width=\u00a0\u00bb10&Prime; accent_color=\u00a0\u00bb#c29765&Prime;][vc_column_text]Dans le cadre du renforcement et du d\u00e9veloppement \u00e9conomique du maintien de la coh\u00e9sion \u00e9conomique et sociale, la notion de r\u00e9sident fiscal sp\u00e9cial a \u00e9t\u00e9 introduite dans notre loi fiscale 4646\/2019. Le but de ces accords est d&rsquo;introduire un taux d&rsquo;imposition sp\u00e9cial pour les r\u00e9sidents \u00e9trangers, ce qui incitera les investisseurs \u00e9trangers \u00e0 transf\u00e9rer leur r\u00e9sidence fiscale dans notre pays.<\/h3>\n<h3>L&rsquo;\u00e9tablissement r\u00e9sident s&rsquo;applique aux r\u00e9sidents \u00e0 l&rsquo;\u00e9tranger qui, pour des raisons d&rsquo;int\u00e9r\u00eat \u00e9conomique, souhaitent transf\u00e9rer leur r\u00e9sidence fiscale en Gr\u00e8ce, \u00e9puisant ainsi toutes leurs obligations fiscales sur les revenus \u00e9trangers. Pour appliquer ce mode d&rsquo;imposition avantageux et alternatif, il est n\u00e9cessaire dans l&rsquo;ensemble de supporter un certain nombre de conditions de base, clairement \u00e9nonc\u00e9es dans la loi. Il suit notamment :<br \/>\n1) Le contribuable n&rsquo;\u00e9tait pas un r\u00e9sident fiscal de la Gr\u00e8ce au cours des sept (7) des huit (8) ann\u00e9es pr\u00e9c\u00e9dant le transfert de son r\u00e9sident fiscal en Gr\u00e8ce<br \/>\n2) D\u00e9montrer que lui ou ses proches investissent au moins 500 000 EUR dans des biens immobiliers ou commerciaux ou des titres ou actions ou actions ou personnes morales \u00e9tablies en Gr\u00e8ce, qu&rsquo;il s&rsquo;agisse de lui ou de ses proches (c&rsquo;est-\u00e0-dire son conjoint et ses descendants en amont) ou le entit\u00e9 dont il d\u00e9tient la majorit\u00e9 des actions. Apr\u00e8s avoir \u00e9t\u00e9 affili\u00e9 \u00e0 ce r\u00e9gime, et pour une dur\u00e9e maximale de quinze (15)<br \/>\nann\u00e9es d&rsquo;imposition, une personne physique paiera un imp\u00f4t forfaitaire de 100 000 EUR (100 000) pour chaque ann\u00e9e d&rsquo;imposition, quel que soit le montant des revenus per\u00e7us \u00e0 l&rsquo;\u00e9tranger. L&rsquo;investissement \u00e0 r\u00e9aliser par la personne concern\u00e9e doit \u00eatre r\u00e9alis\u00e9 dans un d\u00e9lai de trois (3) ans \u00e0 compter de la date de sa demande.<br \/>\nDemande de transfert d&rsquo;un r\u00e9sident fiscal selon un mode alternatif d&rsquo;imposition du revenu, provenant de l&rsquo;\u00e9tranger conform\u00e9ment \u00e0 la loi 4646\/2019, est d\u00e9pos\u00e9 aupr\u00e8s du bureau des imp\u00f4ts d&rsquo;une personne physique au plus tard le 31 mars de l&rsquo;ann\u00e9e d&rsquo;imposition concern\u00e9e. En cons\u00e9quence, le service administratif comp\u00e9tent (Overseas Tax Office et Fiscalit\u00e9 alternative pour les r\u00e9sidents nationaux) doit r\u00e9pondre \u00e0 la question dans les soixante (60) jours \u00e0 compter de la date de sa soumission. Si la demande est accept\u00e9e en tant que r\u00e9sident non dom, il est d\u00e9sormais soumis au m\u00eame r\u00e9gime fiscal que les citoyens grecs, mais doit s&rsquo;acquitter d&rsquo;un imp\u00f4t annuel forfaitaire de cent mille euros (100 000 euros).<br \/>\nCe versement \u00e9puisera son assujettissement \u00e0 l&rsquo;imp\u00f4t sur tous les revenus \u00e9trangers, quel que soit le montant des revenus per\u00e7us, et il existe \u00e9galement une exon\u00e9ration des droits de succession et des donations sur les biens situ\u00e9s \u00e0 l&rsquo;\u00e9tranger. En effet, il est impos\u00e9 sur les revenus per\u00e7us dans l&rsquo;Etat grec, alors que pour les revenus \u00e9trangers il suffit de payer la somme de 100 000 euros, ce qui entra\u00eene son exon\u00e9ration fiscale. Il est pr\u00e9cis\u00e9 qu&rsquo;au cours de la premi\u00e8re ann\u00e9e d&rsquo;inscription de la loi pr\u00e9cit\u00e9e, une personne physique doit s&rsquo;acquitter d&rsquo;une somme forfaitaire d&rsquo;imp\u00f4t dans les trente (30) jours \u00e0 compter de l&rsquo;autorisation de sa candidature. Le non-paiement de l&rsquo;int\u00e9gralit\u00e9 de l&rsquo;imp\u00f4t forfaitaire ou la non-r\u00e9alisation de l&rsquo;investissement entra\u00eenera la suppression du r\u00e9gime sp\u00e9cial et cette personne est impos\u00e9e sur son revenu universel conform\u00e9ment aux dispositions g\u00e9n\u00e9rales de l&rsquo;ann\u00e9e d&rsquo;imposition. Il est \u00e0 noter que les montants forfaitaires d\u00e9j\u00e0 pay\u00e9s ne sont pas remboursables. De plus, un particulier peut demander une extrapolation de ce m\u00e9canisme pour les membres de la famille des personnes \u00e0 charge en payant un montant suppl\u00e9mentaire de 20 000 \u20ac. Cette taxe est pay\u00e9e chaque ann\u00e9e en un seul versement et cette mesure expire apr\u00e8s quinze (15) ans sans possibilit\u00e9 de renouvellement.<\/h3>\n<h3>[\/vc_column_text][\/vc_column][\/vc_row]<\/h3>\n<\/div>","protected":false},"excerpt":{"rendered":"[vc_row css=\".vc_custom_1523636629004{margin-top: 80px !important;}\"][vc_column width=\"5\/6\" offset=\"vc_col-lg-offset-1\"][vc_custom_heading text=\"Transfert de r\u00e9sidence fiscale et r\u00e9sidents non-dom.\" font_container=\"tag:h2|font_size:20px|text_align:center|line_height:24px\" use_theme_fonts=\"yes\"][vc_separator color=\"custom\" el_width=\"10\" accent_color=\"#c29765\"][vc_column_text]Dans le cadre du renforcement et du d\u00e9veloppement \u00e9conomique du maintien de la coh\u00e9sion \u00e9conomique et sociale, la notion de r\u00e9sident fiscal sp\u00e9cial a \u00e9t\u00e9 introduite dans notre loi fiscale 4646\/2019. Le but de ces accords est d'introduire\u2026","protected":false},"author":1,"featured_media":0,"parent":44528,"menu_order":0,"comment_status":"closed","ping_status":"closed","template":"","meta":{"_acf_changed":false,"content-type":"","_monsterinsights_skip_tracking":false,"_monsterinsights_sitenote_active":false,"_monsterinsights_sitenote_note":"","_monsterinsights_sitenote_category":0,"footnotes":""},"class_list":["post-44554","page","type-page","status-publish","hentry"],"acf":[],"yoast_head":"<!-- This site is optimized with the Yoast SEO plugin v26.3 - https:\/\/yoast.com\/wordpress\/plugins\/seo\/ -->\n<title>Transfert de r\u00e9sidence fiscale et taxe sp\u00e9ciale r\u00e9sidents (non dom) - Argyriadis and Associates Law Firm~ \u0398\u03b5\u03c3\u03c3\u03b1\u03bb\u03bf\u03bd\u03af\u03ba\u03b7 - \u0391\u03b8\u03ae\u03bd\u03b1- \u039a\u03c1\u03ae\u03c4\u03b7<\/title>\n<meta name=\"robots\" content=\"index, follow, max-snippet:-1, max-image-preview:large, max-video-preview:-1\" \/>\n<link rel=\"canonical\" href=\"https:\/\/www.alf.gr\/fr\/domaines-dactivite\/transfert-de-residence-fiscale-et-taxe-speciale-residents-non-dom\/\" \/>\n<meta property=\"og:locale\" content=\"fr_FR\" \/>\n<meta property=\"og:type\" content=\"article\" \/>\n<meta property=\"og:title\" content=\"Transfert de r\u00e9sidence fiscale et taxe sp\u00e9ciale r\u00e9sidents (non dom) - Argyriadis and Associates Law Firm~ \u0398\u03b5\u03c3\u03c3\u03b1\u03bb\u03bf\u03bd\u03af\u03ba\u03b7 - \u0391\u03b8\u03ae\u03bd\u03b1- \u039a\u03c1\u03ae\u03c4\u03b7\" \/>\n<meta property=\"og:description\" content=\"[vc_row css=\u00a0\u00bb.vc_custom_1523636629004{margin-top: 80px !important;}\u00a0\u00bb][vc_column width=\u00a0\u00bb5\/6&Prime; offset=\u00a0\u00bbvc_col-lg-offset-1&Prime;][vc_custom_heading text=\u00a0\u00bbTransfert de r\u00e9sidence fiscale et r\u00e9sidents non-dom.\u00a0\u00bb font_container=\u00a0\u00bbtag:h2|font_size:20px|text_align:center|line_height:24px\u00a0\u00bb use_theme_fonts=\u00a0\u00bbyes\u00a0\u00bb][vc_separator color=\u00a0\u00bbcustom\u00a0\u00bb el_width=\u00a0\u00bb10&Prime; accent_color=\u00a0\u00bb#c29765&Prime;][vc_column_text]Dans le cadre du renforcement et du d\u00e9veloppement \u00e9conomique [\u2026]\" \/>\n<meta property=\"og:url\" content=\"https:\/\/www.alf.gr\/fr\/domaines-dactivite\/transfert-de-residence-fiscale-et-taxe-speciale-residents-non-dom\/\" \/>\n<meta property=\"og:site_name\" content=\"Argyriadis and Associates Law Firm~ \u0398\u03b5\u03c3\u03c3\u03b1\u03bb\u03bf\u03bd\u03af\u03ba\u03b7 - \u0391\u03b8\u03ae\u03bd\u03b1- \u039a\u03c1\u03ae\u03c4\u03b7\" \/>\n<meta property=\"article:publisher\" content=\"https:\/\/www.facebook.com\/argiriadislaw\" \/>\n<meta property=\"article:modified_time\" content=\"2021-07-26T12:44:36+00:00\" \/>\n<meta name=\"twitter:card\" content=\"summary_large_image\" \/>\n<meta name=\"twitter:site\" content=\"@argiriadislaw\" \/>\n<meta name=\"twitter:label1\" content=\"Dur\u00e9e de lecture estim\u00e9e\" \/>\n\t<meta name=\"twitter:data1\" content=\"3 minutes\" \/>\n<script type=\"application\/ld+json\" class=\"yoast-schema-graph\">{\"@context\":\"https:\/\/schema.org\",\"@graph\":[{\"@type\":\"WebPage\",\"@id\":\"https:\/\/www.alf.gr\/fr\/domaines-dactivite\/transfert-de-residence-fiscale-et-taxe-speciale-residents-non-dom\/\",\"url\":\"https:\/\/www.alf.gr\/fr\/domaines-dactivite\/transfert-de-residence-fiscale-et-taxe-speciale-residents-non-dom\/\",\"name\":\"Transfert de r\u00e9sidence fiscale et taxe sp\u00e9ciale r\u00e9sidents (non dom) - Argyriadis and Associates Law Firm~ \u0398\u03b5\u03c3\u03c3\u03b1\u03bb\u03bf\u03bd\u03af\u03ba\u03b7 - \u0391\u03b8\u03ae\u03bd\u03b1- \u039a\u03c1\u03ae\u03c4\u03b7\",\"isPartOf\":{\"@id\":\"https:\/\/www.alf.gr\/fr\/#website\"},\"datePublished\":\"2018-04-13T16:23:58+00:00\",\"dateModified\":\"2021-07-26T12:44:36+00:00\",\"breadcrumb\":{\"@id\":\"https:\/\/www.alf.gr\/fr\/domaines-dactivite\/transfert-de-residence-fiscale-et-taxe-speciale-residents-non-dom\/#breadcrumb\"},\"inLanguage\":\"fr-FR\",\"potentialAction\":[{\"@type\":\"ReadAction\",\"target\":[\"https:\/\/www.alf.gr\/fr\/domaines-dactivite\/transfert-de-residence-fiscale-et-taxe-speciale-residents-non-dom\/\"]}]},{\"@type\":\"BreadcrumbList\",\"@id\":\"https:\/\/www.alf.gr\/fr\/domaines-dactivite\/transfert-de-residence-fiscale-et-taxe-speciale-residents-non-dom\/#breadcrumb\",\"itemListElement\":[{\"@type\":\"ListItem\",\"position\":1,\"name\":\"Home\",\"item\":\"https:\/\/www.alf.gr\/fr\/\"},{\"@type\":\"ListItem\",\"position\":2,\"name\":\"DOMAINES D\u2019ACTIVITE\",\"item\":\"https:\/\/www.alf.gr\/fr\/domaines-dactivite\/\"},{\"@type\":\"ListItem\",\"position\":3,\"name\":\"Transfert de r\u00e9sidence fiscale et taxe sp\u00e9ciale r\u00e9sidents (non dom)\"}]},{\"@type\":\"WebSite\",\"@id\":\"https:\/\/www.alf.gr\/fr\/#website\",\"url\":\"https:\/\/www.alf.gr\/fr\/\",\"name\":\"Argyriadis and Associates Law Firm\",\"description\":\"\u0394\u03b9\u03ba\u03b7\u03b3\u03bf\u03c1\u03b9\u03ba\u03ae \u0395\u03c4\u03b1\u03b9\u03c1\u03b5\u03af\u03b1 - \u0394\u03b9\u03ba\u03b7\u03b3\u03cc\u03c1\u03bf\u03c2 - \u039d\u03bf\u03bc\u03b9\u03ba\u03ad\u03c2 \u03a5\u03c0\u03b7\u03c1\u03b5\u03c3\u03af\u03b5\u03c2\",\"publisher\":{\"@id\":\"https:\/\/www.alf.gr\/fr\/#organization\"},\"potentialAction\":[{\"@type\":\"SearchAction\",\"target\":{\"@type\":\"EntryPoint\",\"urlTemplate\":\"https:\/\/www.alf.gr\/fr\/?s={search_term_string}\"},\"query-input\":{\"@type\":\"PropertyValueSpecification\",\"valueRequired\":true,\"valueName\":\"search_term_string\"}}],\"inLanguage\":\"fr-FR\"},{\"@type\":\"Organization\",\"@id\":\"https:\/\/www.alf.gr\/fr\/#organization\",\"name\":\"Argyriadis Law Firm\",\"url\":\"https:\/\/www.alf.gr\/fr\/\",\"logo\":{\"@type\":\"ImageObject\",\"inLanguage\":\"fr-FR\",\"@id\":\"https:\/\/www.alf.gr\/fr\/#\/schema\/logo\/image\/\",\"url\":\"https:\/\/www.alf.gr\/wp-content\/uploads\/2020\/04\/argyriadis-lawyer.png\",\"contentUrl\":\"https:\/\/www.alf.gr\/wp-content\/uploads\/2020\/04\/argyriadis-lawyer.png\",\"width\":174,\"height\":150,\"caption\":\"Argyriadis Law Firm\"},\"image\":{\"@id\":\"https:\/\/www.alf.gr\/fr\/#\/schema\/logo\/image\/\"},\"sameAs\":[\"https:\/\/www.facebook.com\/argiriadislaw\",\"https:\/\/x.com\/argiriadislaw\"]}]}<\/script>\n<!-- \/ Yoast SEO plugin. -->","yoast_head_json":{"title":"Transfert de r\u00e9sidence fiscale et taxe sp\u00e9ciale r\u00e9sidents (non dom) - Argyriadis and Associates Law Firm~ \u0398\u03b5\u03c3\u03c3\u03b1\u03bb\u03bf\u03bd\u03af\u03ba\u03b7 - \u0391\u03b8\u03ae\u03bd\u03b1- \u039a\u03c1\u03ae\u03c4\u03b7","robots":{"index":"index","follow":"follow","max-snippet":"max-snippet:-1","max-image-preview":"max-image-preview:large","max-video-preview":"max-video-preview:-1"},"canonical":"https:\/\/www.alf.gr\/fr\/domaines-dactivite\/transfert-de-residence-fiscale-et-taxe-speciale-residents-non-dom\/","og_locale":"fr_FR","og_type":"article","og_title":"Transfert de r\u00e9sidence fiscale et taxe sp\u00e9ciale r\u00e9sidents (non dom) - Argyriadis and Associates Law Firm~ \u0398\u03b5\u03c3\u03c3\u03b1\u03bb\u03bf\u03bd\u03af\u03ba\u03b7 - \u0391\u03b8\u03ae\u03bd\u03b1- \u039a\u03c1\u03ae\u03c4\u03b7","og_description":"[vc_row css=\u00a0\u00bb.vc_custom_1523636629004{margin-top: 80px !important;}\u00a0\u00bb][vc_column width=\u00a0\u00bb5\/6&Prime; offset=\u00a0\u00bbvc_col-lg-offset-1&Prime;][vc_custom_heading text=\u00a0\u00bbTransfert de r\u00e9sidence fiscale et r\u00e9sidents non-dom.\u00a0\u00bb font_container=\u00a0\u00bbtag:h2|font_size:20px|text_align:center|line_height:24px\u00a0\u00bb use_theme_fonts=\u00a0\u00bbyes\u00a0\u00bb][vc_separator color=\u00a0\u00bbcustom\u00a0\u00bb el_width=\u00a0\u00bb10&Prime; accent_color=\u00a0\u00bb#c29765&Prime;][vc_column_text]Dans le cadre du renforcement et du d\u00e9veloppement \u00e9conomique [\u2026]","og_url":"https:\/\/www.alf.gr\/fr\/domaines-dactivite\/transfert-de-residence-fiscale-et-taxe-speciale-residents-non-dom\/","og_site_name":"Argyriadis and Associates Law Firm~ \u0398\u03b5\u03c3\u03c3\u03b1\u03bb\u03bf\u03bd\u03af\u03ba\u03b7 - \u0391\u03b8\u03ae\u03bd\u03b1- \u039a\u03c1\u03ae\u03c4\u03b7","article_publisher":"https:\/\/www.facebook.com\/argiriadislaw","article_modified_time":"2021-07-26T12:44:36+00:00","twitter_card":"summary_large_image","twitter_site":"@argiriadislaw","twitter_misc":{"Dur\u00e9e de lecture estim\u00e9e":"3 minutes"},"schema":{"@context":"https:\/\/schema.org","@graph":[{"@type":"WebPage","@id":"https:\/\/www.alf.gr\/fr\/domaines-dactivite\/transfert-de-residence-fiscale-et-taxe-speciale-residents-non-dom\/","url":"https:\/\/www.alf.gr\/fr\/domaines-dactivite\/transfert-de-residence-fiscale-et-taxe-speciale-residents-non-dom\/","name":"Transfert de r\u00e9sidence fiscale et taxe sp\u00e9ciale r\u00e9sidents (non dom) - Argyriadis and Associates Law Firm~ \u0398\u03b5\u03c3\u03c3\u03b1\u03bb\u03bf\u03bd\u03af\u03ba\u03b7 - \u0391\u03b8\u03ae\u03bd\u03b1- \u039a\u03c1\u03ae\u03c4\u03b7","isPartOf":{"@id":"https:\/\/www.alf.gr\/fr\/#website"},"datePublished":"2018-04-13T16:23:58+00:00","dateModified":"2021-07-26T12:44:36+00:00","breadcrumb":{"@id":"https:\/\/www.alf.gr\/fr\/domaines-dactivite\/transfert-de-residence-fiscale-et-taxe-speciale-residents-non-dom\/#breadcrumb"},"inLanguage":"fr-FR","potentialAction":[{"@type":"ReadAction","target":["https:\/\/www.alf.gr\/fr\/domaines-dactivite\/transfert-de-residence-fiscale-et-taxe-speciale-residents-non-dom\/"]}]},{"@type":"BreadcrumbList","@id":"https:\/\/www.alf.gr\/fr\/domaines-dactivite\/transfert-de-residence-fiscale-et-taxe-speciale-residents-non-dom\/#breadcrumb","itemListElement":[{"@type":"ListItem","position":1,"name":"Home","item":"https:\/\/www.alf.gr\/fr\/"},{"@type":"ListItem","position":2,"name":"DOMAINES D\u2019ACTIVITE","item":"https:\/\/www.alf.gr\/fr\/domaines-dactivite\/"},{"@type":"ListItem","position":3,"name":"Transfert de r\u00e9sidence fiscale et taxe sp\u00e9ciale r\u00e9sidents (non dom)"}]},{"@type":"WebSite","@id":"https:\/\/www.alf.gr\/fr\/#website","url":"https:\/\/www.alf.gr\/fr\/","name":"Argyriadis and Associates Law Firm","description":"\u0394\u03b9\u03ba\u03b7\u03b3\u03bf\u03c1\u03b9\u03ba\u03ae \u0395\u03c4\u03b1\u03b9\u03c1\u03b5\u03af\u03b1 - \u0394\u03b9\u03ba\u03b7\u03b3\u03cc\u03c1\u03bf\u03c2 - \u039d\u03bf\u03bc\u03b9\u03ba\u03ad\u03c2 \u03a5\u03c0\u03b7\u03c1\u03b5\u03c3\u03af\u03b5\u03c2","publisher":{"@id":"https:\/\/www.alf.gr\/fr\/#organization"},"potentialAction":[{"@type":"SearchAction","target":{"@type":"EntryPoint","urlTemplate":"https:\/\/www.alf.gr\/fr\/?s={search_term_string}"},"query-input":{"@type":"PropertyValueSpecification","valueRequired":true,"valueName":"search_term_string"}}],"inLanguage":"fr-FR"},{"@type":"Organization","@id":"https:\/\/www.alf.gr\/fr\/#organization","name":"Argyriadis Law Firm","url":"https:\/\/www.alf.gr\/fr\/","logo":{"@type":"ImageObject","inLanguage":"fr-FR","@id":"https:\/\/www.alf.gr\/fr\/#\/schema\/logo\/image\/","url":"https:\/\/www.alf.gr\/wp-content\/uploads\/2020\/04\/argyriadis-lawyer.png","contentUrl":"https:\/\/www.alf.gr\/wp-content\/uploads\/2020\/04\/argyriadis-lawyer.png","width":174,"height":150,"caption":"Argyriadis Law Firm"},"image":{"@id":"https:\/\/www.alf.gr\/fr\/#\/schema\/logo\/image\/"},"sameAs":["https:\/\/www.facebook.com\/argiriadislaw","https:\/\/x.com\/argiriadislaw"]}]}},"_links":{"self":[{"href":"https:\/\/www.alf.gr\/fr\/wp-json\/wp\/v2\/pages\/44554","targetHints":{"allow":["GET"]}}],"collection":[{"href":"https:\/\/www.alf.gr\/fr\/wp-json\/wp\/v2\/pages"}],"about":[{"href":"https:\/\/www.alf.gr\/fr\/wp-json\/wp\/v2\/types\/page"}],"author":[{"embeddable":true,"href":"https:\/\/www.alf.gr\/fr\/wp-json\/wp\/v2\/users\/1"}],"replies":[{"embeddable":true,"href":"https:\/\/www.alf.gr\/fr\/wp-json\/wp\/v2\/comments?post=44554"}],"version-history":[{"count":5,"href":"https:\/\/www.alf.gr\/fr\/wp-json\/wp\/v2\/pages\/44554\/revisions"}],"predecessor-version":[{"id":72707,"href":"https:\/\/www.alf.gr\/fr\/wp-json\/wp\/v2\/pages\/44554\/revisions\/72707"}],"up":[{"embeddable":true,"href":"https:\/\/www.alf.gr\/fr\/wp-json\/wp\/v2\/pages\/44528"}],"wp:attachment":[{"href":"https:\/\/www.alf.gr\/fr\/wp-json\/wp\/v2\/media?parent=44554"}],"curies":[{"name":"wp","href":"https:\/\/api.w.org\/{rel}","templated":true}]}}