{"id":44553,"date":"2018-09-17T02:19:59","date_gmt":"2018-09-17T02:19:59","guid":{"rendered":"https:\/\/www.alf.gr\/domaines-dactivite\/golden-visa\/"},"modified":"2018-12-25T05:17:33","modified_gmt":"2018-12-25T05:17:33","slug":"la-visa-en-or","status":"publish","type":"page","link":"https:\/\/www.alf.gr\/fr\/domaines-dactivite\/la-visa-en-or\/","title":{"rendered":"La \u00ab Visa en Or \u00bb"},"content":{"rendered":"<div class=\"wpb-content-wrapper\"><p>[vc_row css=\u00a0\u00bb.vc_custom_1523636539655{margin-top: 80px !important;}\u00a0\u00bb][vc_column width=\u00a0\u00bb5\/6&Prime; offset=\u00a0\u00bbvc_col-lg-offset-1&Prime;][vc_custom_heading text=\u00a0\u00bbLa \u00ab Visa en Or \u00bb\u00a0\u00bb font_container=\u00a0\u00bbtag:h2|font_size:20px|text_align:center|line_height:24px\u00a0\u00bb use_theme_fonts=\u00a0\u00bbyes\u00a0\u00bb][vc_separator color=\u00a0\u00bbcustom\u00a0\u00bb el_width=\u00a0\u00bb10&Prime; accent_color=\u00a0\u00bb#c29765&Prime;][vc_column_text]Achat d\u2019immobilier en Gr\u00e8ce par des citoyens ressortissants des pays hors UE \u2013 Octroi ou renouv\u00e8lement du titre de s\u00e9jour pour activit\u00e9 d\u2019investissement (Visa en Or)<\/p>\n<p>Selon la l\u00e9gislation grecque, il est interdit l\u2019achat des terres et l\u2019acquisition en g\u00e9n\u00e9ral des droits de propri\u00e9t\u00e9 aux r\u00e9gions du territoire grec caract\u00e9ris\u00e9es comme frontali\u00e8res, sans autorisation pr\u00e9alable par l\u2019Etat Grec. Notre cabinet offre des conseils sur le statut de la r\u00e9gion qui vous int\u00e9resse. Nous pr\u00e9cisions que plusieurs r\u00e9gions du territoire grec ont \u00e9t\u00e9 d\u00e9qualifi\u00e9es du r\u00e9gime de \u00ab r\u00e9gions frontali\u00e8res \u00bb, parmi lesquelles celles de Thessalonique et de Chalkidiki, o\u00f9 toute personne d\u2019origine \u00e9trang\u00e8re (physique ou morale) a le droit d\u2019acqu\u00e9rir de biens immobiliers.<\/p>\n<p>En plus, la l\u00e9gislation grecque comprend des dispositions qui facilitent le s\u00e9jour d\u2019investisseurs des pays tiers, dont les investissements ont \u00e9t\u00e9 caract\u00e9ris\u00e9s comme \u00ab investissements strat\u00e9giques \u00bb, en accordant aux repr\u00e9sentants des entit\u00e9s d\u2019investissement et \u00e0 leurs collaborateurs des limites temporaires \u00e9largies de s\u00e9jour. Parall\u00e8lement il est accord\u00e9 la possibilit\u00e9 de d\u00e9livrer des permis de s\u00e9jour aux citoyens des pays tiers et aux membres de leurs familles qui ach\u00e8tent de biens immobiliers en Gr\u00e8ce dont la valeur surpasse la somme de 250.000 euros.<\/p>\n<p>Plus sp\u00e9cifiquement :<\/p>\n<p>A. Permis de s\u00e9jour permanent \u00e0 l\u2019investisseur<br \/>\nUn permis de s\u00e9jour d\u2019une dur\u00e9e de cinq ans, avec droit de renouv\u00e8lement, est octroy\u00e9 au citoyen de pays tiers, qui :<br \/>\na. est entr\u00e9 au pays l\u00e9galement avec une visa d\u2019entr\u00e9e ou r\u00e9side l\u00e9galement au pays<br \/>\nb. dispose, comme individu, en propri\u00e9t\u00e9, en possession et en occupation, un bien immobilier en Gr\u00e8ce. En cas de copropri\u00e9t\u00e9 d\u2019immobiliers, de valeur de 250.000 euros, le droit de s\u00e9jour est octroy\u00e9 uniquement si les copropri\u00e9taires sont des \u00e9pouses. A tout autre cas de copropri\u00e9t\u00e9, le droit de s\u00e9jour est octroy\u00e9 uniquement si le percentage de copropri\u00e9t\u00e9 de tout propri\u00e9taire est d\u2019une valeur de 250.000 euros<br \/>\nc. dispose \u00e0 travers une personne morale dont il\/elle poss\u00e8de enti\u00e8rement les actions ou parts sociales, un bien immobilier en Gr\u00e8ce, en propri\u00e9t\u00e9, en possession et en occupation,<br \/>\nd. ait conclut un contrat de location d\u2019une dur\u00e9e minimum de 10 ans d\u2019h\u00f4tels ou de r\u00e9sidences meubl\u00e9es touristiques qui font partie de complexes touristiques<br \/>\ne. ai conclu un contrat de cr\u00e9dit-bail d\u2019une dur\u00e9e minimum de 10 ans<\/p>\n<p>Le citoyen de pays tiers des cas mentionn\u00e9s ci-dessus peut \u00eatre accompagn\u00e9 par les membres de sa famille, auxquels est octroy\u00e9, apr\u00e8s demande, un permis de s\u00e9jour individuel, expir\u00e9 en m\u00eame temps avec le titre de s\u00e9jour du citoyen \u2013 regroupant.<\/p>\n<p>B. Octroi ou renouv\u00e8lement du titre de s\u00e9jour pour activit\u00e9 d\u2019investissement<br \/>\nDes citoyens des pays tiers peuvent entrer et r\u00e9sider en Gr\u00e8ce afin de r\u00e9aliser un investissement qui aura des r\u00e9sultats positifs au d\u00e9veloppement national et \u00e0 l\u2019\u00e9conomie. Selon le taux et les caract\u00e9ristiques de l\u2019investissement, il est possible l\u2019entr\u00e9e et s\u00e9jour au pays des dix citoyens des pays tiers, y compris les investisseurs, pour sa r\u00e9alisation et son op\u00e9ration.<\/p>\n<p>C. Jusqu\u2019\u00e0 dix (10) citoyens des pays tiers, par investissement, qui ont \u00e9t\u00e9 jug\u00e9 n\u00e9cessaires, peuvent entrer au pays, sous condition pr\u00e9alable d\u2019avoir re\u00e7u une Visa D, afin de r\u00e9aliser les investissements caract\u00e9ris\u00e9es \u00ab Investissements Strat\u00e9giques \u00bb apr\u00e8s arr\u00eat\u00e9 de la Commission Interminist\u00e9rielle des Investissements Strat\u00e9giques.<\/p>\n<p>Notre cabinet offre des conseils pour des conditions sp\u00e9cifiques d\u2019application des dispositions et vous assiste \u00e0 tout \u00e9tape de la proc\u00e9dure.[\/vc_column_text][\/vc_column][\/vc_row]<\/p>\n<\/div>","protected":false},"excerpt":{"rendered":"[vc_row css=\".vc_custom_1523636539655{margin-top: 80px !important;}\"][vc_column width=\"5\/6\" offset=\"vc_col-lg-offset-1\"][vc_custom_heading text=\"La \u00ab Visa en Or \u00bb\" font_container=\"tag:h2|font_size:20px|text_align:center|line_height:24px\" use_theme_fonts=\"yes\"][vc_separator color=\"custom\" el_width=\"10\" accent_color=\"#c29765\"][vc_column_text]Achat d\u2019immobilier en Gr\u00e8ce par des citoyens ressortissants des pays hors UE \u2013 Octroi ou renouv\u00e8lement du titre de s\u00e9jour pour activit\u00e9 d\u2019investissement (Visa en Or) Selon la l\u00e9gislation grecque, il est interdit l\u2019achat des terres et l\u2019acquisition en\u2026","protected":false},"author":1,"featured_media":0,"parent":44528,"menu_order":0,"comment_status":"closed","ping_status":"closed","template":"","meta":{"_acf_changed":false,"content-type":"","_monsterinsights_skip_tracking":false,"_monsterinsights_sitenote_active":false,"_monsterinsights_sitenote_note":"","_monsterinsights_sitenote_category":0,"footnotes":""},"class_list":["post-44553","page","type-page","status-publish","hentry"],"acf":[],"yoast_head":"<!-- This site is optimized with the Yoast SEO plugin v26.3 - https:\/\/yoast.com\/wordpress\/plugins\/seo\/ -->\n<title>La \u00ab Visa en Or \u00bb - Argyriadis and Associates Law Firm~ \u0398\u03b5\u03c3\u03c3\u03b1\u03bb\u03bf\u03bd\u03af\u03ba\u03b7 - \u0391\u03b8\u03ae\u03bd\u03b1- \u039a\u03c1\u03ae\u03c4\u03b7<\/title>\n<meta name=\"robots\" content=\"index, follow, max-snippet:-1, max-image-preview:large, max-video-preview:-1\" \/>\n<link rel=\"canonical\" href=\"https:\/\/www.alf.gr\/fr\/domaines-dactivite\/la-visa-en-or\/\" \/>\n<meta property=\"og:locale\" content=\"fr_FR\" \/>\n<meta property=\"og:type\" content=\"article\" \/>\n<meta property=\"og:title\" content=\"La \u00ab Visa en Or \u00bb - Argyriadis and Associates Law Firm~ \u0398\u03b5\u03c3\u03c3\u03b1\u03bb\u03bf\u03bd\u03af\u03ba\u03b7 - \u0391\u03b8\u03ae\u03bd\u03b1- \u039a\u03c1\u03ae\u03c4\u03b7\" \/>\n<meta property=\"og:description\" content=\"[vc_row css=\u00a0\u00bb.vc_custom_1523636539655{margin-top: 80px !important;}\u00a0\u00bb][vc_column width=\u00a0\u00bb5\/6&Prime; offset=\u00a0\u00bbvc_col-lg-offset-1&Prime;][vc_custom_heading text=\u00a0\u00bbLa \u00ab Visa en Or \u00bb\u00a0\u00bb font_container=\u00a0\u00bbtag:h2|font_size:20px|text_align:center|line_height:24px\u00a0\u00bb use_theme_fonts=\u00a0\u00bbyes\u00a0\u00bb][vc_separator color=\u00a0\u00bbcustom\u00a0\u00bb el_width=\u00a0\u00bb10&Prime; accent_color=\u00a0\u00bb#c29765&Prime;][vc_column_text]Achat d\u2019immobilier en Gr\u00e8ce par des citoyens ressortissants des pays [\u2026]\" \/>\n<meta property=\"og:url\" content=\"https:\/\/www.alf.gr\/fr\/domaines-dactivite\/la-visa-en-or\/\" \/>\n<meta property=\"og:site_name\" content=\"Argyriadis and Associates Law Firm~ \u0398\u03b5\u03c3\u03c3\u03b1\u03bb\u03bf\u03bd\u03af\u03ba\u03b7 - \u0391\u03b8\u03ae\u03bd\u03b1- \u039a\u03c1\u03ae\u03c4\u03b7\" \/>\n<meta property=\"article:publisher\" content=\"https:\/\/www.facebook.com\/argiriadislaw\" \/>\n<meta property=\"article:modified_time\" content=\"2018-12-25T05:17:33+00:00\" \/>\n<meta name=\"twitter:card\" content=\"summary_large_image\" \/>\n<meta name=\"twitter:site\" content=\"@argiriadislaw\" \/>\n<meta name=\"twitter:label1\" content=\"Dur\u00e9e de lecture estim\u00e9e\" \/>\n\t<meta name=\"twitter:data1\" content=\"4 minutes\" \/>\n<script type=\"application\/ld+json\" class=\"yoast-schema-graph\">{\"@context\":\"https:\/\/schema.org\",\"@graph\":[{\"@type\":\"WebPage\",\"@id\":\"https:\/\/www.alf.gr\/fr\/domaines-dactivite\/la-visa-en-or\/\",\"url\":\"https:\/\/www.alf.gr\/fr\/domaines-dactivite\/la-visa-en-or\/\",\"name\":\"La \u00ab Visa en Or \u00bb - Argyriadis and Associates Law Firm~ \u0398\u03b5\u03c3\u03c3\u03b1\u03bb\u03bf\u03bd\u03af\u03ba\u03b7 - \u0391\u03b8\u03ae\u03bd\u03b1- \u039a\u03c1\u03ae\u03c4\u03b7\",\"isPartOf\":{\"@id\":\"https:\/\/www.alf.gr\/fr\/#website\"},\"datePublished\":\"2018-09-17T02:19:59+00:00\",\"dateModified\":\"2018-12-25T05:17:33+00:00\",\"breadcrumb\":{\"@id\":\"https:\/\/www.alf.gr\/fr\/domaines-dactivite\/la-visa-en-or\/#breadcrumb\"},\"inLanguage\":\"fr-FR\",\"potentialAction\":[{\"@type\":\"ReadAction\",\"target\":[\"https:\/\/www.alf.gr\/fr\/domaines-dactivite\/la-visa-en-or\/\"]}]},{\"@type\":\"BreadcrumbList\",\"@id\":\"https:\/\/www.alf.gr\/fr\/domaines-dactivite\/la-visa-en-or\/#breadcrumb\",\"itemListElement\":[{\"@type\":\"ListItem\",\"position\":1,\"name\":\"Home\",\"item\":\"https:\/\/www.alf.gr\/fr\/\"},{\"@type\":\"ListItem\",\"position\":2,\"name\":\"DOMAINES D\u2019ACTIVITE\",\"item\":\"https:\/\/www.alf.gr\/fr\/domaines-dactivite\/\"},{\"@type\":\"ListItem\",\"position\":3,\"name\":\"La \u00ab Visa en Or \u00bb\"}]},{\"@type\":\"WebSite\",\"@id\":\"https:\/\/www.alf.gr\/fr\/#website\",\"url\":\"https:\/\/www.alf.gr\/fr\/\",\"name\":\"Argyriadis and Associates Law Firm\",\"description\":\"\u0394\u03b9\u03ba\u03b7\u03b3\u03bf\u03c1\u03b9\u03ba\u03ae \u0395\u03c4\u03b1\u03b9\u03c1\u03b5\u03af\u03b1 - \u0394\u03b9\u03ba\u03b7\u03b3\u03cc\u03c1\u03bf\u03c2 - \u039d\u03bf\u03bc\u03b9\u03ba\u03ad\u03c2 \u03a5\u03c0\u03b7\u03c1\u03b5\u03c3\u03af\u03b5\u03c2\",\"publisher\":{\"@id\":\"https:\/\/www.alf.gr\/fr\/#organization\"},\"potentialAction\":[{\"@type\":\"SearchAction\",\"target\":{\"@type\":\"EntryPoint\",\"urlTemplate\":\"https:\/\/www.alf.gr\/fr\/?s={search_term_string}\"},\"query-input\":{\"@type\":\"PropertyValueSpecification\",\"valueRequired\":true,\"valueName\":\"search_term_string\"}}],\"inLanguage\":\"fr-FR\"},{\"@type\":\"Organization\",\"@id\":\"https:\/\/www.alf.gr\/fr\/#organization\",\"name\":\"Argyriadis Law Firm\",\"url\":\"https:\/\/www.alf.gr\/fr\/\",\"logo\":{\"@type\":\"ImageObject\",\"inLanguage\":\"fr-FR\",\"@id\":\"https:\/\/www.alf.gr\/fr\/#\/schema\/logo\/image\/\",\"url\":\"https:\/\/www.alf.gr\/wp-content\/uploads\/2020\/04\/argyriadis-lawyer.png\",\"contentUrl\":\"https:\/\/www.alf.gr\/wp-content\/uploads\/2020\/04\/argyriadis-lawyer.png\",\"width\":174,\"height\":150,\"caption\":\"Argyriadis Law Firm\"},\"image\":{\"@id\":\"https:\/\/www.alf.gr\/fr\/#\/schema\/logo\/image\/\"},\"sameAs\":[\"https:\/\/www.facebook.com\/argiriadislaw\",\"https:\/\/x.com\/argiriadislaw\"]}]}<\/script>\n<!-- \/ Yoast SEO plugin. -->","yoast_head_json":{"title":"La \u00ab Visa en Or \u00bb - Argyriadis and Associates Law Firm~ \u0398\u03b5\u03c3\u03c3\u03b1\u03bb\u03bf\u03bd\u03af\u03ba\u03b7 - \u0391\u03b8\u03ae\u03bd\u03b1- \u039a\u03c1\u03ae\u03c4\u03b7","robots":{"index":"index","follow":"follow","max-snippet":"max-snippet:-1","max-image-preview":"max-image-preview:large","max-video-preview":"max-video-preview:-1"},"canonical":"https:\/\/www.alf.gr\/fr\/domaines-dactivite\/la-visa-en-or\/","og_locale":"fr_FR","og_type":"article","og_title":"La \u00ab Visa en Or \u00bb - Argyriadis and Associates Law Firm~ \u0398\u03b5\u03c3\u03c3\u03b1\u03bb\u03bf\u03bd\u03af\u03ba\u03b7 - \u0391\u03b8\u03ae\u03bd\u03b1- \u039a\u03c1\u03ae\u03c4\u03b7","og_description":"[vc_row css=\u00a0\u00bb.vc_custom_1523636539655{margin-top: 80px !important;}\u00a0\u00bb][vc_column width=\u00a0\u00bb5\/6&Prime; offset=\u00a0\u00bbvc_col-lg-offset-1&Prime;][vc_custom_heading text=\u00a0\u00bbLa \u00ab Visa en Or \u00bb\u00a0\u00bb font_container=\u00a0\u00bbtag:h2|font_size:20px|text_align:center|line_height:24px\u00a0\u00bb use_theme_fonts=\u00a0\u00bbyes\u00a0\u00bb][vc_separator color=\u00a0\u00bbcustom\u00a0\u00bb el_width=\u00a0\u00bb10&Prime; accent_color=\u00a0\u00bb#c29765&Prime;][vc_column_text]Achat d\u2019immobilier en Gr\u00e8ce par des citoyens ressortissants des pays [\u2026]","og_url":"https:\/\/www.alf.gr\/fr\/domaines-dactivite\/la-visa-en-or\/","og_site_name":"Argyriadis and Associates Law Firm~ \u0398\u03b5\u03c3\u03c3\u03b1\u03bb\u03bf\u03bd\u03af\u03ba\u03b7 - \u0391\u03b8\u03ae\u03bd\u03b1- \u039a\u03c1\u03ae\u03c4\u03b7","article_publisher":"https:\/\/www.facebook.com\/argiriadislaw","article_modified_time":"2018-12-25T05:17:33+00:00","twitter_card":"summary_large_image","twitter_site":"@argiriadislaw","twitter_misc":{"Dur\u00e9e de lecture estim\u00e9e":"4 minutes"},"schema":{"@context":"https:\/\/schema.org","@graph":[{"@type":"WebPage","@id":"https:\/\/www.alf.gr\/fr\/domaines-dactivite\/la-visa-en-or\/","url":"https:\/\/www.alf.gr\/fr\/domaines-dactivite\/la-visa-en-or\/","name":"La \u00ab Visa en Or \u00bb - Argyriadis and Associates Law Firm~ \u0398\u03b5\u03c3\u03c3\u03b1\u03bb\u03bf\u03bd\u03af\u03ba\u03b7 - \u0391\u03b8\u03ae\u03bd\u03b1- \u039a\u03c1\u03ae\u03c4\u03b7","isPartOf":{"@id":"https:\/\/www.alf.gr\/fr\/#website"},"datePublished":"2018-09-17T02:19:59+00:00","dateModified":"2018-12-25T05:17:33+00:00","breadcrumb":{"@id":"https:\/\/www.alf.gr\/fr\/domaines-dactivite\/la-visa-en-or\/#breadcrumb"},"inLanguage":"fr-FR","potentialAction":[{"@type":"ReadAction","target":["https:\/\/www.alf.gr\/fr\/domaines-dactivite\/la-visa-en-or\/"]}]},{"@type":"BreadcrumbList","@id":"https:\/\/www.alf.gr\/fr\/domaines-dactivite\/la-visa-en-or\/#breadcrumb","itemListElement":[{"@type":"ListItem","position":1,"name":"Home","item":"https:\/\/www.alf.gr\/fr\/"},{"@type":"ListItem","position":2,"name":"DOMAINES D\u2019ACTIVITE","item":"https:\/\/www.alf.gr\/fr\/domaines-dactivite\/"},{"@type":"ListItem","position":3,"name":"La \u00ab Visa en Or \u00bb"}]},{"@type":"WebSite","@id":"https:\/\/www.alf.gr\/fr\/#website","url":"https:\/\/www.alf.gr\/fr\/","name":"Argyriadis and Associates Law Firm","description":"\u0394\u03b9\u03ba\u03b7\u03b3\u03bf\u03c1\u03b9\u03ba\u03ae \u0395\u03c4\u03b1\u03b9\u03c1\u03b5\u03af\u03b1 - \u0394\u03b9\u03ba\u03b7\u03b3\u03cc\u03c1\u03bf\u03c2 - \u039d\u03bf\u03bc\u03b9\u03ba\u03ad\u03c2 \u03a5\u03c0\u03b7\u03c1\u03b5\u03c3\u03af\u03b5\u03c2","publisher":{"@id":"https:\/\/www.alf.gr\/fr\/#organization"},"potentialAction":[{"@type":"SearchAction","target":{"@type":"EntryPoint","urlTemplate":"https:\/\/www.alf.gr\/fr\/?s={search_term_string}"},"query-input":{"@type":"PropertyValueSpecification","valueRequired":true,"valueName":"search_term_string"}}],"inLanguage":"fr-FR"},{"@type":"Organization","@id":"https:\/\/www.alf.gr\/fr\/#organization","name":"Argyriadis Law Firm","url":"https:\/\/www.alf.gr\/fr\/","logo":{"@type":"ImageObject","inLanguage":"fr-FR","@id":"https:\/\/www.alf.gr\/fr\/#\/schema\/logo\/image\/","url":"https:\/\/www.alf.gr\/wp-content\/uploads\/2020\/04\/argyriadis-lawyer.png","contentUrl":"https:\/\/www.alf.gr\/wp-content\/uploads\/2020\/04\/argyriadis-lawyer.png","width":174,"height":150,"caption":"Argyriadis Law Firm"},"image":{"@id":"https:\/\/www.alf.gr\/fr\/#\/schema\/logo\/image\/"},"sameAs":["https:\/\/www.facebook.com\/argiriadislaw","https:\/\/x.com\/argiriadislaw"]}]}},"_links":{"self":[{"href":"https:\/\/www.alf.gr\/fr\/wp-json\/wp\/v2\/pages\/44553","targetHints":{"allow":["GET"]}}],"collection":[{"href":"https:\/\/www.alf.gr\/fr\/wp-json\/wp\/v2\/pages"}],"about":[{"href":"https:\/\/www.alf.gr\/fr\/wp-json\/wp\/v2\/types\/page"}],"author":[{"embeddable":true,"href":"https:\/\/www.alf.gr\/fr\/wp-json\/wp\/v2\/users\/1"}],"replies":[{"embeddable":true,"href":"https:\/\/www.alf.gr\/fr\/wp-json\/wp\/v2\/comments?post=44553"}],"version-history":[{"count":2,"href":"https:\/\/www.alf.gr\/fr\/wp-json\/wp\/v2\/pages\/44553\/revisions"}],"predecessor-version":[{"id":44557,"href":"https:\/\/www.alf.gr\/fr\/wp-json\/wp\/v2\/pages\/44553\/revisions\/44557"}],"up":[{"embeddable":true,"href":"https:\/\/www.alf.gr\/fr\/wp-json\/wp\/v2\/pages\/44528"}],"wp:attachment":[{"href":"https:\/\/www.alf.gr\/fr\/wp-json\/wp\/v2\/media?parent=44553"}],"curies":[{"name":"wp","href":"https:\/\/api.w.org\/{rel}","templated":true}]}}