{"id":44547,"date":"2018-04-13T16:19:52","date_gmt":"2018-04-13T16:19:52","guid":{"rendered":"https:\/\/www.alf.gr\/domaines-dactivite\/poiniko-dikaio\/"},"modified":"2018-12-25T05:09:14","modified_gmt":"2018-12-25T05:09:14","slug":"droit-penal","status":"publish","type":"page","link":"https:\/\/www.alf.gr\/fr\/domaines-dactivite\/droit-penal\/","title":{"rendered":"Droit p\u00e9nal"},"content":{"rendered":"<div class=\"wpb-content-wrapper\"><p>[vc_row css=\u00a0\u00bb.vc_custom_1523636383320{margin-top: 80px !important;}\u00a0\u00bb][vc_column width=\u00a0\u00bb5\/6&Prime; offset=\u00a0\u00bbvc_col-lg-offset-1&Prime;][vc_custom_heading text=\u00a0\u00bbDroit p\u00e9nal\u00a0\u00bb font_container=\u00a0\u00bbtag:h2|font_size:20px|text_align:center|line_height:24px\u00a0\u00bb use_theme_fonts=\u00a0\u00bbyes\u00a0\u00bb][vc_separator color=\u00a0\u00bbcustom\u00a0\u00bb el_width=\u00a0\u00bb10&Prime; accent_color=\u00a0\u00bb#c29765&Prime;][vc_column_text]<\/p>\n<ol>\n<li>Droit p\u00e9nal financier<\/li>\n<li>Accidents du travail<\/li>\n<li>Droit de l\u2019environnement<\/li>\n<li>Droit p\u00e9nal fiscal<\/li>\n<\/ol>\n<p>Nous disposons d\u2019une grande exp\u00e9rience \u00e0 la repr\u00e9sentation devant les Tribunaux P\u00e9naux soit il s\u2019agit de la d\u00e9fense soit il s\u2019agit de l\u2019action civile aux affaires des crimes en relation de la propri\u00e9t\u00e9 des personnes physiques ou morales, surtout aux affaires de caract\u00e8re fiscal ou \u00e0 la suite des contr\u00f4les par des autorit\u00e9s publiques.[\/vc_column_text][\/vc_column][\/vc_row]<\/p>\n<\/div>","protected":false},"excerpt":{"rendered":"[vc_row css=\".vc_custom_1523636383320{margin-top: 80px !important;}\"][vc_column width=\"5\/6\" offset=\"vc_col-lg-offset-1\"][vc_custom_heading text=\"Droit p\u00e9nal\" font_container=\"tag:h2|font_size:20px|text_align:center|line_height:24px\" use_theme_fonts=\"yes\"][vc_separator color=\"custom\" el_width=\"10\" accent_color=\"#c29765\"][vc_column_text] Droit p\u00e9nal financier Accidents du travail Droit de l\u2019environnement Droit p\u00e9nal fiscal Nous disposons d\u2019une grande exp\u00e9rience \u00e0 la repr\u00e9sentation devant les Tribunaux P\u00e9naux soit il s\u2019agit de la d\u00e9fense soit il s\u2019agit de l\u2019action civile aux affaires des crimes en relation\u2026","protected":false},"author":1,"featured_media":0,"parent":44528,"menu_order":0,"comment_status":"closed","ping_status":"closed","template":"","meta":{"_acf_changed":false,"content-type":"","_monsterinsights_skip_tracking":false,"_monsterinsights_sitenote_active":false,"_monsterinsights_sitenote_note":"","_monsterinsights_sitenote_category":0,"footnotes":""},"class_list":["post-44547","page","type-page","status-publish","hentry"],"acf":[],"yoast_head":"<!-- This site is optimized with the Yoast SEO plugin v26.3 - https:\/\/yoast.com\/wordpress\/plugins\/seo\/ -->\n<title>Droit p\u00e9nal - Argyriadis and Associates Law Firm~ \u0398\u03b5\u03c3\u03c3\u03b1\u03bb\u03bf\u03bd\u03af\u03ba\u03b7 - \u0391\u03b8\u03ae\u03bd\u03b1- \u039a\u03c1\u03ae\u03c4\u03b7<\/title>\n<meta name=\"robots\" content=\"index, follow, max-snippet:-1, max-image-preview:large, max-video-preview:-1\" \/>\n<link rel=\"canonical\" href=\"https:\/\/www.alf.gr\/fr\/domaines-dactivite\/droit-penal\/\" \/>\n<meta property=\"og:locale\" content=\"fr_FR\" \/>\n<meta property=\"og:type\" content=\"article\" \/>\n<meta property=\"og:title\" content=\"Droit p\u00e9nal - Argyriadis and Associates Law Firm~ \u0398\u03b5\u03c3\u03c3\u03b1\u03bb\u03bf\u03bd\u03af\u03ba\u03b7 - \u0391\u03b8\u03ae\u03bd\u03b1- \u039a\u03c1\u03ae\u03c4\u03b7\" \/>\n<meta property=\"og:description\" content=\"[vc_row css=\u00a0\u00bb.vc_custom_1523636383320{margin-top: 80px !important;}\u00a0\u00bb][vc_column width=\u00a0\u00bb5\/6&Prime; offset=\u00a0\u00bbvc_col-lg-offset-1&Prime;][vc_custom_heading text=\u00a0\u00bbDroit p\u00e9nal\u00a0\u00bb font_container=\u00a0\u00bbtag:h2|font_size:20px|text_align:center|line_height:24px\u00a0\u00bb use_theme_fonts=\u00a0\u00bbyes\u00a0\u00bb][vc_separator color=\u00a0\u00bbcustom\u00a0\u00bb el_width=\u00a0\u00bb10&Prime; accent_color=\u00a0\u00bb#c29765&Prime;][vc_column_text] Droit p\u00e9nal financier Accidents du travail Droit de l\u2019environnement Droit p\u00e9nal fiscal Nous [\u2026]\" \/>\n<meta property=\"og:url\" content=\"https:\/\/www.alf.gr\/fr\/domaines-dactivite\/droit-penal\/\" \/>\n<meta property=\"og:site_name\" content=\"Argyriadis and Associates Law Firm~ \u0398\u03b5\u03c3\u03c3\u03b1\u03bb\u03bf\u03bd\u03af\u03ba\u03b7 - \u0391\u03b8\u03ae\u03bd\u03b1- \u039a\u03c1\u03ae\u03c4\u03b7\" \/>\n<meta property=\"article:publisher\" content=\"https:\/\/www.facebook.com\/argiriadislaw\" \/>\n<meta property=\"article:modified_time\" content=\"2018-12-25T05:09:14+00:00\" \/>\n<meta name=\"twitter:card\" content=\"summary_large_image\" \/>\n<meta name=\"twitter:site\" content=\"@argiriadislaw\" \/>\n<meta name=\"twitter:label1\" content=\"Dur\u00e9e de lecture estim\u00e9e\" \/>\n\t<meta name=\"twitter:data1\" content=\"1 minute\" \/>\n<script type=\"application\/ld+json\" class=\"yoast-schema-graph\">{\"@context\":\"https:\/\/schema.org\",\"@graph\":[{\"@type\":\"WebPage\",\"@id\":\"https:\/\/www.alf.gr\/fr\/domaines-dactivite\/droit-penal\/\",\"url\":\"https:\/\/www.alf.gr\/fr\/domaines-dactivite\/droit-penal\/\",\"name\":\"Droit p\u00e9nal - Argyriadis and Associates Law Firm~ \u0398\u03b5\u03c3\u03c3\u03b1\u03bb\u03bf\u03bd\u03af\u03ba\u03b7 - \u0391\u03b8\u03ae\u03bd\u03b1- \u039a\u03c1\u03ae\u03c4\u03b7\",\"isPartOf\":{\"@id\":\"https:\/\/www.alf.gr\/fr\/#website\"},\"datePublished\":\"2018-04-13T16:19:52+00:00\",\"dateModified\":\"2018-12-25T05:09:14+00:00\",\"breadcrumb\":{\"@id\":\"https:\/\/www.alf.gr\/fr\/domaines-dactivite\/droit-penal\/#breadcrumb\"},\"inLanguage\":\"fr-FR\",\"potentialAction\":[{\"@type\":\"ReadAction\",\"target\":[\"https:\/\/www.alf.gr\/fr\/domaines-dactivite\/droit-penal\/\"]}]},{\"@type\":\"BreadcrumbList\",\"@id\":\"https:\/\/www.alf.gr\/fr\/domaines-dactivite\/droit-penal\/#breadcrumb\",\"itemListElement\":[{\"@type\":\"ListItem\",\"position\":1,\"name\":\"Home\",\"item\":\"https:\/\/www.alf.gr\/fr\/\"},{\"@type\":\"ListItem\",\"position\":2,\"name\":\"DOMAINES D\u2019ACTIVITE\",\"item\":\"https:\/\/www.alf.gr\/fr\/domaines-dactivite\/\"},{\"@type\":\"ListItem\",\"position\":3,\"name\":\"Droit p\u00e9nal\"}]},{\"@type\":\"WebSite\",\"@id\":\"https:\/\/www.alf.gr\/fr\/#website\",\"url\":\"https:\/\/www.alf.gr\/fr\/\",\"name\":\"Argyriadis and Associates Law Firm\",\"description\":\"\u0394\u03b9\u03ba\u03b7\u03b3\u03bf\u03c1\u03b9\u03ba\u03ae \u0395\u03c4\u03b1\u03b9\u03c1\u03b5\u03af\u03b1 - \u0394\u03b9\u03ba\u03b7\u03b3\u03cc\u03c1\u03bf\u03c2 - \u039d\u03bf\u03bc\u03b9\u03ba\u03ad\u03c2 \u03a5\u03c0\u03b7\u03c1\u03b5\u03c3\u03af\u03b5\u03c2\",\"publisher\":{\"@id\":\"https:\/\/www.alf.gr\/fr\/#organization\"},\"potentialAction\":[{\"@type\":\"SearchAction\",\"target\":{\"@type\":\"EntryPoint\",\"urlTemplate\":\"https:\/\/www.alf.gr\/fr\/?s={search_term_string}\"},\"query-input\":{\"@type\":\"PropertyValueSpecification\",\"valueRequired\":true,\"valueName\":\"search_term_string\"}}],\"inLanguage\":\"fr-FR\"},{\"@type\":\"Organization\",\"@id\":\"https:\/\/www.alf.gr\/fr\/#organization\",\"name\":\"Argyriadis Law Firm\",\"url\":\"https:\/\/www.alf.gr\/fr\/\",\"logo\":{\"@type\":\"ImageObject\",\"inLanguage\":\"fr-FR\",\"@id\":\"https:\/\/www.alf.gr\/fr\/#\/schema\/logo\/image\/\",\"url\":\"https:\/\/www.alf.gr\/wp-content\/uploads\/2020\/04\/argyriadis-lawyer.png\",\"contentUrl\":\"https:\/\/www.alf.gr\/wp-content\/uploads\/2020\/04\/argyriadis-lawyer.png\",\"width\":174,\"height\":150,\"caption\":\"Argyriadis Law Firm\"},\"image\":{\"@id\":\"https:\/\/www.alf.gr\/fr\/#\/schema\/logo\/image\/\"},\"sameAs\":[\"https:\/\/www.facebook.com\/argiriadislaw\",\"https:\/\/x.com\/argiriadislaw\"]}]}<\/script>\n<!-- \/ Yoast SEO plugin. -->","yoast_head_json":{"title":"Droit p\u00e9nal - Argyriadis and Associates Law Firm~ \u0398\u03b5\u03c3\u03c3\u03b1\u03bb\u03bf\u03bd\u03af\u03ba\u03b7 - \u0391\u03b8\u03ae\u03bd\u03b1- \u039a\u03c1\u03ae\u03c4\u03b7","robots":{"index":"index","follow":"follow","max-snippet":"max-snippet:-1","max-image-preview":"max-image-preview:large","max-video-preview":"max-video-preview:-1"},"canonical":"https:\/\/www.alf.gr\/fr\/domaines-dactivite\/droit-penal\/","og_locale":"fr_FR","og_type":"article","og_title":"Droit p\u00e9nal - Argyriadis and Associates Law Firm~ \u0398\u03b5\u03c3\u03c3\u03b1\u03bb\u03bf\u03bd\u03af\u03ba\u03b7 - \u0391\u03b8\u03ae\u03bd\u03b1- \u039a\u03c1\u03ae\u03c4\u03b7","og_description":"[vc_row css=\u00a0\u00bb.vc_custom_1523636383320{margin-top: 80px !important;}\u00a0\u00bb][vc_column width=\u00a0\u00bb5\/6&Prime; offset=\u00a0\u00bbvc_col-lg-offset-1&Prime;][vc_custom_heading text=\u00a0\u00bbDroit p\u00e9nal\u00a0\u00bb font_container=\u00a0\u00bbtag:h2|font_size:20px|text_align:center|line_height:24px\u00a0\u00bb use_theme_fonts=\u00a0\u00bbyes\u00a0\u00bb][vc_separator color=\u00a0\u00bbcustom\u00a0\u00bb el_width=\u00a0\u00bb10&Prime; accent_color=\u00a0\u00bb#c29765&Prime;][vc_column_text] Droit p\u00e9nal financier Accidents du travail Droit de l\u2019environnement Droit p\u00e9nal fiscal Nous [\u2026]","og_url":"https:\/\/www.alf.gr\/fr\/domaines-dactivite\/droit-penal\/","og_site_name":"Argyriadis and Associates Law Firm~ \u0398\u03b5\u03c3\u03c3\u03b1\u03bb\u03bf\u03bd\u03af\u03ba\u03b7 - \u0391\u03b8\u03ae\u03bd\u03b1- \u039a\u03c1\u03ae\u03c4\u03b7","article_publisher":"https:\/\/www.facebook.com\/argiriadislaw","article_modified_time":"2018-12-25T05:09:14+00:00","twitter_card":"summary_large_image","twitter_site":"@argiriadislaw","twitter_misc":{"Dur\u00e9e de lecture estim\u00e9e":"1 minute"},"schema":{"@context":"https:\/\/schema.org","@graph":[{"@type":"WebPage","@id":"https:\/\/www.alf.gr\/fr\/domaines-dactivite\/droit-penal\/","url":"https:\/\/www.alf.gr\/fr\/domaines-dactivite\/droit-penal\/","name":"Droit p\u00e9nal - Argyriadis and Associates Law Firm~ \u0398\u03b5\u03c3\u03c3\u03b1\u03bb\u03bf\u03bd\u03af\u03ba\u03b7 - \u0391\u03b8\u03ae\u03bd\u03b1- \u039a\u03c1\u03ae\u03c4\u03b7","isPartOf":{"@id":"https:\/\/www.alf.gr\/fr\/#website"},"datePublished":"2018-04-13T16:19:52+00:00","dateModified":"2018-12-25T05:09:14+00:00","breadcrumb":{"@id":"https:\/\/www.alf.gr\/fr\/domaines-dactivite\/droit-penal\/#breadcrumb"},"inLanguage":"fr-FR","potentialAction":[{"@type":"ReadAction","target":["https:\/\/www.alf.gr\/fr\/domaines-dactivite\/droit-penal\/"]}]},{"@type":"BreadcrumbList","@id":"https:\/\/www.alf.gr\/fr\/domaines-dactivite\/droit-penal\/#breadcrumb","itemListElement":[{"@type":"ListItem","position":1,"name":"Home","item":"https:\/\/www.alf.gr\/fr\/"},{"@type":"ListItem","position":2,"name":"DOMAINES D\u2019ACTIVITE","item":"https:\/\/www.alf.gr\/fr\/domaines-dactivite\/"},{"@type":"ListItem","position":3,"name":"Droit p\u00e9nal"}]},{"@type":"WebSite","@id":"https:\/\/www.alf.gr\/fr\/#website","url":"https:\/\/www.alf.gr\/fr\/","name":"Argyriadis and Associates Law Firm","description":"\u0394\u03b9\u03ba\u03b7\u03b3\u03bf\u03c1\u03b9\u03ba\u03ae \u0395\u03c4\u03b1\u03b9\u03c1\u03b5\u03af\u03b1 - \u0394\u03b9\u03ba\u03b7\u03b3\u03cc\u03c1\u03bf\u03c2 - \u039d\u03bf\u03bc\u03b9\u03ba\u03ad\u03c2 \u03a5\u03c0\u03b7\u03c1\u03b5\u03c3\u03af\u03b5\u03c2","publisher":{"@id":"https:\/\/www.alf.gr\/fr\/#organization"},"potentialAction":[{"@type":"SearchAction","target":{"@type":"EntryPoint","urlTemplate":"https:\/\/www.alf.gr\/fr\/?s={search_term_string}"},"query-input":{"@type":"PropertyValueSpecification","valueRequired":true,"valueName":"search_term_string"}}],"inLanguage":"fr-FR"},{"@type":"Organization","@id":"https:\/\/www.alf.gr\/fr\/#organization","name":"Argyriadis Law Firm","url":"https:\/\/www.alf.gr\/fr\/","logo":{"@type":"ImageObject","inLanguage":"fr-FR","@id":"https:\/\/www.alf.gr\/fr\/#\/schema\/logo\/image\/","url":"https:\/\/www.alf.gr\/wp-content\/uploads\/2020\/04\/argyriadis-lawyer.png","contentUrl":"https:\/\/www.alf.gr\/wp-content\/uploads\/2020\/04\/argyriadis-lawyer.png","width":174,"height":150,"caption":"Argyriadis Law Firm"},"image":{"@id":"https:\/\/www.alf.gr\/fr\/#\/schema\/logo\/image\/"},"sameAs":["https:\/\/www.facebook.com\/argiriadislaw","https:\/\/x.com\/argiriadislaw"]}]}},"_links":{"self":[{"href":"https:\/\/www.alf.gr\/fr\/wp-json\/wp\/v2\/pages\/44547","targetHints":{"allow":["GET"]}}],"collection":[{"href":"https:\/\/www.alf.gr\/fr\/wp-json\/wp\/v2\/pages"}],"about":[{"href":"https:\/\/www.alf.gr\/fr\/wp-json\/wp\/v2\/types\/page"}],"author":[{"embeddable":true,"href":"https:\/\/www.alf.gr\/fr\/wp-json\/wp\/v2\/users\/1"}],"replies":[{"embeddable":true,"href":"https:\/\/www.alf.gr\/fr\/wp-json\/wp\/v2\/comments?post=44547"}],"version-history":[{"count":1,"href":"https:\/\/www.alf.gr\/fr\/wp-json\/wp\/v2\/pages\/44547\/revisions"}],"predecessor-version":[{"id":44548,"href":"https:\/\/www.alf.gr\/fr\/wp-json\/wp\/v2\/pages\/44547\/revisions\/44548"}],"up":[{"embeddable":true,"href":"https:\/\/www.alf.gr\/fr\/wp-json\/wp\/v2\/pages\/44528"}],"wp:attachment":[{"href":"https:\/\/www.alf.gr\/fr\/wp-json\/wp\/v2\/media?parent=44547"}],"curies":[{"name":"wp","href":"https:\/\/api.w.org\/{rel}","templated":true}]}}