{"id":44543,"date":"2018-04-13T16:16:59","date_gmt":"2018-04-13T16:16:59","guid":{"rendered":"https:\/\/www.alf.gr\/domaines-dactivite\/dikaio-anagkastikis-ektelesis\/"},"modified":"2018-12-25T05:04:22","modified_gmt":"2018-12-25T05:04:22","slug":"droit-de-lexecution-forcee","status":"publish","type":"page","link":"https:\/\/www.alf.gr\/fr\/domaines-dactivite\/droit-de-lexecution-forcee\/","title":{"rendered":"Droit de l\u2019ex\u00e9cution forc\u00e9e"},"content":{"rendered":"<div class=\"wpb-content-wrapper\"><p>[vc_row css=\u00a0\u00bb.vc_custom_1523636210364{margin-top: 80px !important;}\u00a0\u00bb][vc_column width=\u00a0\u00bb5\/6&Prime; offset=\u00a0\u00bbvc_col-lg-offset-1&Prime;][vc_custom_heading text=\u00a0\u00bbDroit de l\u2019ex\u00e9cution forc\u00e9e\u00a0\u00bb font_container=\u00a0\u00bbtag:h2|font_size:20px|text_align:center|line_height:24px\u00a0\u00bb use_theme_fonts=\u00a0\u00bbyes\u00a0\u00bb][vc_separator color=\u00a0\u00bbcustom\u00a0\u00bb el_width=\u00a0\u00bb10&Prime; accent_color=\u00a0\u00bb#c29765&Prime;][vc_column_text]<\/p>\n<ol>\n<li>Recours \u00e0 l\u2019ex\u00e9cution forc\u00e9e<\/li>\n<li>Recouvrement forc\u00e9 des cr\u00e9ances<\/li>\n<\/ol>\n<p>Nous affrontons du c\u00f4t\u00e9 du d\u00e9biteur tout mesure de l\u2019ex\u00e9cution forc\u00e9e. Du c\u00f4t\u00e9 du cr\u00e9ancier nous entreprenons des mesures pr\u00e9ventives afin d\u2019assurer le recouvrement des cr\u00e9ances, comme l\u2019examen des titres de propri\u00e9t\u00e9 et des donn\u00e9es de solvabilit\u00e9, au respect de la loi et d\u00e9ontologie, ainsi que l\u2019anticipation de la proc\u00e9dure de l\u2019ex\u00e9cution forc\u00e9e dans tout le territoire grec.[\/vc_column_text][\/vc_column][\/vc_row]<\/p>\n<\/div>","protected":false},"excerpt":{"rendered":"[vc_row css=\".vc_custom_1523636210364{margin-top: 80px !important;}\"][vc_column width=\"5\/6\" offset=\"vc_col-lg-offset-1\"][vc_custom_heading text=\"Droit de l\u2019ex\u00e9cution forc\u00e9e\" font_container=\"tag:h2|font_size:20px|text_align:center|line_height:24px\" use_theme_fonts=\"yes\"][vc_separator color=\"custom\" el_width=\"10\" accent_color=\"#c29765\"][vc_column_text] Recours \u00e0 l\u2019ex\u00e9cution forc\u00e9e Recouvrement forc\u00e9 des cr\u00e9ances Nous affrontons du c\u00f4t\u00e9 du d\u00e9biteur tout mesure de l\u2019ex\u00e9cution forc\u00e9e. Du c\u00f4t\u00e9 du cr\u00e9ancier nous entreprenons des mesures pr\u00e9ventives afin d\u2019assurer le recouvrement des cr\u00e9ances, comme l\u2019examen des titres de propri\u00e9t\u00e9\u2026","protected":false},"author":1,"featured_media":0,"parent":44528,"menu_order":0,"comment_status":"closed","ping_status":"closed","template":"","meta":{"_acf_changed":false,"content-type":"","_monsterinsights_skip_tracking":false,"_monsterinsights_sitenote_active":false,"_monsterinsights_sitenote_note":"","_monsterinsights_sitenote_category":0,"footnotes":""},"class_list":["post-44543","page","type-page","status-publish","hentry"],"acf":[],"yoast_head":"<!-- This site is optimized with the Yoast SEO plugin v26.3 - https:\/\/yoast.com\/wordpress\/plugins\/seo\/ -->\n<title>Droit de l\u2019ex\u00e9cution forc\u00e9e - Argyriadis and Associates Law Firm~ \u0398\u03b5\u03c3\u03c3\u03b1\u03bb\u03bf\u03bd\u03af\u03ba\u03b7 - \u0391\u03b8\u03ae\u03bd\u03b1- \u039a\u03c1\u03ae\u03c4\u03b7<\/title>\n<meta name=\"robots\" content=\"index, follow, max-snippet:-1, max-image-preview:large, max-video-preview:-1\" \/>\n<link rel=\"canonical\" href=\"https:\/\/www.alf.gr\/fr\/domaines-dactivite\/droit-de-lexecution-forcee\/\" \/>\n<meta property=\"og:locale\" content=\"fr_FR\" \/>\n<meta property=\"og:type\" content=\"article\" \/>\n<meta property=\"og:title\" content=\"Droit de l\u2019ex\u00e9cution forc\u00e9e - Argyriadis and Associates Law Firm~ \u0398\u03b5\u03c3\u03c3\u03b1\u03bb\u03bf\u03bd\u03af\u03ba\u03b7 - \u0391\u03b8\u03ae\u03bd\u03b1- \u039a\u03c1\u03ae\u03c4\u03b7\" \/>\n<meta property=\"og:description\" content=\"[vc_row css=\u00a0\u00bb.vc_custom_1523636210364{margin-top: 80px !important;}\u00a0\u00bb][vc_column width=\u00a0\u00bb5\/6&Prime; offset=\u00a0\u00bbvc_col-lg-offset-1&Prime;][vc_custom_heading text=\u00a0\u00bbDroit de l\u2019ex\u00e9cution forc\u00e9e\u00a0\u00bb font_container=\u00a0\u00bbtag:h2|font_size:20px|text_align:center|line_height:24px\u00a0\u00bb use_theme_fonts=\u00a0\u00bbyes\u00a0\u00bb][vc_separator color=\u00a0\u00bbcustom\u00a0\u00bb el_width=\u00a0\u00bb10&Prime; accent_color=\u00a0\u00bb#c29765&Prime;][vc_column_text] Recours \u00e0 l\u2019ex\u00e9cution forc\u00e9e Recouvrement forc\u00e9 des cr\u00e9ances Nous affrontons du [\u2026]\" \/>\n<meta property=\"og:url\" content=\"https:\/\/www.alf.gr\/fr\/domaines-dactivite\/droit-de-lexecution-forcee\/\" \/>\n<meta property=\"og:site_name\" content=\"Argyriadis and Associates Law Firm~ \u0398\u03b5\u03c3\u03c3\u03b1\u03bb\u03bf\u03bd\u03af\u03ba\u03b7 - \u0391\u03b8\u03ae\u03bd\u03b1- \u039a\u03c1\u03ae\u03c4\u03b7\" \/>\n<meta property=\"article:publisher\" content=\"https:\/\/www.facebook.com\/argiriadislaw\" \/>\n<meta property=\"article:modified_time\" content=\"2018-12-25T05:04:22+00:00\" \/>\n<meta name=\"twitter:card\" content=\"summary_large_image\" \/>\n<meta name=\"twitter:site\" content=\"@argiriadislaw\" \/>\n<meta name=\"twitter:label1\" content=\"Dur\u00e9e de lecture estim\u00e9e\" \/>\n\t<meta name=\"twitter:data1\" content=\"1 minute\" \/>\n<script type=\"application\/ld+json\" class=\"yoast-schema-graph\">{\"@context\":\"https:\/\/schema.org\",\"@graph\":[{\"@type\":\"WebPage\",\"@id\":\"https:\/\/www.alf.gr\/fr\/domaines-dactivite\/droit-de-lexecution-forcee\/\",\"url\":\"https:\/\/www.alf.gr\/fr\/domaines-dactivite\/droit-de-lexecution-forcee\/\",\"name\":\"Droit de l\u2019ex\u00e9cution forc\u00e9e - Argyriadis and Associates Law Firm~ \u0398\u03b5\u03c3\u03c3\u03b1\u03bb\u03bf\u03bd\u03af\u03ba\u03b7 - \u0391\u03b8\u03ae\u03bd\u03b1- \u039a\u03c1\u03ae\u03c4\u03b7\",\"isPartOf\":{\"@id\":\"https:\/\/www.alf.gr\/fr\/#website\"},\"datePublished\":\"2018-04-13T16:16:59+00:00\",\"dateModified\":\"2018-12-25T05:04:22+00:00\",\"breadcrumb\":{\"@id\":\"https:\/\/www.alf.gr\/fr\/domaines-dactivite\/droit-de-lexecution-forcee\/#breadcrumb\"},\"inLanguage\":\"fr-FR\",\"potentialAction\":[{\"@type\":\"ReadAction\",\"target\":[\"https:\/\/www.alf.gr\/fr\/domaines-dactivite\/droit-de-lexecution-forcee\/\"]}]},{\"@type\":\"BreadcrumbList\",\"@id\":\"https:\/\/www.alf.gr\/fr\/domaines-dactivite\/droit-de-lexecution-forcee\/#breadcrumb\",\"itemListElement\":[{\"@type\":\"ListItem\",\"position\":1,\"name\":\"Home\",\"item\":\"https:\/\/www.alf.gr\/fr\/\"},{\"@type\":\"ListItem\",\"position\":2,\"name\":\"DOMAINES D\u2019ACTIVITE\",\"item\":\"https:\/\/www.alf.gr\/fr\/domaines-dactivite\/\"},{\"@type\":\"ListItem\",\"position\":3,\"name\":\"Droit de l\u2019ex\u00e9cution forc\u00e9e\"}]},{\"@type\":\"WebSite\",\"@id\":\"https:\/\/www.alf.gr\/fr\/#website\",\"url\":\"https:\/\/www.alf.gr\/fr\/\",\"name\":\"Argyriadis and Associates Law Firm\",\"description\":\"\u0394\u03b9\u03ba\u03b7\u03b3\u03bf\u03c1\u03b9\u03ba\u03ae \u0395\u03c4\u03b1\u03b9\u03c1\u03b5\u03af\u03b1 - \u0394\u03b9\u03ba\u03b7\u03b3\u03cc\u03c1\u03bf\u03c2 - \u039d\u03bf\u03bc\u03b9\u03ba\u03ad\u03c2 \u03a5\u03c0\u03b7\u03c1\u03b5\u03c3\u03af\u03b5\u03c2\",\"publisher\":{\"@id\":\"https:\/\/www.alf.gr\/fr\/#organization\"},\"potentialAction\":[{\"@type\":\"SearchAction\",\"target\":{\"@type\":\"EntryPoint\",\"urlTemplate\":\"https:\/\/www.alf.gr\/fr\/?s={search_term_string}\"},\"query-input\":{\"@type\":\"PropertyValueSpecification\",\"valueRequired\":true,\"valueName\":\"search_term_string\"}}],\"inLanguage\":\"fr-FR\"},{\"@type\":\"Organization\",\"@id\":\"https:\/\/www.alf.gr\/fr\/#organization\",\"name\":\"Argyriadis Law Firm\",\"url\":\"https:\/\/www.alf.gr\/fr\/\",\"logo\":{\"@type\":\"ImageObject\",\"inLanguage\":\"fr-FR\",\"@id\":\"https:\/\/www.alf.gr\/fr\/#\/schema\/logo\/image\/\",\"url\":\"https:\/\/www.alf.gr\/wp-content\/uploads\/2020\/04\/argyriadis-lawyer.png\",\"contentUrl\":\"https:\/\/www.alf.gr\/wp-content\/uploads\/2020\/04\/argyriadis-lawyer.png\",\"width\":174,\"height\":150,\"caption\":\"Argyriadis Law Firm\"},\"image\":{\"@id\":\"https:\/\/www.alf.gr\/fr\/#\/schema\/logo\/image\/\"},\"sameAs\":[\"https:\/\/www.facebook.com\/argiriadislaw\",\"https:\/\/x.com\/argiriadislaw\"]}]}<\/script>\n<!-- \/ Yoast SEO plugin. -->","yoast_head_json":{"title":"Droit de l\u2019ex\u00e9cution forc\u00e9e - Argyriadis and Associates Law Firm~ \u0398\u03b5\u03c3\u03c3\u03b1\u03bb\u03bf\u03bd\u03af\u03ba\u03b7 - \u0391\u03b8\u03ae\u03bd\u03b1- \u039a\u03c1\u03ae\u03c4\u03b7","robots":{"index":"index","follow":"follow","max-snippet":"max-snippet:-1","max-image-preview":"max-image-preview:large","max-video-preview":"max-video-preview:-1"},"canonical":"https:\/\/www.alf.gr\/fr\/domaines-dactivite\/droit-de-lexecution-forcee\/","og_locale":"fr_FR","og_type":"article","og_title":"Droit de l\u2019ex\u00e9cution forc\u00e9e - Argyriadis and Associates Law Firm~ \u0398\u03b5\u03c3\u03c3\u03b1\u03bb\u03bf\u03bd\u03af\u03ba\u03b7 - \u0391\u03b8\u03ae\u03bd\u03b1- \u039a\u03c1\u03ae\u03c4\u03b7","og_description":"[vc_row css=\u00a0\u00bb.vc_custom_1523636210364{margin-top: 80px !important;}\u00a0\u00bb][vc_column width=\u00a0\u00bb5\/6&Prime; offset=\u00a0\u00bbvc_col-lg-offset-1&Prime;][vc_custom_heading text=\u00a0\u00bbDroit de l\u2019ex\u00e9cution forc\u00e9e\u00a0\u00bb font_container=\u00a0\u00bbtag:h2|font_size:20px|text_align:center|line_height:24px\u00a0\u00bb use_theme_fonts=\u00a0\u00bbyes\u00a0\u00bb][vc_separator color=\u00a0\u00bbcustom\u00a0\u00bb el_width=\u00a0\u00bb10&Prime; accent_color=\u00a0\u00bb#c29765&Prime;][vc_column_text] Recours \u00e0 l\u2019ex\u00e9cution forc\u00e9e Recouvrement forc\u00e9 des cr\u00e9ances Nous affrontons du [\u2026]","og_url":"https:\/\/www.alf.gr\/fr\/domaines-dactivite\/droit-de-lexecution-forcee\/","og_site_name":"Argyriadis and Associates Law Firm~ \u0398\u03b5\u03c3\u03c3\u03b1\u03bb\u03bf\u03bd\u03af\u03ba\u03b7 - \u0391\u03b8\u03ae\u03bd\u03b1- \u039a\u03c1\u03ae\u03c4\u03b7","article_publisher":"https:\/\/www.facebook.com\/argiriadislaw","article_modified_time":"2018-12-25T05:04:22+00:00","twitter_card":"summary_large_image","twitter_site":"@argiriadislaw","twitter_misc":{"Dur\u00e9e de lecture estim\u00e9e":"1 minute"},"schema":{"@context":"https:\/\/schema.org","@graph":[{"@type":"WebPage","@id":"https:\/\/www.alf.gr\/fr\/domaines-dactivite\/droit-de-lexecution-forcee\/","url":"https:\/\/www.alf.gr\/fr\/domaines-dactivite\/droit-de-lexecution-forcee\/","name":"Droit de l\u2019ex\u00e9cution forc\u00e9e - Argyriadis and Associates Law Firm~ \u0398\u03b5\u03c3\u03c3\u03b1\u03bb\u03bf\u03bd\u03af\u03ba\u03b7 - \u0391\u03b8\u03ae\u03bd\u03b1- \u039a\u03c1\u03ae\u03c4\u03b7","isPartOf":{"@id":"https:\/\/www.alf.gr\/fr\/#website"},"datePublished":"2018-04-13T16:16:59+00:00","dateModified":"2018-12-25T05:04:22+00:00","breadcrumb":{"@id":"https:\/\/www.alf.gr\/fr\/domaines-dactivite\/droit-de-lexecution-forcee\/#breadcrumb"},"inLanguage":"fr-FR","potentialAction":[{"@type":"ReadAction","target":["https:\/\/www.alf.gr\/fr\/domaines-dactivite\/droit-de-lexecution-forcee\/"]}]},{"@type":"BreadcrumbList","@id":"https:\/\/www.alf.gr\/fr\/domaines-dactivite\/droit-de-lexecution-forcee\/#breadcrumb","itemListElement":[{"@type":"ListItem","position":1,"name":"Home","item":"https:\/\/www.alf.gr\/fr\/"},{"@type":"ListItem","position":2,"name":"DOMAINES D\u2019ACTIVITE","item":"https:\/\/www.alf.gr\/fr\/domaines-dactivite\/"},{"@type":"ListItem","position":3,"name":"Droit de l\u2019ex\u00e9cution forc\u00e9e"}]},{"@type":"WebSite","@id":"https:\/\/www.alf.gr\/fr\/#website","url":"https:\/\/www.alf.gr\/fr\/","name":"Argyriadis and Associates Law Firm","description":"\u0394\u03b9\u03ba\u03b7\u03b3\u03bf\u03c1\u03b9\u03ba\u03ae \u0395\u03c4\u03b1\u03b9\u03c1\u03b5\u03af\u03b1 - \u0394\u03b9\u03ba\u03b7\u03b3\u03cc\u03c1\u03bf\u03c2 - \u039d\u03bf\u03bc\u03b9\u03ba\u03ad\u03c2 \u03a5\u03c0\u03b7\u03c1\u03b5\u03c3\u03af\u03b5\u03c2","publisher":{"@id":"https:\/\/www.alf.gr\/fr\/#organization"},"potentialAction":[{"@type":"SearchAction","target":{"@type":"EntryPoint","urlTemplate":"https:\/\/www.alf.gr\/fr\/?s={search_term_string}"},"query-input":{"@type":"PropertyValueSpecification","valueRequired":true,"valueName":"search_term_string"}}],"inLanguage":"fr-FR"},{"@type":"Organization","@id":"https:\/\/www.alf.gr\/fr\/#organization","name":"Argyriadis Law Firm","url":"https:\/\/www.alf.gr\/fr\/","logo":{"@type":"ImageObject","inLanguage":"fr-FR","@id":"https:\/\/www.alf.gr\/fr\/#\/schema\/logo\/image\/","url":"https:\/\/www.alf.gr\/wp-content\/uploads\/2020\/04\/argyriadis-lawyer.png","contentUrl":"https:\/\/www.alf.gr\/wp-content\/uploads\/2020\/04\/argyriadis-lawyer.png","width":174,"height":150,"caption":"Argyriadis Law Firm"},"image":{"@id":"https:\/\/www.alf.gr\/fr\/#\/schema\/logo\/image\/"},"sameAs":["https:\/\/www.facebook.com\/argiriadislaw","https:\/\/x.com\/argiriadislaw"]}]}},"_links":{"self":[{"href":"https:\/\/www.alf.gr\/fr\/wp-json\/wp\/v2\/pages\/44543","targetHints":{"allow":["GET"]}}],"collection":[{"href":"https:\/\/www.alf.gr\/fr\/wp-json\/wp\/v2\/pages"}],"about":[{"href":"https:\/\/www.alf.gr\/fr\/wp-json\/wp\/v2\/types\/page"}],"author":[{"embeddable":true,"href":"https:\/\/www.alf.gr\/fr\/wp-json\/wp\/v2\/users\/1"}],"replies":[{"embeddable":true,"href":"https:\/\/www.alf.gr\/fr\/wp-json\/wp\/v2\/comments?post=44543"}],"version-history":[{"count":1,"href":"https:\/\/www.alf.gr\/fr\/wp-json\/wp\/v2\/pages\/44543\/revisions"}],"predecessor-version":[{"id":44544,"href":"https:\/\/www.alf.gr\/fr\/wp-json\/wp\/v2\/pages\/44543\/revisions\/44544"}],"up":[{"embeddable":true,"href":"https:\/\/www.alf.gr\/fr\/wp-json\/wp\/v2\/pages\/44528"}],"wp:attachment":[{"href":"https:\/\/www.alf.gr\/fr\/wp-json\/wp\/v2\/media?parent=44543"}],"curies":[{"name":"wp","href":"https:\/\/api.w.org\/{rel}","templated":true}]}}