{"id":44403,"date":"2018-03-13T17:47:30","date_gmt":"2018-03-13T17:47:30","guid":{"rendered":"https:\/\/www.alf.gr\/sxetika-me-mas\/"},"modified":"2025-04-03T08:19:12","modified_gmt":"2025-04-03T08:19:12","slug":"le-cabinet-davocats","status":"publish","type":"page","link":"https:\/\/www.alf.gr\/fr\/le-cabinet-davocats\/","title":{"rendered":"LE CABINET D\u2019AVOCATS"},"content":{"rendered":"<div class=\"wpb-content-wrapper\"><p>[vc_row][vc_column css=\u00a0\u00bb.vc_custom_1742300650832{padding-bottom: 20px !important;}\u00a0\u00bb][vc_single_image image=\u00a0\u00bb83118&Prime; img_size=\u00a0\u00bbfull\u00a0\u00bb][vc_custom_heading text=\u00a0\u00bbLE CABINET D\u2019AVOCATS\u00a0\u00bb font_container=\u00a0\u00bbtag:h1|font_size:30px|text_align:center|color:%23333333|line_height:32px\u00a0\u00bb use_theme_fonts=\u00a0\u00bbyes\u00a0\u00bb][vc_separator color=\u00a0\u00bbcustom\u00a0\u00bb el_width=\u00a0\u00bb10&Prime; accent_color=\u00a0\u00bb#c29765&Prime;][vc_custom_heading text=\u00a0\u00bb\u00ab Argyriadis &amp; Associ\u00e9s \u00bb est un cabinet d\u2019avocats dynamique dont les partenaires fournissent des services juridiques \u00e0 des individus et entreprises pendant les derniers 45 ans dans un vaste spectre des domaines du droit.\u00a0\u00bb font_container=\u00a0\u00bbtag:h6|font_size:24px|text_align:left|line_height:26px\u00a0\u00bb use_theme_fonts=\u00a0\u00bbyes\u00a0\u00bb css=\u00a0\u00bb.vc_custom_1545621350417{padding-bottom: 20px !important;}\u00a0\u00bb][vc_column_text]Notre philosophie est de fournir des services de haute qualit\u00e9 par la comp\u00e9tence et de r\u00e9pondre aux enjeux de nos clients par des solutions sp\u00e9cialis\u00e9es, concr\u00e8tes et directes.<\/p>\n<p>La disponibilit\u00e9 et la r\u00e9activit\u00e9 d\u2019un groupe des juristes, \u00e9conomistes, conseillers fiscaux et encore d\u2019autres collaborateurs des sp\u00e9cificit\u00e9s diverses assure \u00e0 travers un travail constant d\u2019\u00e9quipe les int\u00e9r\u00eats de ceux qui font confiance \u00e0 notre cabinet d\u2019avocats.<\/p>\n<p>Fournir des services juridiques est une t\u00e2che particuli\u00e8re, \u00e9tant donn\u00e9 que la qualit\u00e9 de la l\u00e9gislation \u00e0 chaque pays, la nature complexe des relations socio\u00e9conomiques, la perspicacit\u00e9 et l\u2019exp\u00e9rience \u00e0 affronter des situations difficiles ou urgentes, le facteur humain (avocat ou juge) et la complexit\u00e9 de la science du Droit cod\u00e9terminent le r\u00e9sultat final.<\/p>\n<p>En consid\u00e9rant tout cela, nous planifions affronter tout probl\u00e8me avec notre client, priorit\u00e9 \u00e0 donner au r\u00e9alisme, \u00e0 la consistance, \u00e0 la qualit\u00e9 et \u00e0 l\u2019information d\u00e9taill\u00e9e \u00e0 toutes les \u00e9tapes d\u2019une proc\u00e9dure judiciaire ou extrajudiciaire.<\/p>\n<p>En m\u00eame temps, nous estimons constamment les besoins de notre client\u00e8le et nous \u00e9valuons les comp\u00e9tences de notre association pour r\u00e9pondre aux besoins ci-dessus tr\u00e8s rapidement. Une strat\u00e9gique importante pour les partenaires de notre association est, pas seulement la mise en jour continue et la formation sur les derni\u00e8res \u00e9volutions l\u00e9gislatives, mais \u00e9galement le contact continu avec nos clients, priorit\u00e9 \u00e0 donner \u00e0 la dimension humaine des services juridiques.<br \/>\nNos bureaux situ\u00e9s \u00e0 Salonique et Ath\u00e8nes, avec une pr\u00e9sence forte en Cr\u00e8te et repr\u00e9sentation dans toute la Gr\u00e8ce, \u00ab Argyriadis et Associ\u00e9s \u00bb assure la repr\u00e9sentation judiciaire et la consultation juridique \u00e0 des individus, commer\u00e7ants et entreprises qui op\u00e8rent en Gr\u00e8ce et en Europe du Sud-Est en mettant notamment l\u2019accent sur des sujets du droit de commerce, droit fiscal et droit p\u00e9nal financier.<\/p>\n<p>\u00ab Argyriadis &amp; Associ\u00e9s \u00bb est membre de l\u2019Association des Cabinets d\u2019avocats de la Gr\u00e8ce et participe aux 5 Chambre Bilat\u00e9raux (Chambres Hell\u00e9nique -Am\u00e9ricain, Britannique \u2013 Hell\u00e9nique, Franco \u2013 Hell\u00e9nique, Hell\u00e9nique \u2013 Allemand et Hell\u00e9nique \u2013 Italien).[\/vc_column_text][\/vc_column][vc_column width=\u00a0\u00bb1\/4&Prime;][\/vc_column][\/vc_row]<\/p>\n<\/div>","protected":false},"excerpt":{"rendered":"[vc_row][vc_column css=\".vc_custom_1742300650832{padding-bottom: 20px !important;}\"][vc_single_image image=\"83118\" img_size=\"full\"][vc_custom_heading text=\"LE CABINET D\u2019AVOCATS\" font_container=\"tag:h1|font_size:30px|text_align:center|color:%23333333|line_height:32px\" use_theme_fonts=\"yes\"][vc_separator color=\"custom\" el_width=\"10\" accent_color=\"#c29765\"][vc_custom_heading text=\"\u00ab Argyriadis &amp; Associ\u00e9s \u00bb est un cabinet d\u2019avocats dynamique dont les partenaires fournissent des services juridiques \u00e0 des individus et entreprises pendant les derniers 45 ans dans un vaste spectre des domaines du droit.\" font_container=\"tag:h6|font_size:24px|text_align:left|line_height:26px\" use_theme_fonts=\"yes\" css=\".vc_custom_1545621350417{padding-bottom: 20px !important;}\"][vc_column_text]Notre philosophie\u2026","protected":false},"author":1,"featured_media":0,"parent":0,"menu_order":0,"comment_status":"closed","ping_status":"closed","template":"","meta":{"_acf_changed":false,"content-type":"","_monsterinsights_skip_tracking":false,"_monsterinsights_sitenote_active":false,"_monsterinsights_sitenote_note":"","_monsterinsights_sitenote_category":0,"footnotes":""},"class_list":["post-44403","page","type-page","status-publish","hentry"],"acf":[],"yoast_head":"<!-- This site is optimized with the Yoast SEO plugin v26.3 - https:\/\/yoast.com\/wordpress\/plugins\/seo\/ -->\n<title>LE CABINET D\u2019AVOCATS - Argyriadis and Associates Law Firm~ \u0398\u03b5\u03c3\u03c3\u03b1\u03bb\u03bf\u03bd\u03af\u03ba\u03b7 - \u0391\u03b8\u03ae\u03bd\u03b1- \u039a\u03c1\u03ae\u03c4\u03b7<\/title>\n<meta name=\"robots\" content=\"index, follow, max-snippet:-1, max-image-preview:large, max-video-preview:-1\" \/>\n<link rel=\"canonical\" href=\"https:\/\/www.alf.gr\/fr\/le-cabinet-davocats\/\" \/>\n<meta property=\"og:locale\" content=\"fr_FR\" \/>\n<meta property=\"og:type\" content=\"article\" \/>\n<meta property=\"og:title\" content=\"LE CABINET D\u2019AVOCATS - Argyriadis and Associates Law Firm~ \u0398\u03b5\u03c3\u03c3\u03b1\u03bb\u03bf\u03bd\u03af\u03ba\u03b7 - \u0391\u03b8\u03ae\u03bd\u03b1- \u039a\u03c1\u03ae\u03c4\u03b7\" \/>\n<meta property=\"og:description\" content=\"[vc_row][vc_column css=\u00a0\u00bb.vc_custom_1742300650832{padding-bottom: 20px !important;}\u00a0\u00bb][vc_single_image image=\u00a0\u00bb83118&Prime; img_size=\u00a0\u00bbfull\u00a0\u00bb][vc_custom_heading text=\u00a0\u00bbLE CABINET D\u2019AVOCATS\u00a0\u00bb font_container=\u00a0\u00bbtag:h1|font_size:30px|text_align:center|color:%23333333|line_height:32px\u00a0\u00bb use_theme_fonts=\u00a0\u00bbyes\u00a0\u00bb][vc_separator color=\u00a0\u00bbcustom\u00a0\u00bb el_width=\u00a0\u00bb10&Prime; accent_color=\u00a0\u00bb#c29765&Prime;][vc_custom_heading text=\u00a0\u00bb\u00ab Argyriadis &amp; Associ\u00e9s \u00bb est un cabinet d\u2019avocats dynamique dont les [\u2026]\" \/>\n<meta property=\"og:url\" content=\"https:\/\/www.alf.gr\/fr\/le-cabinet-davocats\/\" \/>\n<meta property=\"og:site_name\" content=\"Argyriadis and Associates Law Firm~ \u0398\u03b5\u03c3\u03c3\u03b1\u03bb\u03bf\u03bd\u03af\u03ba\u03b7 - \u0391\u03b8\u03ae\u03bd\u03b1- \u039a\u03c1\u03ae\u03c4\u03b7\" \/>\n<meta property=\"article:publisher\" content=\"https:\/\/www.facebook.com\/argiriadislaw\" \/>\n<meta property=\"article:modified_time\" content=\"2025-04-03T08:19:12+00:00\" \/>\n<meta name=\"twitter:card\" content=\"summary_large_image\" \/>\n<meta name=\"twitter:site\" content=\"@argiriadislaw\" \/>\n<meta name=\"twitter:label1\" content=\"Dur\u00e9e de lecture estim\u00e9e\" \/>\n\t<meta name=\"twitter:data1\" content=\"2 minutes\" \/>\n<script type=\"application\/ld+json\" class=\"yoast-schema-graph\">{\"@context\":\"https:\/\/schema.org\",\"@graph\":[{\"@type\":\"WebPage\",\"@id\":\"https:\/\/www.alf.gr\/fr\/le-cabinet-davocats\/\",\"url\":\"https:\/\/www.alf.gr\/fr\/le-cabinet-davocats\/\",\"name\":\"LE CABINET D\u2019AVOCATS - Argyriadis and Associates Law Firm~ \u0398\u03b5\u03c3\u03c3\u03b1\u03bb\u03bf\u03bd\u03af\u03ba\u03b7 - \u0391\u03b8\u03ae\u03bd\u03b1- \u039a\u03c1\u03ae\u03c4\u03b7\",\"isPartOf\":{\"@id\":\"https:\/\/www.alf.gr\/fr\/#website\"},\"datePublished\":\"2018-03-13T17:47:30+00:00\",\"dateModified\":\"2025-04-03T08:19:12+00:00\",\"breadcrumb\":{\"@id\":\"https:\/\/www.alf.gr\/fr\/le-cabinet-davocats\/#breadcrumb\"},\"inLanguage\":\"fr-FR\",\"potentialAction\":[{\"@type\":\"ReadAction\",\"target\":[\"https:\/\/www.alf.gr\/fr\/le-cabinet-davocats\/\"]}]},{\"@type\":\"BreadcrumbList\",\"@id\":\"https:\/\/www.alf.gr\/fr\/le-cabinet-davocats\/#breadcrumb\",\"itemListElement\":[{\"@type\":\"ListItem\",\"position\":1,\"name\":\"Home\",\"item\":\"https:\/\/www.alf.gr\/fr\/\"},{\"@type\":\"ListItem\",\"position\":2,\"name\":\"LE CABINET D\u2019AVOCATS\"}]},{\"@type\":\"WebSite\",\"@id\":\"https:\/\/www.alf.gr\/fr\/#website\",\"url\":\"https:\/\/www.alf.gr\/fr\/\",\"name\":\"Argyriadis and Associates Law Firm\",\"description\":\"\u0394\u03b9\u03ba\u03b7\u03b3\u03bf\u03c1\u03b9\u03ba\u03ae \u0395\u03c4\u03b1\u03b9\u03c1\u03b5\u03af\u03b1 - \u0394\u03b9\u03ba\u03b7\u03b3\u03cc\u03c1\u03bf\u03c2 - \u039d\u03bf\u03bc\u03b9\u03ba\u03ad\u03c2 \u03a5\u03c0\u03b7\u03c1\u03b5\u03c3\u03af\u03b5\u03c2\",\"publisher\":{\"@id\":\"https:\/\/www.alf.gr\/fr\/#organization\"},\"potentialAction\":[{\"@type\":\"SearchAction\",\"target\":{\"@type\":\"EntryPoint\",\"urlTemplate\":\"https:\/\/www.alf.gr\/fr\/?s={search_term_string}\"},\"query-input\":{\"@type\":\"PropertyValueSpecification\",\"valueRequired\":true,\"valueName\":\"search_term_string\"}}],\"inLanguage\":\"fr-FR\"},{\"@type\":\"Organization\",\"@id\":\"https:\/\/www.alf.gr\/fr\/#organization\",\"name\":\"Argyriadis Law Firm\",\"url\":\"https:\/\/www.alf.gr\/fr\/\",\"logo\":{\"@type\":\"ImageObject\",\"inLanguage\":\"fr-FR\",\"@id\":\"https:\/\/www.alf.gr\/fr\/#\/schema\/logo\/image\/\",\"url\":\"https:\/\/www.alf.gr\/wp-content\/uploads\/2020\/04\/argyriadis-lawyer.png\",\"contentUrl\":\"https:\/\/www.alf.gr\/wp-content\/uploads\/2020\/04\/argyriadis-lawyer.png\",\"width\":174,\"height\":150,\"caption\":\"Argyriadis Law Firm\"},\"image\":{\"@id\":\"https:\/\/www.alf.gr\/fr\/#\/schema\/logo\/image\/\"},\"sameAs\":[\"https:\/\/www.facebook.com\/argiriadislaw\",\"https:\/\/x.com\/argiriadislaw\"]}]}<\/script>\n<!-- \/ Yoast SEO plugin. -->","yoast_head_json":{"title":"LE CABINET D\u2019AVOCATS - Argyriadis and Associates Law Firm~ \u0398\u03b5\u03c3\u03c3\u03b1\u03bb\u03bf\u03bd\u03af\u03ba\u03b7 - \u0391\u03b8\u03ae\u03bd\u03b1- \u039a\u03c1\u03ae\u03c4\u03b7","robots":{"index":"index","follow":"follow","max-snippet":"max-snippet:-1","max-image-preview":"max-image-preview:large","max-video-preview":"max-video-preview:-1"},"canonical":"https:\/\/www.alf.gr\/fr\/le-cabinet-davocats\/","og_locale":"fr_FR","og_type":"article","og_title":"LE CABINET D\u2019AVOCATS - Argyriadis and Associates Law Firm~ \u0398\u03b5\u03c3\u03c3\u03b1\u03bb\u03bf\u03bd\u03af\u03ba\u03b7 - \u0391\u03b8\u03ae\u03bd\u03b1- \u039a\u03c1\u03ae\u03c4\u03b7","og_description":"[vc_row][vc_column css=\u00a0\u00bb.vc_custom_1742300650832{padding-bottom: 20px !important;}\u00a0\u00bb][vc_single_image image=\u00a0\u00bb83118&Prime; img_size=\u00a0\u00bbfull\u00a0\u00bb][vc_custom_heading text=\u00a0\u00bbLE CABINET D\u2019AVOCATS\u00a0\u00bb font_container=\u00a0\u00bbtag:h1|font_size:30px|text_align:center|color:%23333333|line_height:32px\u00a0\u00bb use_theme_fonts=\u00a0\u00bbyes\u00a0\u00bb][vc_separator color=\u00a0\u00bbcustom\u00a0\u00bb el_width=\u00a0\u00bb10&Prime; accent_color=\u00a0\u00bb#c29765&Prime;][vc_custom_heading text=\u00a0\u00bb\u00ab Argyriadis &amp; Associ\u00e9s \u00bb est un cabinet d\u2019avocats dynamique dont les [\u2026]","og_url":"https:\/\/www.alf.gr\/fr\/le-cabinet-davocats\/","og_site_name":"Argyriadis and Associates Law Firm~ \u0398\u03b5\u03c3\u03c3\u03b1\u03bb\u03bf\u03bd\u03af\u03ba\u03b7 - \u0391\u03b8\u03ae\u03bd\u03b1- \u039a\u03c1\u03ae\u03c4\u03b7","article_publisher":"https:\/\/www.facebook.com\/argiriadislaw","article_modified_time":"2025-04-03T08:19:12+00:00","twitter_card":"summary_large_image","twitter_site":"@argiriadislaw","twitter_misc":{"Dur\u00e9e de lecture estim\u00e9e":"2 minutes"},"schema":{"@context":"https:\/\/schema.org","@graph":[{"@type":"WebPage","@id":"https:\/\/www.alf.gr\/fr\/le-cabinet-davocats\/","url":"https:\/\/www.alf.gr\/fr\/le-cabinet-davocats\/","name":"LE CABINET D\u2019AVOCATS - Argyriadis and Associates Law Firm~ \u0398\u03b5\u03c3\u03c3\u03b1\u03bb\u03bf\u03bd\u03af\u03ba\u03b7 - \u0391\u03b8\u03ae\u03bd\u03b1- \u039a\u03c1\u03ae\u03c4\u03b7","isPartOf":{"@id":"https:\/\/www.alf.gr\/fr\/#website"},"datePublished":"2018-03-13T17:47:30+00:00","dateModified":"2025-04-03T08:19:12+00:00","breadcrumb":{"@id":"https:\/\/www.alf.gr\/fr\/le-cabinet-davocats\/#breadcrumb"},"inLanguage":"fr-FR","potentialAction":[{"@type":"ReadAction","target":["https:\/\/www.alf.gr\/fr\/le-cabinet-davocats\/"]}]},{"@type":"BreadcrumbList","@id":"https:\/\/www.alf.gr\/fr\/le-cabinet-davocats\/#breadcrumb","itemListElement":[{"@type":"ListItem","position":1,"name":"Home","item":"https:\/\/www.alf.gr\/fr\/"},{"@type":"ListItem","position":2,"name":"LE CABINET D\u2019AVOCATS"}]},{"@type":"WebSite","@id":"https:\/\/www.alf.gr\/fr\/#website","url":"https:\/\/www.alf.gr\/fr\/","name":"Argyriadis and Associates Law Firm","description":"\u0394\u03b9\u03ba\u03b7\u03b3\u03bf\u03c1\u03b9\u03ba\u03ae \u0395\u03c4\u03b1\u03b9\u03c1\u03b5\u03af\u03b1 - \u0394\u03b9\u03ba\u03b7\u03b3\u03cc\u03c1\u03bf\u03c2 - \u039d\u03bf\u03bc\u03b9\u03ba\u03ad\u03c2 \u03a5\u03c0\u03b7\u03c1\u03b5\u03c3\u03af\u03b5\u03c2","publisher":{"@id":"https:\/\/www.alf.gr\/fr\/#organization"},"potentialAction":[{"@type":"SearchAction","target":{"@type":"EntryPoint","urlTemplate":"https:\/\/www.alf.gr\/fr\/?s={search_term_string}"},"query-input":{"@type":"PropertyValueSpecification","valueRequired":true,"valueName":"search_term_string"}}],"inLanguage":"fr-FR"},{"@type":"Organization","@id":"https:\/\/www.alf.gr\/fr\/#organization","name":"Argyriadis Law Firm","url":"https:\/\/www.alf.gr\/fr\/","logo":{"@type":"ImageObject","inLanguage":"fr-FR","@id":"https:\/\/www.alf.gr\/fr\/#\/schema\/logo\/image\/","url":"https:\/\/www.alf.gr\/wp-content\/uploads\/2020\/04\/argyriadis-lawyer.png","contentUrl":"https:\/\/www.alf.gr\/wp-content\/uploads\/2020\/04\/argyriadis-lawyer.png","width":174,"height":150,"caption":"Argyriadis Law Firm"},"image":{"@id":"https:\/\/www.alf.gr\/fr\/#\/schema\/logo\/image\/"},"sameAs":["https:\/\/www.facebook.com\/argiriadislaw","https:\/\/x.com\/argiriadislaw"]}]}},"_links":{"self":[{"href":"https:\/\/www.alf.gr\/fr\/wp-json\/wp\/v2\/pages\/44403","targetHints":{"allow":["GET"]}}],"collection":[{"href":"https:\/\/www.alf.gr\/fr\/wp-json\/wp\/v2\/pages"}],"about":[{"href":"https:\/\/www.alf.gr\/fr\/wp-json\/wp\/v2\/types\/page"}],"author":[{"embeddable":true,"href":"https:\/\/www.alf.gr\/fr\/wp-json\/wp\/v2\/users\/1"}],"replies":[{"embeddable":true,"href":"https:\/\/www.alf.gr\/fr\/wp-json\/wp\/v2\/comments?post=44403"}],"version-history":[{"count":8,"href":"https:\/\/www.alf.gr\/fr\/wp-json\/wp\/v2\/pages\/44403\/revisions"}],"predecessor-version":[{"id":83126,"href":"https:\/\/www.alf.gr\/fr\/wp-json\/wp\/v2\/pages\/44403\/revisions\/83126"}],"wp:attachment":[{"href":"https:\/\/www.alf.gr\/fr\/wp-json\/wp\/v2\/media?parent=44403"}],"curies":[{"name":"wp","href":"https:\/\/api.w.org\/{rel}","templated":true}]}}