{"id":44376,"date":"2018-12-24T02:31:41","date_gmt":"2018-12-24T02:31:41","guid":{"rendered":"https:\/\/www.alf.gr\/?page_id=44376"},"modified":"2025-08-18T11:00:54","modified_gmt":"2025-08-18T11:00:54","slug":"datenschutzerklaerung","status":"publish","type":"page","link":"https:\/\/www.alf.gr\/de\/datenschutzerklaerung\/","title":{"rendered":"DATENSCHUTZERKL\u00c4RUNG"},"content":{"rendered":"<p>&nbsp;<\/p>\n<h2><strong>Datenschutzrichtlinie f\u00fcr personenbezogene Daten<\/strong><\/h2>\n<p>&nbsp;<\/p>\n<p><strong>DIE RECHTSANWALTSKANZLEI ARGYRIADIS<\/strong> misst dem Schutz personenbezogener Daten und der Wahrung der Privatsph\u00e4re ihrer Mandanten sowie aller anderen Personen, die mit uns kommunizieren oder zusammenarbeiten, besondere Bedeutung bei und verpflichtet sich zur vollst\u00e4ndigen Vertraulichkeit in Bezug auf die personenbezogenen Daten dieser Betroffenen, gem\u00e4\u00df den Vorgaben der Datenschutz-Grundverordnung (EU 2016\/679) und des Gesetzes 4624\/2019.<\/p>\n<p>Diese Datenschutzrichtlinie erl\u00e4utert jede Situation der Erhebung und Verarbeitung personenbezogener Daten durch die Kanzlei w\u00e4hrend der Nutzung der Website sowie bei der Erbringung unserer Dienstleistungen. Sie kl\u00e4rt den Zweck und die Art der Verarbeitung, die Verwendungsgr\u00fcnde, die m\u00f6glichen Empf\u00e4nger dieser Daten sowie Ihre Rechte gem\u00e4\u00df den oben genannten gesetzlichen Bestimmungen.<\/p>\n<p>Unsere Kanzlei verarbeitet ausschlie\u00dflich die personenbezogenen Daten, die Sie uns \u00fcber das Kontaktformular auf unserer Website, per E-Mail, telefonisch oder pers\u00f6nlich zur Verf\u00fcgung stellen. Diese personenbezogenen Daten werden gem\u00e4\u00df dieser Datenschutzrichtlinie verarbeitet.<\/p>\n<p>Zu den personenbezogenen Daten, die m\u00f6glicherweise erfasst und verarbeitet werden, geh\u00f6ren grundlegende pers\u00f6nliche Angaben und Kontaktdaten, wie vollst\u00e4ndiger Name, Telefonnummer, Post- und E-Mail-Adresse, finanzielle und berufliche Informationen, Angaben zu rechtlichen Angelegenheiten und im Rahmen von Bewerbungen der Lebenslauf sowie alle weiteren zur Bearbeitung erforderlichen Informationen.<\/p>\n<p>Bitte beachten Sie, dass Ihre Nachrichten im Rahmen einer \u201eno reply\u201c-Kommunikation \u2013 d.\u202fh. \u00fcber das Kontaktformular auf der Website oder per E-Mail \u2013 nicht automatisch ein Mandatsverh\u00e4ltnis mit der Kanzlei begr\u00fcnden. Es wird empfohlen, keine sensiblen personenbezogenen Daten oder vertraulichen Informationen zu senden, bevor nicht eine vertragliche Beziehung mit uns vereinbart wurde.<\/p>\n<p>Der Umgang mit personenbezogenen Daten erfolgt unter Einhaltung der gesetzlichen Vorschriften und auf Grundlage der Grunds\u00e4tze der Rechtm\u00e4\u00dfigkeit, Erforderlichkeit und Verh\u00e4ltnism\u00e4\u00dfigkeit. Die Verarbeitung erfolgt zweckgebunden und unter Beachtung der Grunds\u00e4tze der Objektivit\u00e4t, Transparenz, Integrit\u00e4t und Vertraulichkeit (Artikel 5 DSGVO 2016\/679).<\/p>\n<h3><strong>Cookie-Richtlinie<\/strong><\/h3>\n<p>Die Rechtsanwaltskanzlei Argyriadis verwendet Cookies, um den ordnungsgem\u00e4\u00dfen und effizienten Betrieb der Website sicherzustellen. Cookies sind Datendateien, die in Ihrem Browser gespeichert werden k\u00f6nnen und Informationen w\u00e4hrend und\/oder zwischen Ihren Besuchen enthalten. Die erfassten Daten dienen funktionalen, analytischen und werblichen Zwecken, wie etwa IP-Adresse, Ger\u00e4t und Browser, Sprache, Pr\u00e4ferenzen, Website-Besuchsdaten sowie personalisierte Werbung entsprechend den Bed\u00fcrfnissen des Besuchers. Diese Informationen werden nicht zur pers\u00f6nlichen Identifizierung des Nutzers verwendet und bleiben anonym. Die Erhebung erfolgt ausschlie\u00dflich zur statistischen Analyse der Website-Funktionalit\u00e4t und zur Verbesserung des Nutzererlebnisses.<\/p>\n<p>Sie haben die M\u00f6glichkeit, Ihre Browsereinstellungen so zu konfigurieren, dass Cookies abgelehnt, vollst\u00e4ndig oder teilweise akzeptiert werden. Bitte beachten Sie, dass bei Ablehnung oder Blockierung von Cookies m\u00f6glicherweise nicht alle Funktionen der Website zur Verf\u00fcgung stehen.<\/p>\n<h3><strong>Geltungsbereich der Datenschutzrichtlinie<\/strong><\/h3>\n<p>Diese Richtlinie richtet sich an nat\u00fcrliche Personen, die mit unserer Kanzlei kommunizieren oder in gesch\u00e4ftlichem Kontakt stehen. Sie kann jederzeit nach Ermessen der Kanzlei und im Rahmen der jeweils geltenden gesetzlichen Bestimmungen ge\u00e4ndert oder angepasst werden.<\/p>\n<ol>\n<li><strong> Verantwortlicher f\u00fcr die Datenverarbeitung<\/strong><\/li>\n<\/ol>\n<p>Unser Unternehmen fungiert als Verantwortlicher f\u00fcr die Verarbeitung personenbezogener Daten.<\/p>\n<p>Kontaktdaten:<\/p>\n<p>Hauptsitz Thessaloniki: Dodekanisou 10A, 54626<\/p>\n<p>Telefon: +30 2310 536488<\/p>\n<p>Niederlassung Athen: Patriarchou Ioakeim 48\u201350, Kolonaki, 10676<\/p>\n<p>Telefon: +30 2130 343466, +30 2130 343467<\/p>\n<p>&nbsp;<\/p>\n<ol start=\"2\">\n<li><strong> Zweck der Verarbeitung<\/strong><\/li>\n<\/ol>\n<p>Die Verarbeitung personenbezogener Daten durch unsere Kanzlei ist unbedingt erforderlich f\u00fcr die Durchf\u00fchrung der Zwecke und Dienstleistungen, die im Rahmen der Zusammenarbeit und des Vertragsverh\u00e4ltnisses mit unseren Mandanten vereinbart wurden \u2013 unter gleichzeitig m\u00f6glichst geringer Beeintr\u00e4chtigung der Privatsph\u00e4re der betroffenen Person. Die Hauptzwecke der Verarbeitung, ohne darauf beschr\u00e4nkt zu sein, sind:<\/p>\n<ol>\n<li>a) gerichtliche und au\u00dfergerichtliche Vertretung sowie rechtliche Beratung,<\/li>\n<li>b) Erf\u00fcllung gesetzlicher Pflichten der Kanzlei,<\/li>\n<li>c) Erf\u00fcllung unserer eigenen steuerlichen Pflichten,<\/li>\n<li>d) Zugang zu Gerichtsentscheidungen und vertraulichen Finanzinformationen.<\/li>\n<\/ol>\n<p>Unsere Kanzlei verlangt von Mandanten keine Offenlegung personenbezogener Daten, die nicht mit der Art der Rechtsbeziehung, den gesetzlichen Verpflichtungen, den Interessen unserer Mandanten oder der Aus\u00fcbung unserer Pflichten in Zusammenhang stehen oder gesetzlich vorgeschrieben sind.<\/p>\n<p>&nbsp;<\/p>\n<ol start=\"3\">\n<li><strong> Rechtsgrundlage der Verarbeitung<\/strong><\/li>\n<\/ol>\n<p>Die Verarbeitung erfolgt ausschlie\u00dflich im Rahmen der vertraglichen Beziehung mit der betroffenen Person (Auftragsvertrag) und auf der Grundlage einer g\u00fcltigen Einwilligung des Mandanten \u2013 also ausdr\u00fccklich, freiwillig, spezifisch, informiert und eindeutig. Diese Einwilligung kann jederzeit auf Wunsch der betroffenen Person widerrufen werden, allerdings nicht r\u00fcckwirkend und ohne die Rechtm\u00e4\u00dfigkeit der bereits durchgef\u00fchrten Verarbeitung zu beeintr\u00e4chtigen. Ein solcher Widerruf kann jedoch die Erbringung der Dienstleistung unm\u00f6glich machen. Unsere Kanzlei stellt sicher, dass geeignete technische und organisatorische Ma\u00dfnahmen gem\u00e4\u00df der geltenden Gesetzgebung umgesetzt werden, um die Rechte und Freiheiten der betroffenen Person zu sch\u00fctzen.<\/p>\n<p>&nbsp;<\/p>\n<ol start=\"4\">\n<li><strong> Dauer der Datenspeicherung<\/strong><\/li>\n<\/ol>\n<p>Unsere Kanzlei speichert personenbezogene Daten nur f\u00fcr den Zeitraum, der zur Erf\u00fcllung der Verarbeitungszwecke und zur Einhaltung aller vertraglichen Verpflichtungen aus der Beziehung mit dem Mandanten erforderlich ist, sowie f\u00fcr die Dauer der vertraglichen oder gesch\u00e4ftlichen Beziehung. Personenbezogene Daten k\u00f6nnen auch f\u00fcr einen angemessenen gesetzlichen Zeitraum gespeichert werden, um unsere Rechte oder berechtigten Interessen zu wahren oder gesetzliche Anspr\u00fcche geltend zu machen, oder zur Einhaltung der geltenden Gesetzgebung. Es werden alle geeigneten Ma\u00dfnahmen ergriffen, um die gesch\u00fctzten personenbezogenen Informationen sicher aufzubewahren.<\/p>\n<p>&nbsp;<\/p>\n<ol start=\"5\">\n<li><strong> Empf\u00e4nger der Daten<\/strong><\/li>\n<\/ol>\n<p>Zugriff auf personenbezogene Daten sowie deren Verarbeitung und Nutzung haben ausschlie\u00dflich der Verantwortliche f\u00fcr die Verarbeitung, seine Vertreter, Auftragsverarbeiter oder gesetzlich autorisierte Personen, stets im Rahmen ihrer Zust\u00e4ndigkeiten und ausschlie\u00dflich zum Zweck der ordnungsgem\u00e4\u00dfen Erf\u00fcllung der vertraglichen, gesetzlichen und regulatorischen Pflichten der Kanzlei unter Einhaltung aller Bedingungen zur Datensicherheit und ohne Beeintr\u00e4chtigung der Rechte der betroffenen Personen.<\/p>\n<p>Die Kanzlei \u00fcbermittelt oder offenbart personenbezogene Daten nicht an Dritte, es sei denn, dies ist gesetzlich vorgeschrieben (z.\u202fB. an \u00f6ffentliche Beh\u00f6rden oder Einrichtungen) oder wenn es die Umst\u00e4nde erfordern \u2013 an kooperierende nat\u00fcrliche oder juristische Personen, externe Partner oder Subunternehmer \u2013 im Rahmen ihrer Aufgaben und unter entsprechenden Vertraulichkeitsgarantien.<\/p>\n<p>Die Kanzlei \u00fcbermittelt keine personenbezogenen Daten in Drittl\u00e4nder oder an internationale Organisationen, es sei denn, dies ist gesetzlich oder regulatorisch vorgeschrieben.<\/p>\n<p>&nbsp;<\/p>\n<ol start=\"6\">\n<li><strong> Rechte der betroffenen Person<\/strong><\/li>\n<\/ol>\n<p>Die EU-Verordnung 2016\/679 in Verbindung mit dem griechischen Gesetz 4624\/2019 sichert die Rechte zum Schutz personenbezogener Daten der betroffenen Personen.<\/p>\n<ul>\n<li><u>Recht auf Information (Art. 12, 13, 14):<\/u> Die betroffene Person hat Anspruch auf klare und verst\u00e4ndliche Informationen \u00fcber die erhobenen und verarbeiteten personenbezogenen Daten sowie \u00fcber die Empf\u00e4nger und Auftragsverarbeiter dieser Daten.<\/li>\n<li><u>Recht auf Auskunft (Art. 12, 15):<\/u> Die betroffene Person hat das Recht auf vollst\u00e4ndige und detaillierte Auskunft, Best\u00e4tigung \u00fcber die Verarbeitung und Information \u00fcber alle Verfahren zur Aus\u00fcbung ihrer Rechte.<\/li>\n<li><u>Recht auf Berichtigung (Art. 5 Abs. 1, 16, 17):<\/u> Der Auftraggeber kann verlangen, dass wir unrichtige Daten innerhalb einer angemessenen Frist berichtigen und fehlende Informationen erg\u00e4nzen.<\/li>\n<li><u>Recht auf L\u00f6schung (&#8222;Recht auf Vergessenwerden&#8220;) (Art. 5 Abs. 1, 16, 17):<\/u> Die betroffene Person kann verlangen, dass wir ihre personenbezogenen Daten l\u00f6schen, ohne Nachweis eines Schadens, sofern kein vorrangiger rechtlicher Grund f\u00fcr die Aufbewahrung besteht.<\/li>\n<li><u>Recht auf Einschr\u00e4nkung der Verarbeitung (Art. 4 Abs. 3, 12, 18, 19):<\/u> Die betroffene Person kann verlangen, dass die Verarbeitung eingeschr\u00e4nkt wird, wenn kein Grund f\u00fcr ihre Fortsetzung besteht oder sie Einw\u00e4nde dagegen hat. Der Verantwortliche muss dann die Empf\u00e4nger entsprechend informieren.<\/li>\n<li><u>Recht auf Daten\u00fcbertragbarkeit (Art. 20):<\/u> Der Auftraggeber kann verlangen, dass seine personenbezogenen Daten an einen neuen Verantwortlichen \u00fcbermittelt werden.<\/li>\n<li><u>Widerspruchsrecht (Art. 21):<\/u> Die betroffene Person kann der Verarbeitung ihrer personenbezogenen Daten widersprechen, es sei denn, sie ist f\u00fcr eine Aufgabe im \u00f6ffentlichen Interesse erforderlich \u2013 eine weitere Verarbeitung ist in diesem Fall untersagt und kann mit einer Geldstrafe geahndet werden.<\/li>\n<\/ul>\n<p>Unser Unternehmen beantwortet Ihre Anfragen ohne unangemessene Verz\u00f6gerung und innerhalb eines Monats nach Eingang, es sei denn, es liegen besondere Umst\u00e4nde vor. In solchen F\u00e4llen kann die Frist um bis zu zwei weitere Monate verl\u00e4ngert werden, wenn dies aufgrund der Komplexit\u00e4t oder Anzahl der Anfragen erforderlich ist. In diesem Fall informiert das Unternehmen Sie innerhalb eines Monats \u00fcber die Verl\u00e4ngerung und die Gr\u00fcnde f\u00fcr die Verz\u00f6gerung.<\/p>\n<p>Wir behalten uns das Recht vor, Anfragen abzulehnen, die unangemessen oft wiederholt werden, einen unverh\u00e4ltnism\u00e4\u00dfigen technischen Aufwand erfordern, \u00fcberm\u00e4\u00dfige technische Folgen haben, die Privatsph\u00e4re anderer gef\u00e4hrden oder nicht durchf\u00fchrbar sind.<\/p>\n<p>Wenn Ihre Anfrage nicht erf\u00fcllt werden kann, informiert Sie das Unternehmen unverz\u00fcglich, sp\u00e4testens jedoch innerhalb eines Monats nach Eingang, \u00fcber die Gr\u00fcnde und Ihr Recht, eine Beschwerde bei der Griechischen Datenschutzbeh\u00f6rde einzureichen sowie Ihr Recht, gerichtlichen Rechtsschutz in Anspruch zu nehmen.<\/p>\n<p>Wenn Sie sich dar\u00fcber beschweren m\u00f6chten, wie wir Ihre personenbezogenen Daten verarbeiten, k\u00f6nnen Sie sich per E-Mail an den Verantwortlichen unter argy@alf.gr oder schriftlich an Dodekanisou 10A, 54626 Thessaloniki, Griechenland wenden. Sollten Sie weiterhin der Meinung sein, dass Ihre personenbezogenen Daten nicht gesetzeskonform verarbeitet wurden, k\u00f6nnen Sie sich an die Griechische Datenschutzbeh\u00f6rde wenden und eine Beschwerde einreichen.<\/p>\n<p>[Letzte Aktualisierung: 25.07.2025]<\/p>\n","protected":false},"excerpt":{"rendered":"&nbsp; Datenschutzrichtlinie f\u00fcr personenbezogene Daten &nbsp; DIE RECHTSANWALTSKANZLEI ARGYRIADIS misst dem Schutz personenbezogener Daten und der Wahrung der Privatsph\u00e4re ihrer Mandanten sowie aller anderen Personen, die mit uns kommunizieren oder zusammenarbeiten, besondere Bedeutung bei und verpflichtet sich zur vollst\u00e4ndigen Vertraulichkeit in Bezug auf die personenbezogenen Daten dieser Betroffenen, gem\u00e4\u00df den Vorgaben der Datenschutz-Grundverordnung (EU 2016\/679)&hellip;","protected":false},"author":1,"featured_media":-1,"parent":0,"menu_order":0,"comment_status":"closed","ping_status":"closed","template":"","meta":{"_acf_changed":false,"content-type":"","_monsterinsights_skip_tracking":false,"_monsterinsights_sitenote_active":false,"_monsterinsights_sitenote_note":"","_monsterinsights_sitenote_category":0,"footnotes":""},"class_list":["post-44376","page","type-page","status-publish","has-post-thumbnail","hentry"],"acf":[],"yoast_head":"<!-- This site is optimized with the Yoast SEO plugin v26.3 - https:\/\/yoast.com\/wordpress\/plugins\/seo\/ -->\n<title>DATENSCHUTZERKL\u00c4RUNG - Argyriadis and Associates Law Firm<\/title>\n<meta name=\"robots\" content=\"index, follow, max-snippet:-1, max-image-preview:large, max-video-preview:-1\" \/>\n<link rel=\"canonical\" href=\"https:\/\/www.alf.gr\/de\/datenschutzerklaerung\/\" \/>\n<meta property=\"og:locale\" content=\"de_DE\" \/>\n<meta property=\"og:type\" content=\"article\" \/>\n<meta property=\"og:title\" content=\"DATENSCHUTZERKL\u00c4RUNG - Argyriadis and Associates Law Firm\" \/>\n<meta property=\"og:description\" content=\"&nbsp; Datenschutzrichtlinie f\u00fcr personenbezogene Daten &nbsp; DIE RECHTSANWALTSKANZLEI ARGYRIADIS misst dem Schutz personenbezogener Daten und der Wahrung der Privatsph\u00e4re ihrer Mandanten sowie aller anderen Personen, die [\u2026]\" \/>\n<meta property=\"og:url\" content=\"https:\/\/www.alf.gr\/de\/datenschutzerklaerung\/\" \/>\n<meta property=\"og:site_name\" content=\"Argyriadis and Associates Law Firm\" \/>\n<meta property=\"article:publisher\" content=\"https:\/\/www.facebook.com\/argiriadislaw\" \/>\n<meta property=\"article:modified_time\" content=\"2025-08-18T11:00:54+00:00\" \/>\n<meta name=\"twitter:card\" content=\"summary_large_image\" \/>\n<meta name=\"twitter:site\" content=\"@argiriadislaw\" \/>\n<meta name=\"twitter:label1\" content=\"Gesch\u00e4tzte Lesezeit\" \/>\n\t<meta name=\"twitter:data1\" content=\"6\u00a0Minuten\" \/>\n<script type=\"application\/ld+json\" class=\"yoast-schema-graph\">{\"@context\":\"https:\/\/schema.org\",\"@graph\":[{\"@type\":\"WebPage\",\"@id\":\"https:\/\/www.alf.gr\/de\/datenschutzerklaerung\/\",\"url\":\"https:\/\/www.alf.gr\/de\/datenschutzerklaerung\/\",\"name\":\"DATENSCHUTZERKL\u00c4RUNG - Argyriadis and Associates Law Firm\",\"isPartOf\":{\"@id\":\"https:\/\/www.alf.gr\/de\/#website\"},\"datePublished\":\"2018-12-24T02:31:41+00:00\",\"dateModified\":\"2025-08-18T11:00:54+00:00\",\"breadcrumb\":{\"@id\":\"https:\/\/www.alf.gr\/de\/datenschutzerklaerung\/#breadcrumb\"},\"inLanguage\":\"de\",\"potentialAction\":[{\"@type\":\"ReadAction\",\"target\":[\"https:\/\/www.alf.gr\/de\/datenschutzerklaerung\/\"]}]},{\"@type\":\"BreadcrumbList\",\"@id\":\"https:\/\/www.alf.gr\/de\/datenschutzerklaerung\/#breadcrumb\",\"itemListElement\":[{\"@type\":\"ListItem\",\"position\":1,\"name\":\"Home\",\"item\":\"https:\/\/www.alf.gr\/de\/\"},{\"@type\":\"ListItem\",\"position\":2,\"name\":\"DATENSCHUTZERKL\u00c4RUNG\"}]},{\"@type\":\"WebSite\",\"@id\":\"https:\/\/www.alf.gr\/de\/#website\",\"url\":\"https:\/\/www.alf.gr\/de\/\",\"name\":\"Argyriadis and Associates Law Firm\",\"description\":\"Law Firm - Thessaloniki - Athens - Greece\",\"publisher\":{\"@id\":\"https:\/\/www.alf.gr\/de\/#organization\"},\"potentialAction\":[{\"@type\":\"SearchAction\",\"target\":{\"@type\":\"EntryPoint\",\"urlTemplate\":\"https:\/\/www.alf.gr\/de\/?s={search_term_string}\"},\"query-input\":{\"@type\":\"PropertyValueSpecification\",\"valueRequired\":true,\"valueName\":\"search_term_string\"}}],\"inLanguage\":\"de\"},{\"@type\":\"Organization\",\"@id\":\"https:\/\/www.alf.gr\/de\/#organization\",\"name\":\"Argyriadis Law Firm\",\"url\":\"https:\/\/www.alf.gr\/de\/\",\"logo\":{\"@type\":\"ImageObject\",\"inLanguage\":\"de\",\"@id\":\"https:\/\/www.alf.gr\/de\/#\/schema\/logo\/image\/\",\"url\":\"https:\/\/www.alf.gr\/wp-content\/uploads\/2020\/04\/argyriadis-lawyer.png\",\"contentUrl\":\"https:\/\/www.alf.gr\/wp-content\/uploads\/2020\/04\/argyriadis-lawyer.png\",\"width\":174,\"height\":150,\"caption\":\"Argyriadis Law Firm\"},\"image\":{\"@id\":\"https:\/\/www.alf.gr\/de\/#\/schema\/logo\/image\/\"},\"sameAs\":[\"https:\/\/www.facebook.com\/argiriadislaw\",\"https:\/\/x.com\/argiriadislaw\"]}]}<\/script>\n<!-- \/ Yoast SEO plugin. -->","yoast_head_json":{"title":"DATENSCHUTZERKL\u00c4RUNG - Argyriadis and Associates Law Firm","robots":{"index":"index","follow":"follow","max-snippet":"max-snippet:-1","max-image-preview":"max-image-preview:large","max-video-preview":"max-video-preview:-1"},"canonical":"https:\/\/www.alf.gr\/de\/datenschutzerklaerung\/","og_locale":"de_DE","og_type":"article","og_title":"DATENSCHUTZERKL\u00c4RUNG - Argyriadis and Associates Law Firm","og_description":"&nbsp; Datenschutzrichtlinie f\u00fcr personenbezogene Daten &nbsp; DIE RECHTSANWALTSKANZLEI ARGYRIADIS misst dem Schutz personenbezogener Daten und der Wahrung der Privatsph\u00e4re ihrer Mandanten sowie aller anderen Personen, die [\u2026]","og_url":"https:\/\/www.alf.gr\/de\/datenschutzerklaerung\/","og_site_name":"Argyriadis and Associates Law Firm","article_publisher":"https:\/\/www.facebook.com\/argiriadislaw","article_modified_time":"2025-08-18T11:00:54+00:00","twitter_card":"summary_large_image","twitter_site":"@argiriadislaw","twitter_misc":{"Gesch\u00e4tzte Lesezeit":"6\u00a0Minuten"},"schema":{"@context":"https:\/\/schema.org","@graph":[{"@type":"WebPage","@id":"https:\/\/www.alf.gr\/de\/datenschutzerklaerung\/","url":"https:\/\/www.alf.gr\/de\/datenschutzerklaerung\/","name":"DATENSCHUTZERKL\u00c4RUNG - Argyriadis and Associates Law Firm","isPartOf":{"@id":"https:\/\/www.alf.gr\/de\/#website"},"datePublished":"2018-12-24T02:31:41+00:00","dateModified":"2025-08-18T11:00:54+00:00","breadcrumb":{"@id":"https:\/\/www.alf.gr\/de\/datenschutzerklaerung\/#breadcrumb"},"inLanguage":"de","potentialAction":[{"@type":"ReadAction","target":["https:\/\/www.alf.gr\/de\/datenschutzerklaerung\/"]}]},{"@type":"BreadcrumbList","@id":"https:\/\/www.alf.gr\/de\/datenschutzerklaerung\/#breadcrumb","itemListElement":[{"@type":"ListItem","position":1,"name":"Home","item":"https:\/\/www.alf.gr\/de\/"},{"@type":"ListItem","position":2,"name":"DATENSCHUTZERKL\u00c4RUNG"}]},{"@type":"WebSite","@id":"https:\/\/www.alf.gr\/de\/#website","url":"https:\/\/www.alf.gr\/de\/","name":"Argyriadis and Associates Law Firm","description":"Law Firm - Thessaloniki - Athens - Greece","publisher":{"@id":"https:\/\/www.alf.gr\/de\/#organization"},"potentialAction":[{"@type":"SearchAction","target":{"@type":"EntryPoint","urlTemplate":"https:\/\/www.alf.gr\/de\/?s={search_term_string}"},"query-input":{"@type":"PropertyValueSpecification","valueRequired":true,"valueName":"search_term_string"}}],"inLanguage":"de"},{"@type":"Organization","@id":"https:\/\/www.alf.gr\/de\/#organization","name":"Argyriadis Law Firm","url":"https:\/\/www.alf.gr\/de\/","logo":{"@type":"ImageObject","inLanguage":"de","@id":"https:\/\/www.alf.gr\/de\/#\/schema\/logo\/image\/","url":"https:\/\/www.alf.gr\/wp-content\/uploads\/2020\/04\/argyriadis-lawyer.png","contentUrl":"https:\/\/www.alf.gr\/wp-content\/uploads\/2020\/04\/argyriadis-lawyer.png","width":174,"height":150,"caption":"Argyriadis Law Firm"},"image":{"@id":"https:\/\/www.alf.gr\/de\/#\/schema\/logo\/image\/"},"sameAs":["https:\/\/www.facebook.com\/argiriadislaw","https:\/\/x.com\/argiriadislaw"]}]}},"_links":{"self":[{"href":"https:\/\/www.alf.gr\/de\/wp-json\/wp\/v2\/pages\/44376","targetHints":{"allow":["GET"]}}],"collection":[{"href":"https:\/\/www.alf.gr\/de\/wp-json\/wp\/v2\/pages"}],"about":[{"href":"https:\/\/www.alf.gr\/de\/wp-json\/wp\/v2\/types\/page"}],"author":[{"embeddable":true,"href":"https:\/\/www.alf.gr\/de\/wp-json\/wp\/v2\/users\/1"}],"replies":[{"embeddable":true,"href":"https:\/\/www.alf.gr\/de\/wp-json\/wp\/v2\/comments?post=44376"}],"version-history":[{"count":2,"href":"https:\/\/www.alf.gr\/de\/wp-json\/wp\/v2\/pages\/44376\/revisions"}],"predecessor-version":[{"id":83613,"href":"https:\/\/www.alf.gr\/de\/wp-json\/wp\/v2\/pages\/44376\/revisions\/83613"}],"wp:featuredmedia":[{"embeddable":true,"href":"https:\/\/www.alf.gr\/de\/wp-json\/"}],"wp:attachment":[{"href":"https:\/\/www.alf.gr\/de\/wp-json\/wp\/v2\/media?parent=44376"}],"curies":[{"name":"wp","href":"https:\/\/api.w.org\/{rel}","templated":true}]}}