{"id":38468,"date":"2018-03-13T17:49:06","date_gmt":"2018-03-13T17:49:06","guid":{"rendered":"https:\/\/www.alf.gr\/tomeis-drastiriothtas\/"},"modified":"2024-11-30T07:16:49","modified_gmt":"2024-11-30T07:16:49","slug":"taetigkeitsbereiche","status":"publish","type":"page","link":"https:\/\/www.alf.gr\/de\/taetigkeitsbereiche\/","title":{"rendered":"T\u00e4tigkeitsbereiche"},"content":{"rendered":"<div class=\"wpb-content-wrapper\"><p>[vc_row equal_height=&#8220;yes&#8220; css=&#8220;.vc_custom_1523632844799{margin-top: 80px !important;}&#8220; el_class=&#8220;square-border&#8220;][vc_column width=&#8220;1\/3&#8243;][vc_icon type=&#8220;entypo&#8220; icon_entypo=&#8220;entypo-icon entypo-icon-chart-area&#8220; color=&#8220;custom&#8220; size=&#8220;lg&#8220; align=&#8220;center&#8220; custom_color=&#8220;#aa8e60&#8243; link=&#8220;url:https%3A%2F%2Fwww.alf.gr%2Fde%2Ftaetigkeitsbereiche%2Fhandelsrecht-gesellschaftsrecht%2F|title:Handelsrecht%20-%20Gesellschaftsrecht&#8220;][vc_custom_heading text=&#8220;Handelsrecht &#8211; Gesellschaftsrecht&#8220; font_container=&#8220;tag:h2|font_size:20px|text_align:center|line_height:24px&#8220; use_theme_fonts=&#8220;yes&#8220; css=&#8220;.vc_custom_1732950728995{margin-bottom: 25px !important;}&#8220; link=&#8220;url:https%3A%2F%2Fwww.alf.gr%2Fde%2Ftaetigkeitsbereiche%2Fhandelsrecht-gesellschaftsrecht%2F|title:Handelsrecht%20-%20Gesellschaftsrecht&#8220;][vc_column_text]<\/p>\n<p style=\"text-align: center;\">Wir bieten Rechtsberatung und rechtliche Vertretung in Angelegenheiten des gesamten Verlaufs eines Unternehmens&#8230;<\/p>\n<p>[\/vc_column_text][vc_btn title=&#8220;Mehr&#8220; style=&#8220;custom&#8220; custom_background=&#8220;#fcfcfc&#8220; custom_text=&#8220;#aa8e60&#8243; shape=&#8220;square&#8220; align=&#8220;center&#8220; i_align=&#8220;right&#8220; i_icon_fontawesome=&#8220;fa fa-long-arrow-right&#8220; add_icon=&#8220;true&#8220; link=&#8220;url:https%3A%2F%2Fwww.alf.gr%2Fde%2Ftaetigkeitsbereiche%2Fhandelsrecht-gesellschaftsrecht%2F|||&#8220;][\/vc_column][vc_column width=&#8220;1\/3&#8243;][vc_icon type=&#8220;entypo&#8220; icon_entypo=&#8220;entypo-icon entypo-icon-archive&#8220; color=&#8220;custom&#8220; size=&#8220;lg&#8220; align=&#8220;center&#8220; custom_color=&#8220;#aa8e60&#8243; link=&#8220;url:https%3A%2F%2Fwww.alf.gr%2Fde%2Ftaetigkeitsbereiche%2Fverfahren-ueber-zahlungsunfaehigkeit%2F|title:Verfahren%20%C3%BCber%20Zahlungsunf%C3%A4higkeit&#8220;][vc_custom_heading text=&#8220;Verfahren \u00fcber Zahlungsunf\u00e4higkeit&#8220; font_container=&#8220;tag:h2|font_size:20px|text_align:center|line_height:24px&#8220; use_theme_fonts=&#8220;yes&#8220; link=&#8220;url:https%3A%2F%2Fwww.alf.gr%2Fde%2Ftaetigkeitsbereiche%2Fverfahren-ueber-zahlungsunfaehigkeit%2F|||&#8220;][vc_column_text]<\/p>\n<p style=\"text-align: center;\">Wir verf\u00fcgen \u00fcber langj\u00e4hrige Erfahrung in der \u00dcberschuldung nat\u00fcrlicher und juristischer Personen&#8230;<\/p>\n<p>[\/vc_column_text][vc_btn title=&#8220;Mehr&#8220; style=&#8220;custom&#8220; custom_background=&#8220;#fcfcfc&#8220; custom_text=&#8220;#aa8e60&#8243; shape=&#8220;square&#8220; align=&#8220;center&#8220; i_align=&#8220;right&#8220; i_icon_fontawesome=&#8220;fa fa-long-arrow-right&#8220; add_icon=&#8220;true&#8220; link=&#8220;url:https%3A%2F%2Fwww.alf.gr%2Fde%2Ftaetigkeitsbereiche%2Fverfahren-ueber-zahlungsunfaehigkeit%2F|title:Verfahren%20%C3%BCber%20Zahlungsunf%C3%A4higkeit||&#8220;][\/vc_column][vc_column width=&#8220;1\/3&#8243;][vc_icon type=&#8220;entypo&#8220; icon_entypo=&#8220;entypo-icon entypo-icon-feather&#8220; color=&#8220;custom&#8220; size=&#8220;lg&#8220; align=&#8220;center&#8220; custom_color=&#8220;#aa8e60&#8243; link=&#8220;url:https%3A%2F%2Fwww.alf.gr%2Fde%2Ftaetigkeitsbereiche%2Fzivilrecht%2F|title:Zivilrecht&#8220;][vc_custom_heading text=&#8220;Zivilrecht&#8220; font_container=&#8220;tag:h2|font_size:20px|text_align:center|line_height:24px&#8220; use_theme_fonts=&#8220;yes&#8220; link=&#8220;url:https%3A%2F%2Fwww.alf.gr%2Fde%2Ftaetigkeitsbereiche%2Fzivilrecht%2F|title:Zivilrecht&#8220;][vc_column_text]<\/p>\n<p style=\"text-align: center;\">Wir decken das gesamte Spektrum des Zivilrechts im Bereich der Rechtsberatung und Vertretung vor Gerichten ab&#8230;<\/p>\n<p>[\/vc_column_text][vc_btn title=&#8220;Mehr&#8220; style=&#8220;custom&#8220; custom_background=&#8220;#fcfcfc&#8220; custom_text=&#8220;#aa8e60&#8243; shape=&#8220;square&#8220; align=&#8220;center&#8220; i_align=&#8220;right&#8220; i_icon_fontawesome=&#8220;fa fa-long-arrow-right&#8220; add_icon=&#8220;true&#8220; link=&#8220;url:https%3A%2F%2Fwww.alf.gr%2Fde%2Ftaetigkeitsbereiche%2Fzivilrecht%2F|title:Zivilrecht||&#8220;][\/vc_column][\/vc_row][vc_row equal_height=&#8220;yes&#8220; css=&#8220;.vc_custom_1523632850998{margin-top: 80px !important;}&#8220; el_class=&#8220;square-border&#8220;][vc_column width=&#8220;1\/3&#8243;][vc_icon type=&#8220;entypo&#8220; icon_entypo=&#8220;entypo-icon entypo-icon-bookmark&#8220; color=&#8220;custom&#8220; size=&#8220;lg&#8220; align=&#8220;center&#8220; custom_color=&#8220;#aa8e60&#8243; link=&#8220;url:https%3A%2F%2Fwww.alf.gr%2Fde%2Ftaetigkeitsbereiche%2Fzwangsvollstreckungsrecht%2F|title:Zwangsvollstreckungsrecht&#8220;][vc_custom_heading text=&#8220;Zwangsvollstreckungsrecht&#8220; font_container=&#8220;tag:h2|font_size:20px|text_align:center|line_height:24px&#8220; use_theme_fonts=&#8220;yes&#8220; link=&#8220;url:https%3A%2F%2Fwww.alf.gr%2Fde%2Ftaetigkeitsbereiche%2Fzwangsvollstreckungsrecht%2F|title:Zwangsvollstreckungsrecht&#8220;][vc_column_text]<\/p>\n<p style=\"text-align: center;\">Wir sind in der Lage, mit den Vollstreckungsma\u00dfnahmen gegen Schuldner umzugehen. Auf der Gl\u00e4ubigerseite&#8230;<\/p>\n<p>[\/vc_column_text][vc_btn title=&#8220;Mehr&#8220; style=&#8220;custom&#8220; custom_background=&#8220;#fcfcfc&#8220; custom_text=&#8220;#aa8e60&#8243; shape=&#8220;square&#8220; align=&#8220;center&#8220; i_align=&#8220;right&#8220; i_icon_fontawesome=&#8220;fa fa-long-arrow-right&#8220; add_icon=&#8220;true&#8220; link=&#8220;url:https%3A%2F%2Fwww.alf.gr%2Fde%2Ftaetigkeitsbereiche%2Fzwangsvollstreckungsrecht%2F|title:Zwangsvollstreckungsrecht||&#8220;][\/vc_column][vc_column width=&#8220;1\/3&#8243;][vc_icon type=&#8220;entypo&#8220; icon_entypo=&#8220;entypo-icon entypo-icon-book&#8220; color=&#8220;custom&#8220; size=&#8220;lg&#8220; align=&#8220;center&#8220; custom_color=&#8220;#aa8e60&#8243; link=&#8220;url:https%3A%2F%2Fwww.alf.gr%2Fde%2Ftaetigkeitsbereiche%2Fverwaltungsrecht-steuerrecht%2F|title:Verwaltungsrecht%20-%20Steuerrecht&#8220;][vc_custom_heading text=&#8220;Verwaltungsrecht &#8211; Steuerrecht&#8220; font_container=&#8220;tag:h2|font_size:20px|text_align:center|line_height:24px&#8220; use_theme_fonts=&#8220;yes&#8220; link=&#8220;url:https%3A%2F%2Fwww.alf.gr%2Fde%2Ftaetigkeitsbereiche%2Fverwaltungsrecht-steuerrecht%2F|title:Verwaltungsrecht%20-%20Steuerrecht&#8220;][vc_column_text]<\/p>\n<p style=\"text-align: center;\">Wir \u00fcbernehmen F\u00e4lle in jeder Phase des Verwaltungsverfahrens. Wir haben Erfahrung mit der Vertretung vor Verwaltungsbeh\u00f6rden&#8230;<\/p>\n<p>[\/vc_column_text][vc_btn title=&#8220;Mehr&#8220; style=&#8220;custom&#8220; custom_background=&#8220;#fcfcfc&#8220; custom_text=&#8220;#aa8e60&#8243; shape=&#8220;square&#8220; align=&#8220;center&#8220; i_align=&#8220;right&#8220; i_icon_fontawesome=&#8220;fa fa-long-arrow-right&#8220; add_icon=&#8220;true&#8220; link=&#8220;url:https%3A%2F%2Fwww.alf.gr%2Fde%2Ftaetigkeitsbereiche%2Fverwaltungsrecht-steuerrecht%2F|title:Verwaltungsrecht%20-%20Steuerrecht||&#8220;][\/vc_column][vc_column width=&#8220;1\/3&#8243;][vc_icon type=&#8220;entypo&#8220; icon_entypo=&#8220;entypo-icon entypo-icon-briefcase&#8220; color=&#8220;custom&#8220; size=&#8220;lg&#8220; align=&#8220;center&#8220; custom_color=&#8220;#aa8e60&#8243; link=&#8220;url:https%3A%2F%2Fwww.alf.gr%2Fde%2Ftaetigkeitsbereiche%2Fstrafrecht%2F|title:Strafrecht&#8220;][vc_custom_heading text=&#8220;Strafrecht&#8220; font_container=&#8220;tag:h2|font_size:20px|text_align:center|line_height:24px&#8220; use_theme_fonts=&#8220;yes&#8220; link=&#8220;url:https%3A%2F%2Fwww.alf.gr%2Fde%2Ftaetigkeitsbereiche%2Fstrafrecht%2F|title:Strafrecht&#8220;][vc_column_text]<\/p>\n<p style=\"text-align: center;\">Wir haben Erfahrung mit Auftritten vor Strafgerichten, sowohl \u00a0als Verteidiger, als auch als Zivilkl\u00e4ger in F\u00e4llen&#8230;<\/p>\n<p>[\/vc_column_text][vc_btn title=&#8220;Mehr&#8220; style=&#8220;custom&#8220; custom_background=&#8220;#fcfcfc&#8220; custom_text=&#8220;#aa8e60&#8243; shape=&#8220;square&#8220; align=&#8220;center&#8220; i_align=&#8220;right&#8220; i_icon_fontawesome=&#8220;fa fa-long-arrow-right&#8220; add_icon=&#8220;true&#8220; link=&#8220;url:https%3A%2F%2Fwww.alf.gr%2Fde%2Ftaetigkeitsbereiche%2Fstrafrecht%2F|title:Strafrecht||&#8220;][\/vc_column][\/vc_row][vc_row equal_height=&#8220;yes&#8220; css=&#8220;.vc_custom_1523633668780{margin-top: 80px !important;margin-bottom: 80px !important;}&#8220; el_class=&#8220;square-border&#8220;][vc_column width=&#8220;1\/3&#8243;][vc_icon type=&#8220;entypo&#8220; icon_entypo=&#8220;entypo-icon entypo-icon-globe&#8220; color=&#8220;custom&#8220; size=&#8220;lg&#8220; align=&#8220;center&#8220; custom_color=&#8220;#aa8e60&#8243; link=&#8220;url:https%3A%2F%2Fwww.alf.gr%2Fde%2Ftaetigkeitsbereiche%2Feuropaeisches-recht%2F|title:Europ%C3%A4isches%20Recht&#8220;][vc_custom_heading text=&#8220;Europ\u00e4isches Recht&#8220; font_container=&#8220;tag:h2|font_size:20px|text_align:center|line_height:24px&#8220; use_theme_fonts=&#8220;yes&#8220; link=&#8220;url:https%3A%2F%2Fwww.alf.gr%2Fde%2Ftaetigkeitsbereiche%2Feuropaeisches-recht%2F|title:Europ%C3%A4isches%20Recht&#8220;][vc_column_text]<\/p>\n<p style=\"text-align: center;\">Wir unternehmen F\u00e4lle, in denen die Vorschriften des EU &#8211; Rechts unmittelbar anwendbar sind&#8230;<\/p>\n<p>[\/vc_column_text][vc_btn title=&#8220;Mehr&#8220; style=&#8220;custom&#8220; custom_background=&#8220;#fcfcfc&#8220; custom_text=&#8220;#aa8e60&#8243; shape=&#8220;square&#8220; align=&#8220;center&#8220; i_align=&#8220;right&#8220; i_icon_fontawesome=&#8220;fa fa-long-arrow-right&#8220; add_icon=&#8220;true&#8220; link=&#8220;url:https%3A%2F%2Fwww.alf.gr%2Fde%2Ftaetigkeitsbereiche%2Feuropaeisches-recht%2F|title:Europ%C3%A4isches%20Recht||&#8220;][\/vc_column][vc_column width=&#8220;1\/3&#8243;][vc_icon type=&#8220;entypo&#8220; icon_entypo=&#8220;entypo-icon entypo-icon-suitcase&#8220; color=&#8220;custom&#8220; size=&#8220;lg&#8220; align=&#8220;center&#8220; custom_color=&#8220;#aa8e60&#8243; link=&#8220;url:https%3A%2F%2Fwww.alf.gr%2Fde%2Ftaetigkeitsbereiche%2Freiserecht%2F|title:Reiserecht&#8220;][vc_custom_heading text=&#8220;Reiserecht&#8220; font_container=&#8220;tag:h2|font_size:20px|text_align:center|line_height:24px&#8220; use_theme_fonts=&#8220;yes&#8220; link=&#8220;url:https%3A%2F%2Fwww.alf.gr%2Fde%2Ftaetigkeitsbereiche%2Freiserecht%2F|title:Reiserecht&#8220;][vc_column_text]<\/p>\n<p style=\"text-align: center;\">Wir bieten Rechts- und Steuerberatung zu allen Typen \u00a0von Tourismus- und Hotelvertr\u00e4gen. Wir unterst\u00fctzen au\u00dferdem die&#8230;<\/p>\n<p>[\/vc_column_text][vc_btn title=&#8220;Mehr&#8220; style=&#8220;custom&#8220; custom_background=&#8220;#fcfcfc&#8220; custom_text=&#8220;#aa8e60&#8243; shape=&#8220;square&#8220; align=&#8220;center&#8220; i_align=&#8220;right&#8220; i_icon_fontawesome=&#8220;fa fa-long-arrow-right&#8220; add_icon=&#8220;true&#8220; link=&#8220;url:https%3A%2F%2Fwww.alf.gr%2Fde%2Ftaetigkeitsbereiche%2Freiserecht%2F|title:Reiserecht||&#8220;][\/vc_column][vc_column width=&#8220;1\/3&#8243;][vc_icon type=&#8220;entypo&#8220; icon_entypo=&#8220;entypo-icon entypo-icon-star&#8220; color=&#8220;custom&#8220; size=&#8220;lg&#8220; align=&#8220;center&#8220; custom_color=&#8220;#aa8e60&#8243; link=&#8220;url:https%3A%2F%2Fwww.alf.gr%2Fde%2Ftaetigkeitsbereiche%2Fgoldenes-visum%2F|title:Goldenes%20Visum&#8220;][vc_custom_heading text=&#8220;Goldenes Visum&#8220; font_container=&#8220;tag:h2|font_size:20px|text_align:center|line_height:24px&#8220; use_theme_fonts=&#8220;yes&#8220; link=&#8220;url:https%3A%2F%2Fwww.alf.gr%2Fde%2Ftaetigkeitsbereiche%2Fgoldenes-visum%2F|title:Goldenes%20Visum&#8220;][vc_column_text]<\/p>\n<p style=\"text-align: center;\">Immobilienkauf in Griechenland durch B\u00fcrger au\u00dferhalb der Europ\u00e4ischen Union &#8211; Erteilung und Erneuerung&#8230;<\/p>\n<p>[\/vc_column_text][vc_btn title=&#8220;Mehr&#8220; style=&#8220;custom&#8220; custom_background=&#8220;#fcfcfc&#8220; custom_text=&#8220;#aa8e60&#8243; shape=&#8220;square&#8220; align=&#8220;center&#8220; i_align=&#8220;right&#8220; i_icon_fontawesome=&#8220;fa fa-long-arrow-right&#8220; add_icon=&#8220;true&#8220; link=&#8220;url:https%3A%2F%2Fwww.alf.gr%2Fde%2Ftaetigkeitsbereiche%2Fgoldenes-visum%2F|title:Goldenes%20Visum||&#8220;][\/vc_column][\/vc_row][vc_row equal_height=&#8220;yes&#8220; el_class=&#8220;square-border&#8220;][vc_column width=&#8220;1\/3&#8243;][vc_icon type=&#8220;entypo&#8220; icon_entypo=&#8220;entypo-icon entypo-icon-home&#8220; color=&#8220;custom&#8220; size=&#8220;lg&#8220; align=&#8220;center&#8220; custom_color=&#8220;#aa8e60&#8243; link=&#8220;url:https%3A%2F%2Fwww.alf.gr%2Fde%2Ftaetigkeitsbereiche%2Fimmobilienkauf-in-griechenland-durch-buerger-ausserhalb-der-europaeischen-union%2F|title:%C3%9Cbertragung%20des%20steuerlichen%20Wohnsitzes%20und%20der%20besonderen%20steuerlichen%20Einwohner%20(non%20-%20dom%20status)&#8220;][vc_custom_heading text=&#8220;\u00dcbertragung des steuerlichen Wohnsitzes und der besonderen steuerlichen Einwohner (non &#8211; dom status)&#8220; font_container=&#8220;tag:h2|font_size:20px|text_align:center|line_height:24px&#8220; use_theme_fonts=&#8220;yes&#8220; link=&#8220;url:https%3A%2F%2Fwww.alf.gr%2Fde%2Ftaetigkeitsbereiche%2Fimmobilienkauf-in-griechenland-durch-buerger-ausserhalb-der-europaeischen-union%2F|title:Immobilienkauf%20in%20Griechenland%20durch%20B%C3%BCrger%20au%C3%9Ferhalb%20der%20Europ%C3%A4ischen%20Union&#8220;][vc_column_text]Im Zusammenhang mit der St\u00e4rkung der Bedingungen f\u00fcr die wirtschaftliche Entwicklung und der Wahrung des wirtschaftlichen und sozialen Zusammenhalts&#8230;[\/vc_column_text][vc_btn title=&#8220;Mehr&#8220; style=&#8220;custom&#8220; custom_background=&#8220;#fcfcfc&#8220; custom_text=&#8220;#aa8e60&#8243; shape=&#8220;square&#8220; align=&#8220;center&#8220; i_align=&#8220;right&#8220; i_icon_fontawesome=&#8220;fa fa-long-arrow-right&#8220; add_icon=&#8220;true&#8220; link=&#8220;url:https%3A%2F%2Fwww.alf.gr%2Fde%2Ftaetigkeitsbereiche%2Fimmobilienkauf-in-griechenland-durch-buerger-ausserhalb-der-europaeischen-union%2F|title:Immobilienkauf%20in%20Griechenland%20durch%20B%C3%BCrger%20au%C3%9Ferhalb%20der%20Europ%C3%A4ischen%20Union||&#8220;][\/vc_column][vc_column width=&#8220;1\/3&#8243; offset=&#8220;vc_hidden-lg vc_hidden-md vc_hidden-sm vc_hidden-xs&#8220;][\/vc_column][vc_column width=&#8220;1\/3&#8243; offset=&#8220;vc_hidden-lg vc_hidden-md vc_hidden-sm vc_hidden-xs&#8220;][\/vc_column][\/vc_row]<\/p>\n<\/div>","protected":false},"excerpt":{"rendered":"[vc_row equal_height=\"yes\" css=\".vc_custom_1523632844799{margin-top: 80px !important;}\" el_class=\"square-border\"][vc_column width=\"1\/3\"][vc_icon type=\"entypo\" icon_entypo=\"entypo-icon entypo-icon-chart-area\" color=\"custom\" size=\"lg\" align=\"center\" custom_color=\"#aa8e60\" link=\"url:https%3A%2F%2Fwww.alf.gr%2Fde%2Ftaetigkeitsbereiche%2Fhandelsrecht-gesellschaftsrecht%2F|title:Handelsrecht%20-%20Gesellschaftsrecht\"][vc_custom_heading text=\"Handelsrecht - Gesellschaftsrecht\" font_container=\"tag:h2|font_size:20px|text_align:center|line_height:24px\" use_theme_fonts=\"yes\" css=\".vc_custom_1732950728995{margin-bottom: 25px !important;}\" link=\"url:https%3A%2F%2Fwww.alf.gr%2Fde%2Ftaetigkeitsbereiche%2Fhandelsrecht-gesellschaftsrecht%2F|title:Handelsrecht%20-%20Gesellschaftsrecht\"][vc_column_text] Wir bieten Rechtsberatung und rechtliche Vertretung in Angelegenheiten des gesamten Verlaufs eines Unternehmens... [\/vc_column_text][vc_btn title=\"Mehr\" style=\"custom\" custom_background=\"#fcfcfc\" custom_text=\"#aa8e60\" shape=\"square\" align=\"center\" i_align=\"right\" i_icon_fontawesome=\"fa fa-long-arrow-right\" add_icon=\"true\" link=\"url:https%3A%2F%2Fwww.alf.gr%2Fde%2Ftaetigkeitsbereiche%2Fhandelsrecht-gesellschaftsrecht%2F|||\"][\/vc_column][vc_column width=\"1\/3\"][vc_icon type=\"entypo\" icon_entypo=\"entypo-icon entypo-icon-archive\" color=\"custom\" size=\"lg\"&hellip;","protected":false},"author":1,"featured_media":0,"parent":0,"menu_order":0,"comment_status":"closed","ping_status":"closed","template":"","meta":{"_acf_changed":false,"content-type":"","_monsterinsights_skip_tracking":false,"_monsterinsights_sitenote_active":false,"_monsterinsights_sitenote_note":"","_monsterinsights_sitenote_category":0,"footnotes":""},"class_list":["post-38468","page","type-page","status-publish","hentry"],"acf":[],"yoast_head":"<!-- This site is optimized with the Yoast SEO plugin v26.3 - https:\/\/yoast.com\/wordpress\/plugins\/seo\/ -->\n<title>T\u00e4tigkeitsbereiche - Argyriadis and Associates Law Firm<\/title>\n<meta name=\"robots\" content=\"index, follow, max-snippet:-1, max-image-preview:large, max-video-preview:-1\" \/>\n<link rel=\"canonical\" href=\"https:\/\/www.alf.gr\/de\/taetigkeitsbereiche\/\" \/>\n<meta property=\"og:locale\" content=\"de_DE\" \/>\n<meta property=\"og:type\" content=\"article\" \/>\n<meta property=\"og:title\" content=\"T\u00e4tigkeitsbereiche - Argyriadis and Associates Law Firm\" \/>\n<meta property=\"og:description\" content=\"[vc_row equal_height=&#8220;yes&#8220; css=&#8220;.vc_custom_1523632844799{margin-top: 80px !important;}&#8220; el_class=&#8220;square-border&#8220;][vc_column width=&#8220;1\/3&#8243;][vc_icon type=&#8220;entypo&#8220; icon_entypo=&#8220;entypo-icon entypo-icon-chart-area&#8220; color=&#8220;custom&#8220; size=&#8220;lg&#8220; align=&#8220;center&#8220; custom_color=&#8220;#aa8e60&#8243; link=&#8220;url:https%3A%2F%2Fwww.alf.gr%2Fde%2Ftaetigkeitsbereiche%2Fhandelsrecht-gesellschaftsrecht%2F|title:Handelsrecht%20-%20Gesellschaftsrecht&#8220;][vc_custom_heading text=&#8220;Handelsrecht &#8211; Gesellschaftsrecht&#8220; font_container=&#8220;tag:h2|font_size:20px|text_align:center|line_height:24px&#8220; use_theme_fonts=&#8220;yes&#8220; css=&#8220;.vc_custom_1732950728995{margin-bottom: 25px !important;}&#8220; link=&#8220;url:https%3A%2F%2Fwww.alf.gr%2Fde%2Ftaetigkeitsbereiche%2Fhandelsrecht-gesellschaftsrecht%2F|title:Handelsrecht%20-%20Gesellschaftsrecht&#8220;][vc_column_text] Wir bieten [\u2026]\" \/>\n<meta property=\"og:url\" content=\"https:\/\/www.alf.gr\/de\/taetigkeitsbereiche\/\" \/>\n<meta property=\"og:site_name\" content=\"Argyriadis and Associates Law Firm\" \/>\n<meta property=\"article:publisher\" content=\"https:\/\/www.facebook.com\/argiriadislaw\" \/>\n<meta property=\"article:modified_time\" content=\"2024-11-30T07:16:49+00:00\" \/>\n<meta name=\"twitter:card\" content=\"summary_large_image\" \/>\n<meta name=\"twitter:site\" content=\"@argiriadislaw\" \/>\n<meta name=\"twitter:label1\" content=\"Gesch\u00e4tzte Lesezeit\" \/>\n\t<meta name=\"twitter:data1\" content=\"2\u00a0Minuten\" \/>\n<script type=\"application\/ld+json\" class=\"yoast-schema-graph\">{\"@context\":\"https:\/\/schema.org\",\"@graph\":[{\"@type\":\"WebPage\",\"@id\":\"https:\/\/www.alf.gr\/de\/taetigkeitsbereiche\/\",\"url\":\"https:\/\/www.alf.gr\/de\/taetigkeitsbereiche\/\",\"name\":\"T\u00e4tigkeitsbereiche - Argyriadis and Associates Law Firm\",\"isPartOf\":{\"@id\":\"https:\/\/www.alf.gr\/de\/#website\"},\"datePublished\":\"2018-03-13T17:49:06+00:00\",\"dateModified\":\"2024-11-30T07:16:49+00:00\",\"breadcrumb\":{\"@id\":\"https:\/\/www.alf.gr\/de\/taetigkeitsbereiche\/#breadcrumb\"},\"inLanguage\":\"de\",\"potentialAction\":[{\"@type\":\"ReadAction\",\"target\":[\"https:\/\/www.alf.gr\/de\/taetigkeitsbereiche\/\"]}]},{\"@type\":\"BreadcrumbList\",\"@id\":\"https:\/\/www.alf.gr\/de\/taetigkeitsbereiche\/#breadcrumb\",\"itemListElement\":[{\"@type\":\"ListItem\",\"position\":1,\"name\":\"Home\",\"item\":\"https:\/\/www.alf.gr\/de\/\"},{\"@type\":\"ListItem\",\"position\":2,\"name\":\"T\u00e4tigkeitsbereiche\"}]},{\"@type\":\"WebSite\",\"@id\":\"https:\/\/www.alf.gr\/de\/#website\",\"url\":\"https:\/\/www.alf.gr\/de\/\",\"name\":\"Argyriadis and Associates Law Firm\",\"description\":\"Law Firm - Thessaloniki - Athens - Greece\",\"publisher\":{\"@id\":\"https:\/\/www.alf.gr\/de\/#organization\"},\"potentialAction\":[{\"@type\":\"SearchAction\",\"target\":{\"@type\":\"EntryPoint\",\"urlTemplate\":\"https:\/\/www.alf.gr\/de\/?s={search_term_string}\"},\"query-input\":{\"@type\":\"PropertyValueSpecification\",\"valueRequired\":true,\"valueName\":\"search_term_string\"}}],\"inLanguage\":\"de\"},{\"@type\":\"Organization\",\"@id\":\"https:\/\/www.alf.gr\/de\/#organization\",\"name\":\"Argyriadis Law Firm\",\"url\":\"https:\/\/www.alf.gr\/de\/\",\"logo\":{\"@type\":\"ImageObject\",\"inLanguage\":\"de\",\"@id\":\"https:\/\/www.alf.gr\/de\/#\/schema\/logo\/image\/\",\"url\":\"https:\/\/www.alf.gr\/wp-content\/uploads\/2020\/04\/argyriadis-lawyer.png\",\"contentUrl\":\"https:\/\/www.alf.gr\/wp-content\/uploads\/2020\/04\/argyriadis-lawyer.png\",\"width\":174,\"height\":150,\"caption\":\"Argyriadis Law Firm\"},\"image\":{\"@id\":\"https:\/\/www.alf.gr\/de\/#\/schema\/logo\/image\/\"},\"sameAs\":[\"https:\/\/www.facebook.com\/argiriadislaw\",\"https:\/\/x.com\/argiriadislaw\"]}]}<\/script>\n<!-- \/ Yoast SEO plugin. -->","yoast_head_json":{"title":"T\u00e4tigkeitsbereiche - Argyriadis and Associates Law Firm","robots":{"index":"index","follow":"follow","max-snippet":"max-snippet:-1","max-image-preview":"max-image-preview:large","max-video-preview":"max-video-preview:-1"},"canonical":"https:\/\/www.alf.gr\/de\/taetigkeitsbereiche\/","og_locale":"de_DE","og_type":"article","og_title":"T\u00e4tigkeitsbereiche - Argyriadis and Associates Law Firm","og_description":"[vc_row equal_height=&#8220;yes&#8220; css=&#8220;.vc_custom_1523632844799{margin-top: 80px !important;}&#8220; el_class=&#8220;square-border&#8220;][vc_column width=&#8220;1\/3&#8243;][vc_icon type=&#8220;entypo&#8220; icon_entypo=&#8220;entypo-icon entypo-icon-chart-area&#8220; color=&#8220;custom&#8220; size=&#8220;lg&#8220; align=&#8220;center&#8220; custom_color=&#8220;#aa8e60&#8243; link=&#8220;url:https%3A%2F%2Fwww.alf.gr%2Fde%2Ftaetigkeitsbereiche%2Fhandelsrecht-gesellschaftsrecht%2F|title:Handelsrecht%20-%20Gesellschaftsrecht&#8220;][vc_custom_heading text=&#8220;Handelsrecht &#8211; Gesellschaftsrecht&#8220; font_container=&#8220;tag:h2|font_size:20px|text_align:center|line_height:24px&#8220; use_theme_fonts=&#8220;yes&#8220; css=&#8220;.vc_custom_1732950728995{margin-bottom: 25px !important;}&#8220; link=&#8220;url:https%3A%2F%2Fwww.alf.gr%2Fde%2Ftaetigkeitsbereiche%2Fhandelsrecht-gesellschaftsrecht%2F|title:Handelsrecht%20-%20Gesellschaftsrecht&#8220;][vc_column_text] Wir bieten [\u2026]","og_url":"https:\/\/www.alf.gr\/de\/taetigkeitsbereiche\/","og_site_name":"Argyriadis and Associates Law Firm","article_publisher":"https:\/\/www.facebook.com\/argiriadislaw","article_modified_time":"2024-11-30T07:16:49+00:00","twitter_card":"summary_large_image","twitter_site":"@argiriadislaw","twitter_misc":{"Gesch\u00e4tzte Lesezeit":"2\u00a0Minuten"},"schema":{"@context":"https:\/\/schema.org","@graph":[{"@type":"WebPage","@id":"https:\/\/www.alf.gr\/de\/taetigkeitsbereiche\/","url":"https:\/\/www.alf.gr\/de\/taetigkeitsbereiche\/","name":"T\u00e4tigkeitsbereiche - Argyriadis and Associates Law Firm","isPartOf":{"@id":"https:\/\/www.alf.gr\/de\/#website"},"datePublished":"2018-03-13T17:49:06+00:00","dateModified":"2024-11-30T07:16:49+00:00","breadcrumb":{"@id":"https:\/\/www.alf.gr\/de\/taetigkeitsbereiche\/#breadcrumb"},"inLanguage":"de","potentialAction":[{"@type":"ReadAction","target":["https:\/\/www.alf.gr\/de\/taetigkeitsbereiche\/"]}]},{"@type":"BreadcrumbList","@id":"https:\/\/www.alf.gr\/de\/taetigkeitsbereiche\/#breadcrumb","itemListElement":[{"@type":"ListItem","position":1,"name":"Home","item":"https:\/\/www.alf.gr\/de\/"},{"@type":"ListItem","position":2,"name":"T\u00e4tigkeitsbereiche"}]},{"@type":"WebSite","@id":"https:\/\/www.alf.gr\/de\/#website","url":"https:\/\/www.alf.gr\/de\/","name":"Argyriadis and Associates Law Firm","description":"Law Firm - Thessaloniki - Athens - Greece","publisher":{"@id":"https:\/\/www.alf.gr\/de\/#organization"},"potentialAction":[{"@type":"SearchAction","target":{"@type":"EntryPoint","urlTemplate":"https:\/\/www.alf.gr\/de\/?s={search_term_string}"},"query-input":{"@type":"PropertyValueSpecification","valueRequired":true,"valueName":"search_term_string"}}],"inLanguage":"de"},{"@type":"Organization","@id":"https:\/\/www.alf.gr\/de\/#organization","name":"Argyriadis Law Firm","url":"https:\/\/www.alf.gr\/de\/","logo":{"@type":"ImageObject","inLanguage":"de","@id":"https:\/\/www.alf.gr\/de\/#\/schema\/logo\/image\/","url":"https:\/\/www.alf.gr\/wp-content\/uploads\/2020\/04\/argyriadis-lawyer.png","contentUrl":"https:\/\/www.alf.gr\/wp-content\/uploads\/2020\/04\/argyriadis-lawyer.png","width":174,"height":150,"caption":"Argyriadis Law Firm"},"image":{"@id":"https:\/\/www.alf.gr\/de\/#\/schema\/logo\/image\/"},"sameAs":["https:\/\/www.facebook.com\/argiriadislaw","https:\/\/x.com\/argiriadislaw"]}]}},"_links":{"self":[{"href":"https:\/\/www.alf.gr\/de\/wp-json\/wp\/v2\/pages\/38468","targetHints":{"allow":["GET"]}}],"collection":[{"href":"https:\/\/www.alf.gr\/de\/wp-json\/wp\/v2\/pages"}],"about":[{"href":"https:\/\/www.alf.gr\/de\/wp-json\/wp\/v2\/types\/page"}],"author":[{"embeddable":true,"href":"https:\/\/www.alf.gr\/de\/wp-json\/wp\/v2\/users\/1"}],"replies":[{"embeddable":true,"href":"https:\/\/www.alf.gr\/de\/wp-json\/wp\/v2\/comments?post=38468"}],"version-history":[{"count":10,"href":"https:\/\/www.alf.gr\/de\/wp-json\/wp\/v2\/pages\/38468\/revisions"}],"predecessor-version":[{"id":82429,"href":"https:\/\/www.alf.gr\/de\/wp-json\/wp\/v2\/pages\/38468\/revisions\/82429"}],"wp:attachment":[{"href":"https:\/\/www.alf.gr\/de\/wp-json\/wp\/v2\/media?parent=38468"}],"curies":[{"name":"wp","href":"https:\/\/api.w.org\/{rel}","templated":true}]}}