{"id":38458,"date":"2018-04-13T16:18:15","date_gmt":"2018-04-13T16:18:15","guid":{"rendered":"https:\/\/www.alf.gr\/doikitiko-forologiko-dikaio\/"},"modified":"2018-10-31T03:16:05","modified_gmt":"2018-10-31T03:16:05","slug":"verwaltungsrecht-steuerrecht","status":"publish","type":"page","link":"https:\/\/www.alf.gr\/de\/taetigkeitsbereiche\/verwaltungsrecht-steuerrecht\/","title":{"rendered":"Verwaltungsrecht &#8211; Steuerrecht"},"content":{"rendered":"<div class=\"wpb-content-wrapper\"><p>[vc_row css=&#8220;.vc_custom_1523636288514{margin-top: 80px !important;}&#8220;][vc_column width=&#8220;5\/6&#8243; offset=&#8220;vc_col-lg-offset-1&#8243;][vc_custom_heading text=&#8220;Verwaltungsrecht &#8211; Steuerrecht&#8220; font_container=&#8220;tag:h2|font_size:20px|text_align:center|line_height:24px&#8220; use_theme_fonts=&#8220;yes&#8220;][vc_separator color=&#8220;custom&#8220; el_width=&#8220;10&#8243; accent_color=&#8220;#c29765&#8243;][vc_column_text]<\/p>\n<ol>\n<li>Beschwerdeverfahren vor der Steuerbeschwerdebeh\u00f6rde<\/li>\n<li>Steuerbeschwerden vor Verwaltungsgerichten<\/li>\n<li>Beamtenrecht<\/li>\n<li>Recht der \u00f6ffentlichen Vertr\u00e4ge<\/li>\n<li>Disziplinarrecht<\/li>\n<\/ol>\n<p>Wir \u00fcbernehmen F\u00e4lle in jeder Phase des Verwaltungsverfahrens. Wir haben Erfahrung mit der Vertretung vor Verwaltungsbeh\u00f6rden und R\u00e4ten w\u00e4hrend der Anh\u00f6rungen. Im Fall eines negativen Verwaltungsakts untersuchen wir auch die M\u00f6glichkeit eines vor\u00fcbergehenden Rechtsschutzes.[\/vc_column_text][\/vc_column][\/vc_row]<\/p>\n<\/div>","protected":false},"excerpt":{"rendered":"[vc_row css=\".vc_custom_1523636288514{margin-top: 80px !important;}\"][vc_column width=\"5\/6\" offset=\"vc_col-lg-offset-1\"][vc_custom_heading text=\"Verwaltungsrecht - Steuerrecht\" font_container=\"tag:h2|font_size:20px|text_align:center|line_height:24px\" use_theme_fonts=\"yes\"][vc_separator color=\"custom\" el_width=\"10\" accent_color=\"#c29765\"][vc_column_text] Beschwerdeverfahren vor der Steuerbeschwerdebeh\u00f6rde Steuerbeschwerden vor Verwaltungsgerichten Beamtenrecht Recht der \u00f6ffentlichen Vertr\u00e4ge Disziplinarrecht Wir \u00fcbernehmen F\u00e4lle in jeder Phase des Verwaltungsverfahrens. Wir haben Erfahrung mit der Vertretung vor Verwaltungsbeh\u00f6rden und R\u00e4ten w\u00e4hrend der Anh\u00f6rungen. Im Fall eines negativen Verwaltungsakts untersuchen wir&hellip;","protected":false},"author":1,"featured_media":0,"parent":38468,"menu_order":0,"comment_status":"closed","ping_status":"closed","template":"","meta":{"_acf_changed":false,"content-type":"","_monsterinsights_skip_tracking":false,"_monsterinsights_sitenote_active":false,"_monsterinsights_sitenote_note":"","_monsterinsights_sitenote_category":0,"footnotes":""},"class_list":["post-38458","page","type-page","status-publish","hentry"],"acf":[],"yoast_head":"<!-- This site is optimized with the Yoast SEO plugin v26.3 - https:\/\/yoast.com\/wordpress\/plugins\/seo\/ -->\n<title>Verwaltungsrecht - Steuerrecht - Argyriadis and Associates Law Firm<\/title>\n<meta name=\"robots\" content=\"index, follow, max-snippet:-1, max-image-preview:large, max-video-preview:-1\" \/>\n<link rel=\"canonical\" href=\"https:\/\/www.alf.gr\/de\/taetigkeitsbereiche\/verwaltungsrecht-steuerrecht\/\" \/>\n<meta property=\"og:locale\" content=\"de_DE\" \/>\n<meta property=\"og:type\" content=\"article\" \/>\n<meta property=\"og:title\" content=\"Verwaltungsrecht - Steuerrecht - Argyriadis and Associates Law Firm\" \/>\n<meta property=\"og:description\" content=\"[vc_row css=&#8220;.vc_custom_1523636288514{margin-top: 80px !important;}&#8220;][vc_column width=&#8220;5\/6&#8243; offset=&#8220;vc_col-lg-offset-1&#8243;][vc_custom_heading text=&#8220;Verwaltungsrecht &#8211; Steuerrecht&#8220; font_container=&#8220;tag:h2|font_size:20px|text_align:center|line_height:24px&#8220; use_theme_fonts=&#8220;yes&#8220;][vc_separator color=&#8220;custom&#8220; el_width=&#8220;10&#8243; accent_color=&#8220;#c29765&#8243;][vc_column_text] Beschwerdeverfahren vor der Steuerbeschwerdebeh\u00f6rde Steuerbeschwerden vor Verwaltungsgerichten Beamtenrecht Recht der \u00f6ffentlichen Vertr\u00e4ge [\u2026]\" \/>\n<meta property=\"og:url\" content=\"https:\/\/www.alf.gr\/de\/taetigkeitsbereiche\/verwaltungsrecht-steuerrecht\/\" \/>\n<meta property=\"og:site_name\" content=\"Argyriadis and Associates Law Firm\" \/>\n<meta property=\"article:publisher\" content=\"https:\/\/www.facebook.com\/argiriadislaw\" \/>\n<meta property=\"article:modified_time\" content=\"2018-10-31T03:16:05+00:00\" \/>\n<meta name=\"twitter:card\" content=\"summary_large_image\" \/>\n<meta name=\"twitter:site\" content=\"@argiriadislaw\" \/>\n<meta name=\"twitter:label1\" content=\"Gesch\u00e4tzte Lesezeit\" \/>\n\t<meta name=\"twitter:data1\" content=\"1\u00a0Minute\" \/>\n<script type=\"application\/ld+json\" class=\"yoast-schema-graph\">{\"@context\":\"https:\/\/schema.org\",\"@graph\":[{\"@type\":\"WebPage\",\"@id\":\"https:\/\/www.alf.gr\/de\/taetigkeitsbereiche\/verwaltungsrecht-steuerrecht\/\",\"url\":\"https:\/\/www.alf.gr\/de\/taetigkeitsbereiche\/verwaltungsrecht-steuerrecht\/\",\"name\":\"Verwaltungsrecht - Steuerrecht - Argyriadis and Associates Law Firm\",\"isPartOf\":{\"@id\":\"https:\/\/www.alf.gr\/de\/#website\"},\"datePublished\":\"2018-04-13T16:18:15+00:00\",\"dateModified\":\"2018-10-31T03:16:05+00:00\",\"breadcrumb\":{\"@id\":\"https:\/\/www.alf.gr\/de\/taetigkeitsbereiche\/verwaltungsrecht-steuerrecht\/#breadcrumb\"},\"inLanguage\":\"de\",\"potentialAction\":[{\"@type\":\"ReadAction\",\"target\":[\"https:\/\/www.alf.gr\/de\/taetigkeitsbereiche\/verwaltungsrecht-steuerrecht\/\"]}]},{\"@type\":\"BreadcrumbList\",\"@id\":\"https:\/\/www.alf.gr\/de\/taetigkeitsbereiche\/verwaltungsrecht-steuerrecht\/#breadcrumb\",\"itemListElement\":[{\"@type\":\"ListItem\",\"position\":1,\"name\":\"Home\",\"item\":\"https:\/\/www.alf.gr\/de\/\"},{\"@type\":\"ListItem\",\"position\":2,\"name\":\"T\u00e4tigkeitsbereiche\",\"item\":\"https:\/\/www.alf.gr\/de\/taetigkeitsbereiche\/\"},{\"@type\":\"ListItem\",\"position\":3,\"name\":\"Verwaltungsrecht &#8211; Steuerrecht\"}]},{\"@type\":\"WebSite\",\"@id\":\"https:\/\/www.alf.gr\/de\/#website\",\"url\":\"https:\/\/www.alf.gr\/de\/\",\"name\":\"Argyriadis and Associates Law Firm\",\"description\":\"Law Firm - Thessaloniki - Athens - Greece\",\"publisher\":{\"@id\":\"https:\/\/www.alf.gr\/de\/#organization\"},\"potentialAction\":[{\"@type\":\"SearchAction\",\"target\":{\"@type\":\"EntryPoint\",\"urlTemplate\":\"https:\/\/www.alf.gr\/de\/?s={search_term_string}\"},\"query-input\":{\"@type\":\"PropertyValueSpecification\",\"valueRequired\":true,\"valueName\":\"search_term_string\"}}],\"inLanguage\":\"de\"},{\"@type\":\"Organization\",\"@id\":\"https:\/\/www.alf.gr\/de\/#organization\",\"name\":\"Argyriadis Law Firm\",\"url\":\"https:\/\/www.alf.gr\/de\/\",\"logo\":{\"@type\":\"ImageObject\",\"inLanguage\":\"de\",\"@id\":\"https:\/\/www.alf.gr\/de\/#\/schema\/logo\/image\/\",\"url\":\"https:\/\/www.alf.gr\/wp-content\/uploads\/2020\/04\/argyriadis-lawyer.png\",\"contentUrl\":\"https:\/\/www.alf.gr\/wp-content\/uploads\/2020\/04\/argyriadis-lawyer.png\",\"width\":174,\"height\":150,\"caption\":\"Argyriadis Law Firm\"},\"image\":{\"@id\":\"https:\/\/www.alf.gr\/de\/#\/schema\/logo\/image\/\"},\"sameAs\":[\"https:\/\/www.facebook.com\/argiriadislaw\",\"https:\/\/x.com\/argiriadislaw\"]}]}<\/script>\n<!-- \/ Yoast SEO plugin. -->","yoast_head_json":{"title":"Verwaltungsrecht - Steuerrecht - Argyriadis and Associates Law Firm","robots":{"index":"index","follow":"follow","max-snippet":"max-snippet:-1","max-image-preview":"max-image-preview:large","max-video-preview":"max-video-preview:-1"},"canonical":"https:\/\/www.alf.gr\/de\/taetigkeitsbereiche\/verwaltungsrecht-steuerrecht\/","og_locale":"de_DE","og_type":"article","og_title":"Verwaltungsrecht - Steuerrecht - Argyriadis and Associates Law Firm","og_description":"[vc_row css=&#8220;.vc_custom_1523636288514{margin-top: 80px !important;}&#8220;][vc_column width=&#8220;5\/6&#8243; offset=&#8220;vc_col-lg-offset-1&#8243;][vc_custom_heading text=&#8220;Verwaltungsrecht &#8211; Steuerrecht&#8220; font_container=&#8220;tag:h2|font_size:20px|text_align:center|line_height:24px&#8220; use_theme_fonts=&#8220;yes&#8220;][vc_separator color=&#8220;custom&#8220; el_width=&#8220;10&#8243; accent_color=&#8220;#c29765&#8243;][vc_column_text] Beschwerdeverfahren vor der Steuerbeschwerdebeh\u00f6rde Steuerbeschwerden vor Verwaltungsgerichten Beamtenrecht Recht der \u00f6ffentlichen Vertr\u00e4ge [\u2026]","og_url":"https:\/\/www.alf.gr\/de\/taetigkeitsbereiche\/verwaltungsrecht-steuerrecht\/","og_site_name":"Argyriadis and Associates Law Firm","article_publisher":"https:\/\/www.facebook.com\/argiriadislaw","article_modified_time":"2018-10-31T03:16:05+00:00","twitter_card":"summary_large_image","twitter_site":"@argiriadislaw","twitter_misc":{"Gesch\u00e4tzte Lesezeit":"1\u00a0Minute"},"schema":{"@context":"https:\/\/schema.org","@graph":[{"@type":"WebPage","@id":"https:\/\/www.alf.gr\/de\/taetigkeitsbereiche\/verwaltungsrecht-steuerrecht\/","url":"https:\/\/www.alf.gr\/de\/taetigkeitsbereiche\/verwaltungsrecht-steuerrecht\/","name":"Verwaltungsrecht - Steuerrecht - Argyriadis and Associates Law Firm","isPartOf":{"@id":"https:\/\/www.alf.gr\/de\/#website"},"datePublished":"2018-04-13T16:18:15+00:00","dateModified":"2018-10-31T03:16:05+00:00","breadcrumb":{"@id":"https:\/\/www.alf.gr\/de\/taetigkeitsbereiche\/verwaltungsrecht-steuerrecht\/#breadcrumb"},"inLanguage":"de","potentialAction":[{"@type":"ReadAction","target":["https:\/\/www.alf.gr\/de\/taetigkeitsbereiche\/verwaltungsrecht-steuerrecht\/"]}]},{"@type":"BreadcrumbList","@id":"https:\/\/www.alf.gr\/de\/taetigkeitsbereiche\/verwaltungsrecht-steuerrecht\/#breadcrumb","itemListElement":[{"@type":"ListItem","position":1,"name":"Home","item":"https:\/\/www.alf.gr\/de\/"},{"@type":"ListItem","position":2,"name":"T\u00e4tigkeitsbereiche","item":"https:\/\/www.alf.gr\/de\/taetigkeitsbereiche\/"},{"@type":"ListItem","position":3,"name":"Verwaltungsrecht &#8211; Steuerrecht"}]},{"@type":"WebSite","@id":"https:\/\/www.alf.gr\/de\/#website","url":"https:\/\/www.alf.gr\/de\/","name":"Argyriadis and Associates Law Firm","description":"Law Firm - Thessaloniki - Athens - Greece","publisher":{"@id":"https:\/\/www.alf.gr\/de\/#organization"},"potentialAction":[{"@type":"SearchAction","target":{"@type":"EntryPoint","urlTemplate":"https:\/\/www.alf.gr\/de\/?s={search_term_string}"},"query-input":{"@type":"PropertyValueSpecification","valueRequired":true,"valueName":"search_term_string"}}],"inLanguage":"de"},{"@type":"Organization","@id":"https:\/\/www.alf.gr\/de\/#organization","name":"Argyriadis Law Firm","url":"https:\/\/www.alf.gr\/de\/","logo":{"@type":"ImageObject","inLanguage":"de","@id":"https:\/\/www.alf.gr\/de\/#\/schema\/logo\/image\/","url":"https:\/\/www.alf.gr\/wp-content\/uploads\/2020\/04\/argyriadis-lawyer.png","contentUrl":"https:\/\/www.alf.gr\/wp-content\/uploads\/2020\/04\/argyriadis-lawyer.png","width":174,"height":150,"caption":"Argyriadis Law Firm"},"image":{"@id":"https:\/\/www.alf.gr\/de\/#\/schema\/logo\/image\/"},"sameAs":["https:\/\/www.facebook.com\/argiriadislaw","https:\/\/x.com\/argiriadislaw"]}]}},"_links":{"self":[{"href":"https:\/\/www.alf.gr\/de\/wp-json\/wp\/v2\/pages\/38458","targetHints":{"allow":["GET"]}}],"collection":[{"href":"https:\/\/www.alf.gr\/de\/wp-json\/wp\/v2\/pages"}],"about":[{"href":"https:\/\/www.alf.gr\/de\/wp-json\/wp\/v2\/types\/page"}],"author":[{"embeddable":true,"href":"https:\/\/www.alf.gr\/de\/wp-json\/wp\/v2\/users\/1"}],"replies":[{"embeddable":true,"href":"https:\/\/www.alf.gr\/de\/wp-json\/wp\/v2\/comments?post=38458"}],"version-history":[{"count":1,"href":"https:\/\/www.alf.gr\/de\/wp-json\/wp\/v2\/pages\/38458\/revisions"}],"predecessor-version":[{"id":38459,"href":"https:\/\/www.alf.gr\/de\/wp-json\/wp\/v2\/pages\/38458\/revisions\/38459"}],"up":[{"embeddable":true,"href":"https:\/\/www.alf.gr\/de\/wp-json\/wp\/v2\/pages\/38468"}],"wp:attachment":[{"href":"https:\/\/www.alf.gr\/de\/wp-json\/wp\/v2\/media?parent=38458"}],"curies":[{"name":"wp","href":"https:\/\/api.w.org\/{rel}","templated":true}]}}