{"id":38448,"date":"2018-04-13T16:22:28","date_gmt":"2018-04-13T16:22:28","guid":{"rendered":"https:\/\/www.alf.gr\/touristiko-dikaio\/"},"modified":"2018-10-31T03:07:43","modified_gmt":"2018-10-31T03:07:43","slug":"reiserecht","status":"publish","type":"page","link":"https:\/\/www.alf.gr\/de\/taetigkeitsbereiche\/reiserecht\/","title":{"rendered":"Reiserecht"},"content":{"rendered":"<div class=\"wpb-content-wrapper\"><p>[vc_row css=&#8220;.vc_custom_1523636539655{margin-top: 80px !important;}&#8220;][vc_column width=&#8220;5\/6&#8243; offset=&#8220;vc_col-lg-offset-1&#8243;][vc_custom_heading text=&#8220;Reiserecht&#8220; font_container=&#8220;tag:h2|font_size:20px|text_align:center|line_height:24px&#8220; use_theme_fonts=&#8220;yes&#8220;][vc_separator color=&#8220;custom&#8220; el_width=&#8220;10&#8243; accent_color=&#8220;#c29765&#8243;][vc_column_text]Wir bieten Rechts- und Steuerberatung zu allen Typen \u00a0von Tourismus- und Hotelvertr\u00e4gen. Wir unterst\u00fctzen au\u00dferdem die Geltendmachung \u00a0der Anspr\u00fcche im Bereich des Tourismus, unabh\u00e4ngig davon, ob es sich um Verbraucheranspr\u00fcche oder vertragliche Beziehungen zwischen Tourismusfachleuten in Griechenland und im Ausland handelt. Wir sind mit den aktuellen Transaktionsformen bestens vertraut. Wir haben eine spezialisierte Herangehensweise an den Betrieb von Hotellerie von den Fragen ihrer t\u00e4glichen Routine bis zu den Fragen der Genehmigung und Gesch\u00e4ftspartnerschaften.[\/vc_column_text][\/vc_column][\/vc_row]<\/p>\n<\/div>","protected":false},"excerpt":{"rendered":"[vc_row css=\".vc_custom_1523636539655{margin-top: 80px !important;}\"][vc_column width=\"5\/6\" offset=\"vc_col-lg-offset-1\"][vc_custom_heading text=\"Reiserecht\" font_container=\"tag:h2|font_size:20px|text_align:center|line_height:24px\" use_theme_fonts=\"yes\"][vc_separator color=\"custom\" el_width=\"10\" accent_color=\"#c29765\"][vc_column_text]Wir bieten Rechts- und Steuerberatung zu allen Typen \u00a0von Tourismus- und Hotelvertr\u00e4gen. Wir unterst\u00fctzen au\u00dferdem die Geltendmachung \u00a0der Anspr\u00fcche im Bereich des Tourismus, unabh\u00e4ngig davon, ob es sich um Verbraucheranspr\u00fcche oder vertragliche Beziehungen zwischen Tourismusfachleuten in Griechenland und im Ausland handelt. Wir sind mit&hellip;","protected":false},"author":1,"featured_media":0,"parent":38468,"menu_order":0,"comment_status":"closed","ping_status":"closed","template":"","meta":{"_acf_changed":false,"content-type":"","_monsterinsights_skip_tracking":false,"_monsterinsights_sitenote_active":false,"_monsterinsights_sitenote_note":"","_monsterinsights_sitenote_category":0,"footnotes":""},"class_list":["post-38448","page","type-page","status-publish","hentry"],"acf":[],"yoast_head":"<!-- This site is optimized with the Yoast SEO plugin v26.3 - https:\/\/yoast.com\/wordpress\/plugins\/seo\/ -->\n<title>Reiserecht - Argyriadis and Associates Law Firm<\/title>\n<meta name=\"robots\" content=\"index, follow, max-snippet:-1, max-image-preview:large, max-video-preview:-1\" \/>\n<link rel=\"canonical\" href=\"https:\/\/www.alf.gr\/de\/taetigkeitsbereiche\/reiserecht\/\" \/>\n<meta property=\"og:locale\" content=\"de_DE\" \/>\n<meta property=\"og:type\" content=\"article\" \/>\n<meta property=\"og:title\" content=\"Reiserecht - Argyriadis and Associates Law Firm\" \/>\n<meta property=\"og:description\" content=\"[vc_row css=&#8220;.vc_custom_1523636539655{margin-top: 80px !important;}&#8220;][vc_column width=&#8220;5\/6&#8243; offset=&#8220;vc_col-lg-offset-1&#8243;][vc_custom_heading text=&#8220;Reiserecht&#8220; font_container=&#8220;tag:h2|font_size:20px|text_align:center|line_height:24px&#8220; use_theme_fonts=&#8220;yes&#8220;][vc_separator color=&#8220;custom&#8220; el_width=&#8220;10&#8243; accent_color=&#8220;#c29765&#8243;][vc_column_text]Wir bieten Rechts- und Steuerberatung zu allen Typen \u00a0von Tourismus- und Hotelvertr\u00e4gen. Wir unterst\u00fctzen au\u00dferdem [\u2026]\" \/>\n<meta property=\"og:url\" content=\"https:\/\/www.alf.gr\/de\/taetigkeitsbereiche\/reiserecht\/\" \/>\n<meta property=\"og:site_name\" content=\"Argyriadis and Associates Law Firm\" \/>\n<meta property=\"article:publisher\" content=\"https:\/\/www.facebook.com\/argiriadislaw\" \/>\n<meta property=\"article:modified_time\" content=\"2018-10-31T03:07:43+00:00\" \/>\n<meta name=\"twitter:card\" content=\"summary_large_image\" \/>\n<meta name=\"twitter:site\" content=\"@argiriadislaw\" \/>\n<meta name=\"twitter:label1\" content=\"Gesch\u00e4tzte Lesezeit\" \/>\n\t<meta name=\"twitter:data1\" content=\"1\u00a0Minute\" \/>\n<script type=\"application\/ld+json\" class=\"yoast-schema-graph\">{\"@context\":\"https:\/\/schema.org\",\"@graph\":[{\"@type\":\"WebPage\",\"@id\":\"https:\/\/www.alf.gr\/de\/taetigkeitsbereiche\/reiserecht\/\",\"url\":\"https:\/\/www.alf.gr\/de\/taetigkeitsbereiche\/reiserecht\/\",\"name\":\"Reiserecht - Argyriadis and Associates Law Firm\",\"isPartOf\":{\"@id\":\"https:\/\/www.alf.gr\/de\/#website\"},\"datePublished\":\"2018-04-13T16:22:28+00:00\",\"dateModified\":\"2018-10-31T03:07:43+00:00\",\"breadcrumb\":{\"@id\":\"https:\/\/www.alf.gr\/de\/taetigkeitsbereiche\/reiserecht\/#breadcrumb\"},\"inLanguage\":\"de\",\"potentialAction\":[{\"@type\":\"ReadAction\",\"target\":[\"https:\/\/www.alf.gr\/de\/taetigkeitsbereiche\/reiserecht\/\"]}]},{\"@type\":\"BreadcrumbList\",\"@id\":\"https:\/\/www.alf.gr\/de\/taetigkeitsbereiche\/reiserecht\/#breadcrumb\",\"itemListElement\":[{\"@type\":\"ListItem\",\"position\":1,\"name\":\"Home\",\"item\":\"https:\/\/www.alf.gr\/de\/\"},{\"@type\":\"ListItem\",\"position\":2,\"name\":\"T\u00e4tigkeitsbereiche\",\"item\":\"https:\/\/www.alf.gr\/de\/taetigkeitsbereiche\/\"},{\"@type\":\"ListItem\",\"position\":3,\"name\":\"Reiserecht\"}]},{\"@type\":\"WebSite\",\"@id\":\"https:\/\/www.alf.gr\/de\/#website\",\"url\":\"https:\/\/www.alf.gr\/de\/\",\"name\":\"Argyriadis and Associates Law Firm\",\"description\":\"Law Firm - Thessaloniki - Athens - Greece\",\"publisher\":{\"@id\":\"https:\/\/www.alf.gr\/de\/#organization\"},\"potentialAction\":[{\"@type\":\"SearchAction\",\"target\":{\"@type\":\"EntryPoint\",\"urlTemplate\":\"https:\/\/www.alf.gr\/de\/?s={search_term_string}\"},\"query-input\":{\"@type\":\"PropertyValueSpecification\",\"valueRequired\":true,\"valueName\":\"search_term_string\"}}],\"inLanguage\":\"de\"},{\"@type\":\"Organization\",\"@id\":\"https:\/\/www.alf.gr\/de\/#organization\",\"name\":\"Argyriadis Law Firm\",\"url\":\"https:\/\/www.alf.gr\/de\/\",\"logo\":{\"@type\":\"ImageObject\",\"inLanguage\":\"de\",\"@id\":\"https:\/\/www.alf.gr\/de\/#\/schema\/logo\/image\/\",\"url\":\"https:\/\/www.alf.gr\/wp-content\/uploads\/2020\/04\/argyriadis-lawyer.png\",\"contentUrl\":\"https:\/\/www.alf.gr\/wp-content\/uploads\/2020\/04\/argyriadis-lawyer.png\",\"width\":174,\"height\":150,\"caption\":\"Argyriadis Law Firm\"},\"image\":{\"@id\":\"https:\/\/www.alf.gr\/de\/#\/schema\/logo\/image\/\"},\"sameAs\":[\"https:\/\/www.facebook.com\/argiriadislaw\",\"https:\/\/x.com\/argiriadislaw\"]}]}<\/script>\n<!-- \/ Yoast SEO plugin. -->","yoast_head_json":{"title":"Reiserecht - Argyriadis and Associates Law Firm","robots":{"index":"index","follow":"follow","max-snippet":"max-snippet:-1","max-image-preview":"max-image-preview:large","max-video-preview":"max-video-preview:-1"},"canonical":"https:\/\/www.alf.gr\/de\/taetigkeitsbereiche\/reiserecht\/","og_locale":"de_DE","og_type":"article","og_title":"Reiserecht - Argyriadis and Associates Law Firm","og_description":"[vc_row css=&#8220;.vc_custom_1523636539655{margin-top: 80px !important;}&#8220;][vc_column width=&#8220;5\/6&#8243; offset=&#8220;vc_col-lg-offset-1&#8243;][vc_custom_heading text=&#8220;Reiserecht&#8220; font_container=&#8220;tag:h2|font_size:20px|text_align:center|line_height:24px&#8220; use_theme_fonts=&#8220;yes&#8220;][vc_separator color=&#8220;custom&#8220; el_width=&#8220;10&#8243; accent_color=&#8220;#c29765&#8243;][vc_column_text]Wir bieten Rechts- und Steuerberatung zu allen Typen \u00a0von Tourismus- und Hotelvertr\u00e4gen. Wir unterst\u00fctzen au\u00dferdem [\u2026]","og_url":"https:\/\/www.alf.gr\/de\/taetigkeitsbereiche\/reiserecht\/","og_site_name":"Argyriadis and Associates Law Firm","article_publisher":"https:\/\/www.facebook.com\/argiriadislaw","article_modified_time":"2018-10-31T03:07:43+00:00","twitter_card":"summary_large_image","twitter_site":"@argiriadislaw","twitter_misc":{"Gesch\u00e4tzte Lesezeit":"1\u00a0Minute"},"schema":{"@context":"https:\/\/schema.org","@graph":[{"@type":"WebPage","@id":"https:\/\/www.alf.gr\/de\/taetigkeitsbereiche\/reiserecht\/","url":"https:\/\/www.alf.gr\/de\/taetigkeitsbereiche\/reiserecht\/","name":"Reiserecht - Argyriadis and Associates Law Firm","isPartOf":{"@id":"https:\/\/www.alf.gr\/de\/#website"},"datePublished":"2018-04-13T16:22:28+00:00","dateModified":"2018-10-31T03:07:43+00:00","breadcrumb":{"@id":"https:\/\/www.alf.gr\/de\/taetigkeitsbereiche\/reiserecht\/#breadcrumb"},"inLanguage":"de","potentialAction":[{"@type":"ReadAction","target":["https:\/\/www.alf.gr\/de\/taetigkeitsbereiche\/reiserecht\/"]}]},{"@type":"BreadcrumbList","@id":"https:\/\/www.alf.gr\/de\/taetigkeitsbereiche\/reiserecht\/#breadcrumb","itemListElement":[{"@type":"ListItem","position":1,"name":"Home","item":"https:\/\/www.alf.gr\/de\/"},{"@type":"ListItem","position":2,"name":"T\u00e4tigkeitsbereiche","item":"https:\/\/www.alf.gr\/de\/taetigkeitsbereiche\/"},{"@type":"ListItem","position":3,"name":"Reiserecht"}]},{"@type":"WebSite","@id":"https:\/\/www.alf.gr\/de\/#website","url":"https:\/\/www.alf.gr\/de\/","name":"Argyriadis and Associates Law Firm","description":"Law Firm - Thessaloniki - Athens - Greece","publisher":{"@id":"https:\/\/www.alf.gr\/de\/#organization"},"potentialAction":[{"@type":"SearchAction","target":{"@type":"EntryPoint","urlTemplate":"https:\/\/www.alf.gr\/de\/?s={search_term_string}"},"query-input":{"@type":"PropertyValueSpecification","valueRequired":true,"valueName":"search_term_string"}}],"inLanguage":"de"},{"@type":"Organization","@id":"https:\/\/www.alf.gr\/de\/#organization","name":"Argyriadis Law Firm","url":"https:\/\/www.alf.gr\/de\/","logo":{"@type":"ImageObject","inLanguage":"de","@id":"https:\/\/www.alf.gr\/de\/#\/schema\/logo\/image\/","url":"https:\/\/www.alf.gr\/wp-content\/uploads\/2020\/04\/argyriadis-lawyer.png","contentUrl":"https:\/\/www.alf.gr\/wp-content\/uploads\/2020\/04\/argyriadis-lawyer.png","width":174,"height":150,"caption":"Argyriadis Law Firm"},"image":{"@id":"https:\/\/www.alf.gr\/de\/#\/schema\/logo\/image\/"},"sameAs":["https:\/\/www.facebook.com\/argiriadislaw","https:\/\/x.com\/argiriadislaw"]}]}},"_links":{"self":[{"href":"https:\/\/www.alf.gr\/de\/wp-json\/wp\/v2\/pages\/38448","targetHints":{"allow":["GET"]}}],"collection":[{"href":"https:\/\/www.alf.gr\/de\/wp-json\/wp\/v2\/pages"}],"about":[{"href":"https:\/\/www.alf.gr\/de\/wp-json\/wp\/v2\/types\/page"}],"author":[{"embeddable":true,"href":"https:\/\/www.alf.gr\/de\/wp-json\/wp\/v2\/users\/1"}],"replies":[{"embeddable":true,"href":"https:\/\/www.alf.gr\/de\/wp-json\/wp\/v2\/comments?post=38448"}],"version-history":[{"count":1,"href":"https:\/\/www.alf.gr\/de\/wp-json\/wp\/v2\/pages\/38448\/revisions"}],"predecessor-version":[{"id":38449,"href":"https:\/\/www.alf.gr\/de\/wp-json\/wp\/v2\/pages\/38448\/revisions\/38449"}],"up":[{"embeddable":true,"href":"https:\/\/www.alf.gr\/de\/wp-json\/wp\/v2\/pages\/38468"}],"wp:attachment":[{"href":"https:\/\/www.alf.gr\/de\/wp-json\/wp\/v2\/media?parent=38448"}],"curies":[{"name":"wp","href":"https:\/\/api.w.org\/{rel}","templated":true}]}}