{"id":38445,"date":"2018-09-17T02:19:59","date_gmt":"2018-09-17T02:19:59","guid":{"rendered":"https:\/\/www.alf.gr\/golden-visa\/"},"modified":"2018-10-31T03:06:18","modified_gmt":"2018-10-31T03:06:18","slug":"goldenes-visum","status":"publish","type":"page","link":"https:\/\/www.alf.gr\/de\/taetigkeitsbereiche\/goldenes-visum\/","title":{"rendered":"Goldenes Visum"},"content":{"rendered":"<div class=\"wpb-content-wrapper\"><p>[vc_row css=&#8220;.vc_custom_1523636539655{margin-top: 80px !important;}&#8220;][vc_column width=&#8220;5\/6&#8243; offset=&#8220;vc_col-lg-offset-1&#8243;][vc_custom_heading text=&#8220;Goldenes Visum&#8220; font_container=&#8220;tag:h2|font_size:20px|text_align:center|line_height:24px&#8220; use_theme_fonts=&#8220;yes&#8220;][vc_separator color=&#8220;custom&#8220; el_width=&#8220;10&#8243; accent_color=&#8220;#c29765&#8243;][vc_column_text]Immobilienkauf in Griechenland durch B\u00fcrger au\u00dferhalb der Europ\u00e4ischen Union &#8211; Erteilung und Erneuerung einer Aufenthaltserlaubnis f\u00fcr Investitionst\u00e4tigkeit (Goldenes Visum)<\/p>\n<p>Gem\u00e4\u00df der Gesetzgebung sind der Erwerb von Immobilien und der Erwerb eines Sachenrechts an Teilen des griechischen Territoriums der als \u201eGrenze\u201c bezeichnet wird ohne vorherigen Genehmigung durch den griechischen Staat untersagt. Unsere Kanzlei ber\u00e4t Sie \u00fcber den Status des Ortes, an dem Sie interessiert sind. Man muss erw\u00e4hnen, dass eine Reihe von Gebieten, einschlie\u00dflich Thessaloniki und Chalkidiki, nicht mehr als Grenzgebiete betrachtet werden.<\/p>\n<p>Dar\u00fcber hinaus enthalten die griechischen Rechtsvorschriften Bestimmungen, die den Aufenthalt von Anlegern aus Drittl\u00e4ndern, deren Investitionen als strategische Investitionen eingestuft wurden, erleichtern, indem sie den Vertretern von Wertpapierfirmen und ihren Partnern l\u00e4ngere Fristen einr\u00e4umen. Drittstaatsangeh\u00f6rige und ihre Familien haben Anspruch auf Aufenthaltserlaubnis, wenn sie in Griechenland Immobilien \u00fcber den Wert von 250.000 Euro erwerben.<\/p>\n<p>Demzufolge :<\/p>\n<p>A. St\u00e4ndige Aufenthaltserlaubnis f\u00fcr einen Investor<\/p>\n<p>Eine Aufenthaltserlaubnis wird einem Drittstaatsangeh\u00f6rigen f\u00fcr einen verl\u00e4ngerbaren Zeitraum von f\u00fcnf Jahren erteilt, der<\/p>\n<p>(a) rechtm\u00e4\u00dfig mit einem Einreisevisum in das Land eingereist ist oder seinen rechtm\u00e4\u00dfigen Wohnsitz im Land hat.<\/p>\n<p>(b) Besitz und Eigentum von Immobilien in Griechenland hat. Im Fall von Miteigentum im Wert von 250.000 Euro besteht ein Aufenthaltsrecht nur, wenn die Besitzer Ehegatten sind. In allen anderen F\u00e4llen von Miteigentum wird das Aufenthaltsrecht nur gew\u00e4hrt, wenn das Miteigentum jedes Miteigent\u00fcmers 250.000 Euro betr\u00e4gt.<\/p>\n<p>(c) Immobilien in Griechenland durch eine juristische Person erworben sind, deren Anteile sich zu 100% in seinem Besitz befinden.<\/p>\n<p>(d) eine 10-j\u00e4hrige Pacht von Hotelunterk\u00fcnften oder von m\u00f6blierten Touristenwohnungen in zusammengesetzten Touristenunterk\u00fcnften hat.<\/p>\n<p>(e) einen Teilzeitnutzungsvertrag hat.<\/p>\n<p>Der vorgenannte Drittstaatsangeh\u00f6rige kann auch von seinen Familienangeh\u00f6rigen begleitet werden, denen auf Antrag eine individuelle Aufenthaltserlaubnis erteilt wird, die gleichzeitig mit dem Aufenthaltstitel des Antragstellers ausl\u00e4uft.<\/p>\n<p>B. Erteilung und Erneuerung einer Aufenthaltserlaubnis f\u00fcr Investitionst\u00e4tigkeit<\/p>\n<p>Drittstaatsangeh\u00f6rige d\u00fcrfen in Griechenland einreisen und dort bleiben, um eine Investition zu t\u00e4tigen, die sich positiv auf das nationale Wachstum und die Wirtschaft auswirkt. Abh\u00e4ngig von der Gr\u00f6\u00dfe und den Merkmalen der Investition, k\u00f6nnen bis zu zehn Drittstaatsangeh\u00f6rige, einschlie\u00dflich Investoren, f\u00fcr die Durchf\u00fchrung und den Betrieb des Landes in das Land einreisen und dort bleiben.<\/p>\n<p>C. Bis zu zehn Drittstaatsangeh\u00f6rige haben das Recht in das Land einzureisen um Investitionen zu t\u00e4tigen, die als \u201eStrategische Beteiligungen\u201c eingestuft werden. Daf\u00fcr ist ein Beschluss des \u201eInterministeriellen Ausschusses f\u00fcr strategische Investitionen\u201c erforderlich.<\/p>\n<p>Unsere Kanzlei ber\u00e4t Sie gerne bei den spezifischen Bedingungen f\u00fcr die Umsetzung der Bestimmungen und ist in der Lage in jeder Phase des Prozesses mitzumachen.[\/vc_column_text][\/vc_column][\/vc_row]<\/p>\n<\/div>","protected":false},"excerpt":{"rendered":"[vc_row css=\".vc_custom_1523636539655{margin-top: 80px !important;}\"][vc_column width=\"5\/6\" offset=\"vc_col-lg-offset-1\"][vc_custom_heading text=\"Goldenes Visum\" font_container=\"tag:h2|font_size:20px|text_align:center|line_height:24px\" use_theme_fonts=\"yes\"][vc_separator color=\"custom\" el_width=\"10\" accent_color=\"#c29765\"][vc_column_text]Immobilienkauf in Griechenland durch B\u00fcrger au\u00dferhalb der Europ\u00e4ischen Union - Erteilung und Erneuerung einer Aufenthaltserlaubnis f\u00fcr Investitionst\u00e4tigkeit (Goldenes Visum) Gem\u00e4\u00df der Gesetzgebung sind der Erwerb von Immobilien und der Erwerb eines Sachenrechts an Teilen des griechischen Territoriums der als \u201eGrenze\u201c bezeichnet wird ohne&hellip;","protected":false},"author":1,"featured_media":0,"parent":38468,"menu_order":0,"comment_status":"closed","ping_status":"closed","template":"","meta":{"_acf_changed":false,"content-type":"","_monsterinsights_skip_tracking":false,"_monsterinsights_sitenote_active":false,"_monsterinsights_sitenote_note":"","_monsterinsights_sitenote_category":0,"footnotes":""},"class_list":["post-38445","page","type-page","status-publish","hentry"],"acf":[],"yoast_head":"<!-- This site is optimized with the Yoast SEO plugin v26.3 - https:\/\/yoast.com\/wordpress\/plugins\/seo\/ -->\n<title>Goldenes Visum - Argyriadis and Associates Law Firm<\/title>\n<meta name=\"robots\" content=\"index, follow, max-snippet:-1, max-image-preview:large, max-video-preview:-1\" \/>\n<link rel=\"canonical\" href=\"https:\/\/www.alf.gr\/de\/taetigkeitsbereiche\/goldenes-visum\/\" \/>\n<meta property=\"og:locale\" content=\"de_DE\" \/>\n<meta property=\"og:type\" content=\"article\" \/>\n<meta property=\"og:title\" content=\"Goldenes Visum - Argyriadis and Associates Law Firm\" \/>\n<meta property=\"og:description\" content=\"[vc_row css=&#8220;.vc_custom_1523636539655{margin-top: 80px !important;}&#8220;][vc_column width=&#8220;5\/6&#8243; offset=&#8220;vc_col-lg-offset-1&#8243;][vc_custom_heading text=&#8220;Goldenes Visum&#8220; font_container=&#8220;tag:h2|font_size:20px|text_align:center|line_height:24px&#8220; use_theme_fonts=&#8220;yes&#8220;][vc_separator color=&#8220;custom&#8220; el_width=&#8220;10&#8243; accent_color=&#8220;#c29765&#8243;][vc_column_text]Immobilienkauf in Griechenland durch B\u00fcrger au\u00dferhalb der Europ\u00e4ischen Union &#8211; Erteilung und Erneuerung einer [\u2026]\" \/>\n<meta property=\"og:url\" content=\"https:\/\/www.alf.gr\/de\/taetigkeitsbereiche\/goldenes-visum\/\" \/>\n<meta property=\"og:site_name\" content=\"Argyriadis and Associates Law Firm\" \/>\n<meta property=\"article:publisher\" content=\"https:\/\/www.facebook.com\/argiriadislaw\" \/>\n<meta property=\"article:modified_time\" content=\"2018-10-31T03:06:18+00:00\" \/>\n<meta name=\"twitter:card\" content=\"summary_large_image\" \/>\n<meta name=\"twitter:site\" content=\"@argiriadislaw\" \/>\n<meta name=\"twitter:label1\" content=\"Gesch\u00e4tzte Lesezeit\" \/>\n\t<meta name=\"twitter:data1\" content=\"3\u00a0Minuten\" \/>\n<script type=\"application\/ld+json\" class=\"yoast-schema-graph\">{\"@context\":\"https:\/\/schema.org\",\"@graph\":[{\"@type\":\"WebPage\",\"@id\":\"https:\/\/www.alf.gr\/de\/taetigkeitsbereiche\/goldenes-visum\/\",\"url\":\"https:\/\/www.alf.gr\/de\/taetigkeitsbereiche\/goldenes-visum\/\",\"name\":\"Goldenes Visum - Argyriadis and Associates Law Firm\",\"isPartOf\":{\"@id\":\"https:\/\/www.alf.gr\/de\/#website\"},\"datePublished\":\"2018-09-17T02:19:59+00:00\",\"dateModified\":\"2018-10-31T03:06:18+00:00\",\"breadcrumb\":{\"@id\":\"https:\/\/www.alf.gr\/de\/taetigkeitsbereiche\/goldenes-visum\/#breadcrumb\"},\"inLanguage\":\"de\",\"potentialAction\":[{\"@type\":\"ReadAction\",\"target\":[\"https:\/\/www.alf.gr\/de\/taetigkeitsbereiche\/goldenes-visum\/\"]}]},{\"@type\":\"BreadcrumbList\",\"@id\":\"https:\/\/www.alf.gr\/de\/taetigkeitsbereiche\/goldenes-visum\/#breadcrumb\",\"itemListElement\":[{\"@type\":\"ListItem\",\"position\":1,\"name\":\"Home\",\"item\":\"https:\/\/www.alf.gr\/de\/\"},{\"@type\":\"ListItem\",\"position\":2,\"name\":\"T\u00e4tigkeitsbereiche\",\"item\":\"https:\/\/www.alf.gr\/de\/taetigkeitsbereiche\/\"},{\"@type\":\"ListItem\",\"position\":3,\"name\":\"Goldenes Visum\"}]},{\"@type\":\"WebSite\",\"@id\":\"https:\/\/www.alf.gr\/de\/#website\",\"url\":\"https:\/\/www.alf.gr\/de\/\",\"name\":\"Argyriadis and Associates Law Firm\",\"description\":\"Law Firm - Thessaloniki - Athens - Greece\",\"publisher\":{\"@id\":\"https:\/\/www.alf.gr\/de\/#organization\"},\"potentialAction\":[{\"@type\":\"SearchAction\",\"target\":{\"@type\":\"EntryPoint\",\"urlTemplate\":\"https:\/\/www.alf.gr\/de\/?s={search_term_string}\"},\"query-input\":{\"@type\":\"PropertyValueSpecification\",\"valueRequired\":true,\"valueName\":\"search_term_string\"}}],\"inLanguage\":\"de\"},{\"@type\":\"Organization\",\"@id\":\"https:\/\/www.alf.gr\/de\/#organization\",\"name\":\"Argyriadis Law Firm\",\"url\":\"https:\/\/www.alf.gr\/de\/\",\"logo\":{\"@type\":\"ImageObject\",\"inLanguage\":\"de\",\"@id\":\"https:\/\/www.alf.gr\/de\/#\/schema\/logo\/image\/\",\"url\":\"https:\/\/www.alf.gr\/wp-content\/uploads\/2020\/04\/argyriadis-lawyer.png\",\"contentUrl\":\"https:\/\/www.alf.gr\/wp-content\/uploads\/2020\/04\/argyriadis-lawyer.png\",\"width\":174,\"height\":150,\"caption\":\"Argyriadis Law Firm\"},\"image\":{\"@id\":\"https:\/\/www.alf.gr\/de\/#\/schema\/logo\/image\/\"},\"sameAs\":[\"https:\/\/www.facebook.com\/argiriadislaw\",\"https:\/\/x.com\/argiriadislaw\"]}]}<\/script>\n<!-- \/ Yoast SEO plugin. -->","yoast_head_json":{"title":"Goldenes Visum - Argyriadis and Associates Law Firm","robots":{"index":"index","follow":"follow","max-snippet":"max-snippet:-1","max-image-preview":"max-image-preview:large","max-video-preview":"max-video-preview:-1"},"canonical":"https:\/\/www.alf.gr\/de\/taetigkeitsbereiche\/goldenes-visum\/","og_locale":"de_DE","og_type":"article","og_title":"Goldenes Visum - Argyriadis and Associates Law Firm","og_description":"[vc_row css=&#8220;.vc_custom_1523636539655{margin-top: 80px !important;}&#8220;][vc_column width=&#8220;5\/6&#8243; offset=&#8220;vc_col-lg-offset-1&#8243;][vc_custom_heading text=&#8220;Goldenes Visum&#8220; font_container=&#8220;tag:h2|font_size:20px|text_align:center|line_height:24px&#8220; use_theme_fonts=&#8220;yes&#8220;][vc_separator color=&#8220;custom&#8220; el_width=&#8220;10&#8243; accent_color=&#8220;#c29765&#8243;][vc_column_text]Immobilienkauf in Griechenland durch B\u00fcrger au\u00dferhalb der Europ\u00e4ischen Union &#8211; Erteilung und Erneuerung einer [\u2026]","og_url":"https:\/\/www.alf.gr\/de\/taetigkeitsbereiche\/goldenes-visum\/","og_site_name":"Argyriadis and Associates Law Firm","article_publisher":"https:\/\/www.facebook.com\/argiriadislaw","article_modified_time":"2018-10-31T03:06:18+00:00","twitter_card":"summary_large_image","twitter_site":"@argiriadislaw","twitter_misc":{"Gesch\u00e4tzte Lesezeit":"3\u00a0Minuten"},"schema":{"@context":"https:\/\/schema.org","@graph":[{"@type":"WebPage","@id":"https:\/\/www.alf.gr\/de\/taetigkeitsbereiche\/goldenes-visum\/","url":"https:\/\/www.alf.gr\/de\/taetigkeitsbereiche\/goldenes-visum\/","name":"Goldenes Visum - Argyriadis and Associates Law Firm","isPartOf":{"@id":"https:\/\/www.alf.gr\/de\/#website"},"datePublished":"2018-09-17T02:19:59+00:00","dateModified":"2018-10-31T03:06:18+00:00","breadcrumb":{"@id":"https:\/\/www.alf.gr\/de\/taetigkeitsbereiche\/goldenes-visum\/#breadcrumb"},"inLanguage":"de","potentialAction":[{"@type":"ReadAction","target":["https:\/\/www.alf.gr\/de\/taetigkeitsbereiche\/goldenes-visum\/"]}]},{"@type":"BreadcrumbList","@id":"https:\/\/www.alf.gr\/de\/taetigkeitsbereiche\/goldenes-visum\/#breadcrumb","itemListElement":[{"@type":"ListItem","position":1,"name":"Home","item":"https:\/\/www.alf.gr\/de\/"},{"@type":"ListItem","position":2,"name":"T\u00e4tigkeitsbereiche","item":"https:\/\/www.alf.gr\/de\/taetigkeitsbereiche\/"},{"@type":"ListItem","position":3,"name":"Goldenes Visum"}]},{"@type":"WebSite","@id":"https:\/\/www.alf.gr\/de\/#website","url":"https:\/\/www.alf.gr\/de\/","name":"Argyriadis and Associates Law Firm","description":"Law Firm - Thessaloniki - Athens - Greece","publisher":{"@id":"https:\/\/www.alf.gr\/de\/#organization"},"potentialAction":[{"@type":"SearchAction","target":{"@type":"EntryPoint","urlTemplate":"https:\/\/www.alf.gr\/de\/?s={search_term_string}"},"query-input":{"@type":"PropertyValueSpecification","valueRequired":true,"valueName":"search_term_string"}}],"inLanguage":"de"},{"@type":"Organization","@id":"https:\/\/www.alf.gr\/de\/#organization","name":"Argyriadis Law Firm","url":"https:\/\/www.alf.gr\/de\/","logo":{"@type":"ImageObject","inLanguage":"de","@id":"https:\/\/www.alf.gr\/de\/#\/schema\/logo\/image\/","url":"https:\/\/www.alf.gr\/wp-content\/uploads\/2020\/04\/argyriadis-lawyer.png","contentUrl":"https:\/\/www.alf.gr\/wp-content\/uploads\/2020\/04\/argyriadis-lawyer.png","width":174,"height":150,"caption":"Argyriadis Law Firm"},"image":{"@id":"https:\/\/www.alf.gr\/de\/#\/schema\/logo\/image\/"},"sameAs":["https:\/\/www.facebook.com\/argiriadislaw","https:\/\/x.com\/argiriadislaw"]}]}},"_links":{"self":[{"href":"https:\/\/www.alf.gr\/de\/wp-json\/wp\/v2\/pages\/38445","targetHints":{"allow":["GET"]}}],"collection":[{"href":"https:\/\/www.alf.gr\/de\/wp-json\/wp\/v2\/pages"}],"about":[{"href":"https:\/\/www.alf.gr\/de\/wp-json\/wp\/v2\/types\/page"}],"author":[{"embeddable":true,"href":"https:\/\/www.alf.gr\/de\/wp-json\/wp\/v2\/users\/1"}],"replies":[{"embeddable":true,"href":"https:\/\/www.alf.gr\/de\/wp-json\/wp\/v2\/comments?post=38445"}],"version-history":[{"count":2,"href":"https:\/\/www.alf.gr\/de\/wp-json\/wp\/v2\/pages\/38445\/revisions"}],"predecessor-version":[{"id":38447,"href":"https:\/\/www.alf.gr\/de\/wp-json\/wp\/v2\/pages\/38445\/revisions\/38447"}],"up":[{"embeddable":true,"href":"https:\/\/www.alf.gr\/de\/wp-json\/wp\/v2\/pages\/38468"}],"wp:attachment":[{"href":"https:\/\/www.alf.gr\/de\/wp-json\/wp\/v2\/media?parent=38445"}],"curies":[{"name":"wp","href":"https:\/\/api.w.org\/{rel}","templated":true}]}}