{"id":38442,"date":"2018-03-13T17:47:30","date_gmt":"2018-03-13T17:47:30","guid":{"rendered":"https:\/\/www.alf.gr\/sxetika-me-mas\/"},"modified":"2025-04-03T08:18:15","modified_gmt":"2025-04-03T08:18:15","slug":"die-kanzlei","status":"publish","type":"page","link":"https:\/\/www.alf.gr\/de\/die-kanzlei\/","title":{"rendered":"Die Kanzlei"},"content":{"rendered":"<div class=\"wpb-content-wrapper\"><p>[vc_row][vc_column css=&#8220;.vc_custom_1742300650832{padding-bottom: 20px !important;}&#8220;][vc_single_image image=&#8220;83118&#8243; img_size=&#8220;full&#8220;][vc_custom_heading text=&#8220;DIE KANZLEI&#8220; font_container=&#8220;tag:h1|font_size:30px|text_align:center|color:%23333333|line_height:32px&#8220; use_theme_fonts=&#8220;yes&#8220;][vc_separator color=&#8220;custom&#8220; el_width=&#8220;10&#8243; accent_color=&#8220;#c29765&#8243;][vc_custom_heading text=&#8220;Der &#8222;Argyriadis and Associates&#8222; ist eine dynamische Anwaltssoziet\u00e4t, deren Mitarbeiter f\u00fcr 45 Jahre juristische Dienstleistungen f\u00fcr Privatpersonen und Unternehmen kontinuierlich bieten, die eine Reihe von Rechtsbereichen zutreffen.&#8220; font_container=&#8220;tag:h6|font_size:24px|text_align:left|line_height:26px&#8220; use_theme_fonts=&#8220;yes&#8220; css=&#8220;.vc_custom_1540954806389{padding-bottom: 20px !important;}&#8220;][vc_column_text]Grundphilosophie der Kanzlei ist, qualitativ hochwertige Dienstleistungen mit Professionalit\u00e4t zu bieten und das bedeutet ma\u00dfgeschneiderte L\u00f6sungen direkt und klar auf die Fragen, die unsere Mandanten betreffen.<\/p>\n<p>Ein starkes Team von Juristen, \u00d6konomen, Steuerberater, sowie andere spezialisierte Partner liegt an der Spitze, so dass durch konsequente und Teamarbeit die Interessen der Mandanten repr\u00e4sentiert werden.<\/p>\n<p>Die Erbringung von juristischen Dienstleistungen ist ein komplizierter Vorgang, da die Qualit\u00e4t der Gesetzgebung in den einzelnen L\u00e4ndern, die Vielfalt \u00a0der sozio\u00f6konomischen Beziehungen, Einsicht und Erfahrung im Umgang mit schwierigen oder Notsituationen, sowie der menschliche Faktor das Endergebnis bestimmen.<\/p>\n<p>Zusammengefasst konfrontieren wir jedes Problem individuell mit unseren Kunden und wir bevorzugen Realismus, Konsistenz, Qualit\u00e4t und umfassende Informationen in allen Phasen eines gerichtlichen oder au\u00dfergerichtlichen Verfahrens.<\/p>\n<p>Zur gleichen Zeit nehmen wir R\u00fccksicht \u00a0auf die Bed\u00fcrfnisse unserer Mandanten und wir bewerten die F\u00e4higkeit der Kanzlei kurzfristig die Anforderungen zu erf\u00fcllen. Wir nehmen Zeit f\u00fcr die st\u00e4ndige Ausbildung der Mitarbeiter und wir bleiben in Kontakt mit unseren Mandanten, da die menschliche Dimension der juristischen Dienstleistungen f\u00fcr uns von Bedeutung ist.<\/p>\n<p>Mit voll organisierten Niederlassungen in Thessaloniki und Athen, starken Pr\u00e4senz auf Kreta und Vertretung in ganz Griechenland, die Soziet\u00e4t \u201eArgyriadis und Associates\u201c bietet und Beratung f\u00fcr Einzelpersonen, Gesch\u00e4ftsleute und Unternehmen die in Griechenland und S\u00fcdosteuropa t\u00e4tig sind, insbesondere mit Schwerpunkt auf Handels-, Steuer- und Wirtschaftsstrafrecht.<\/p>\n<p>Die \u201eArgyriadis and Associates\u201c ist ein Mitglied des Verbands der Anwaltssoziet\u00e4ten \u00a0Griechenlands und ist Mitglied an f\u00fcnf Handelskammern (Griechisch &#8211; Amerikanisch, Griechisch-Englisch, Griechisch-Franz\u00f6sisch, Griechisch-Deutsch und Griechisch-Italienisch).[\/vc_column_text][\/vc_column][vc_column width=&#8220;1\/4&#8243;][\/vc_column][\/vc_row]<\/p>\n<\/div>","protected":false},"excerpt":{"rendered":"[vc_row][vc_column css=\".vc_custom_1742300650832{padding-bottom: 20px !important;}\"][vc_single_image image=\"83118\" img_size=\"full\"][vc_custom_heading text=\"DIE KANZLEI\" font_container=\"tag:h1|font_size:30px|text_align:center|color:%23333333|line_height:32px\" use_theme_fonts=\"yes\"][vc_separator color=\"custom\" el_width=\"10\" accent_color=\"#c29765\"][vc_custom_heading text=\"Der ``Argyriadis and Associates`` ist eine dynamische Anwaltssoziet\u00e4t, deren Mitarbeiter f\u00fcr 45 Jahre juristische Dienstleistungen f\u00fcr Privatpersonen und Unternehmen kontinuierlich bieten, die eine Reihe von Rechtsbereichen zutreffen.\" font_container=\"tag:h6|font_size:24px|text_align:left|line_height:26px\" use_theme_fonts=\"yes\" css=\".vc_custom_1540954806389{padding-bottom: 20px !important;}\"][vc_column_text]Grundphilosophie der Kanzlei ist, qualitativ hochwertige Dienstleistungen mit Professionalit\u00e4t zu bieten&hellip;","protected":false},"author":1,"featured_media":0,"parent":0,"menu_order":0,"comment_status":"closed","ping_status":"closed","template":"","meta":{"_acf_changed":false,"content-type":"","_monsterinsights_skip_tracking":false,"_monsterinsights_sitenote_active":false,"_monsterinsights_sitenote_note":"","_monsterinsights_sitenote_category":0,"footnotes":""},"class_list":["post-38442","page","type-page","status-publish","hentry"],"acf":[],"yoast_head":"<!-- This site is optimized with the Yoast SEO plugin v26.3 - https:\/\/yoast.com\/wordpress\/plugins\/seo\/ -->\n<title>Die Kanzlei - Argyriadis and Associates Law Firm<\/title>\n<meta name=\"robots\" content=\"index, follow, max-snippet:-1, max-image-preview:large, max-video-preview:-1\" \/>\n<link rel=\"canonical\" href=\"https:\/\/www.alf.gr\/de\/die-kanzlei\/\" \/>\n<meta property=\"og:locale\" content=\"de_DE\" \/>\n<meta property=\"og:type\" content=\"article\" \/>\n<meta property=\"og:title\" content=\"Die Kanzlei - Argyriadis and Associates Law Firm\" \/>\n<meta property=\"og:description\" content=\"[vc_row][vc_column css=&#8220;.vc_custom_1742300650832{padding-bottom: 20px !important;}&#8220;][vc_single_image image=&#8220;83118&#8243; img_size=&#8220;full&#8220;][vc_custom_heading text=&#8220;DIE KANZLEI&#8220; font_container=&#8220;tag:h1|font_size:30px|text_align:center|color:%23333333|line_height:32px&#8220; use_theme_fonts=&#8220;yes&#8220;][vc_separator color=&#8220;custom&#8220; el_width=&#8220;10&#8243; accent_color=&#8220;#c29765&#8243;][vc_custom_heading text=&#8220;Der &#8222;Argyriadis and Associates&#8222; ist eine dynamische Anwaltssoziet\u00e4t, deren Mitarbeiter f\u00fcr 45 Jahre [\u2026]\" \/>\n<meta property=\"og:url\" content=\"https:\/\/www.alf.gr\/de\/die-kanzlei\/\" \/>\n<meta property=\"og:site_name\" content=\"Argyriadis and Associates Law Firm\" \/>\n<meta property=\"article:publisher\" content=\"https:\/\/www.facebook.com\/argiriadislaw\" \/>\n<meta property=\"article:modified_time\" content=\"2025-04-03T08:18:15+00:00\" \/>\n<meta name=\"twitter:card\" content=\"summary_large_image\" \/>\n<meta name=\"twitter:site\" content=\"@argiriadislaw\" \/>\n<meta name=\"twitter:label1\" content=\"Gesch\u00e4tzte Lesezeit\" \/>\n\t<meta name=\"twitter:data1\" content=\"2\u00a0Minuten\" \/>\n<script type=\"application\/ld+json\" class=\"yoast-schema-graph\">{\"@context\":\"https:\/\/schema.org\",\"@graph\":[{\"@type\":\"WebPage\",\"@id\":\"https:\/\/www.alf.gr\/de\/die-kanzlei\/\",\"url\":\"https:\/\/www.alf.gr\/de\/die-kanzlei\/\",\"name\":\"Die Kanzlei - Argyriadis and Associates Law Firm\",\"isPartOf\":{\"@id\":\"https:\/\/www.alf.gr\/de\/#website\"},\"datePublished\":\"2018-03-13T17:47:30+00:00\",\"dateModified\":\"2025-04-03T08:18:15+00:00\",\"breadcrumb\":{\"@id\":\"https:\/\/www.alf.gr\/de\/die-kanzlei\/#breadcrumb\"},\"inLanguage\":\"de\",\"potentialAction\":[{\"@type\":\"ReadAction\",\"target\":[\"https:\/\/www.alf.gr\/de\/die-kanzlei\/\"]}]},{\"@type\":\"BreadcrumbList\",\"@id\":\"https:\/\/www.alf.gr\/de\/die-kanzlei\/#breadcrumb\",\"itemListElement\":[{\"@type\":\"ListItem\",\"position\":1,\"name\":\"Home\",\"item\":\"https:\/\/www.alf.gr\/de\/\"},{\"@type\":\"ListItem\",\"position\":2,\"name\":\"Die Kanzlei\"}]},{\"@type\":\"WebSite\",\"@id\":\"https:\/\/www.alf.gr\/de\/#website\",\"url\":\"https:\/\/www.alf.gr\/de\/\",\"name\":\"Argyriadis and Associates Law Firm\",\"description\":\"Law Firm - Thessaloniki - Athens - Greece\",\"publisher\":{\"@id\":\"https:\/\/www.alf.gr\/de\/#organization\"},\"potentialAction\":[{\"@type\":\"SearchAction\",\"target\":{\"@type\":\"EntryPoint\",\"urlTemplate\":\"https:\/\/www.alf.gr\/de\/?s={search_term_string}\"},\"query-input\":{\"@type\":\"PropertyValueSpecification\",\"valueRequired\":true,\"valueName\":\"search_term_string\"}}],\"inLanguage\":\"de\"},{\"@type\":\"Organization\",\"@id\":\"https:\/\/www.alf.gr\/de\/#organization\",\"name\":\"Argyriadis Law Firm\",\"url\":\"https:\/\/www.alf.gr\/de\/\",\"logo\":{\"@type\":\"ImageObject\",\"inLanguage\":\"de\",\"@id\":\"https:\/\/www.alf.gr\/de\/#\/schema\/logo\/image\/\",\"url\":\"https:\/\/www.alf.gr\/wp-content\/uploads\/2020\/04\/argyriadis-lawyer.png\",\"contentUrl\":\"https:\/\/www.alf.gr\/wp-content\/uploads\/2020\/04\/argyriadis-lawyer.png\",\"width\":174,\"height\":150,\"caption\":\"Argyriadis Law Firm\"},\"image\":{\"@id\":\"https:\/\/www.alf.gr\/de\/#\/schema\/logo\/image\/\"},\"sameAs\":[\"https:\/\/www.facebook.com\/argiriadislaw\",\"https:\/\/x.com\/argiriadislaw\"]}]}<\/script>\n<!-- \/ Yoast SEO plugin. -->","yoast_head_json":{"title":"Die Kanzlei - Argyriadis and Associates Law Firm","robots":{"index":"index","follow":"follow","max-snippet":"max-snippet:-1","max-image-preview":"max-image-preview:large","max-video-preview":"max-video-preview:-1"},"canonical":"https:\/\/www.alf.gr\/de\/die-kanzlei\/","og_locale":"de_DE","og_type":"article","og_title":"Die Kanzlei - Argyriadis and Associates Law Firm","og_description":"[vc_row][vc_column css=&#8220;.vc_custom_1742300650832{padding-bottom: 20px !important;}&#8220;][vc_single_image image=&#8220;83118&#8243; img_size=&#8220;full&#8220;][vc_custom_heading text=&#8220;DIE KANZLEI&#8220; font_container=&#8220;tag:h1|font_size:30px|text_align:center|color:%23333333|line_height:32px&#8220; use_theme_fonts=&#8220;yes&#8220;][vc_separator color=&#8220;custom&#8220; el_width=&#8220;10&#8243; accent_color=&#8220;#c29765&#8243;][vc_custom_heading text=&#8220;Der &#8222;Argyriadis and Associates&#8222; ist eine dynamische Anwaltssoziet\u00e4t, deren Mitarbeiter f\u00fcr 45 Jahre [\u2026]","og_url":"https:\/\/www.alf.gr\/de\/die-kanzlei\/","og_site_name":"Argyriadis and Associates Law Firm","article_publisher":"https:\/\/www.facebook.com\/argiriadislaw","article_modified_time":"2025-04-03T08:18:15+00:00","twitter_card":"summary_large_image","twitter_site":"@argiriadislaw","twitter_misc":{"Gesch\u00e4tzte Lesezeit":"2\u00a0Minuten"},"schema":{"@context":"https:\/\/schema.org","@graph":[{"@type":"WebPage","@id":"https:\/\/www.alf.gr\/de\/die-kanzlei\/","url":"https:\/\/www.alf.gr\/de\/die-kanzlei\/","name":"Die Kanzlei - Argyriadis and Associates Law Firm","isPartOf":{"@id":"https:\/\/www.alf.gr\/de\/#website"},"datePublished":"2018-03-13T17:47:30+00:00","dateModified":"2025-04-03T08:18:15+00:00","breadcrumb":{"@id":"https:\/\/www.alf.gr\/de\/die-kanzlei\/#breadcrumb"},"inLanguage":"de","potentialAction":[{"@type":"ReadAction","target":["https:\/\/www.alf.gr\/de\/die-kanzlei\/"]}]},{"@type":"BreadcrumbList","@id":"https:\/\/www.alf.gr\/de\/die-kanzlei\/#breadcrumb","itemListElement":[{"@type":"ListItem","position":1,"name":"Home","item":"https:\/\/www.alf.gr\/de\/"},{"@type":"ListItem","position":2,"name":"Die Kanzlei"}]},{"@type":"WebSite","@id":"https:\/\/www.alf.gr\/de\/#website","url":"https:\/\/www.alf.gr\/de\/","name":"Argyriadis and Associates Law Firm","description":"Law Firm - Thessaloniki - Athens - Greece","publisher":{"@id":"https:\/\/www.alf.gr\/de\/#organization"},"potentialAction":[{"@type":"SearchAction","target":{"@type":"EntryPoint","urlTemplate":"https:\/\/www.alf.gr\/de\/?s={search_term_string}"},"query-input":{"@type":"PropertyValueSpecification","valueRequired":true,"valueName":"search_term_string"}}],"inLanguage":"de"},{"@type":"Organization","@id":"https:\/\/www.alf.gr\/de\/#organization","name":"Argyriadis Law Firm","url":"https:\/\/www.alf.gr\/de\/","logo":{"@type":"ImageObject","inLanguage":"de","@id":"https:\/\/www.alf.gr\/de\/#\/schema\/logo\/image\/","url":"https:\/\/www.alf.gr\/wp-content\/uploads\/2020\/04\/argyriadis-lawyer.png","contentUrl":"https:\/\/www.alf.gr\/wp-content\/uploads\/2020\/04\/argyriadis-lawyer.png","width":174,"height":150,"caption":"Argyriadis Law Firm"},"image":{"@id":"https:\/\/www.alf.gr\/de\/#\/schema\/logo\/image\/"},"sameAs":["https:\/\/www.facebook.com\/argiriadislaw","https:\/\/x.com\/argiriadislaw"]}]}},"_links":{"self":[{"href":"https:\/\/www.alf.gr\/de\/wp-json\/wp\/v2\/pages\/38442","targetHints":{"allow":["GET"]}}],"collection":[{"href":"https:\/\/www.alf.gr\/de\/wp-json\/wp\/v2\/pages"}],"about":[{"href":"https:\/\/www.alf.gr\/de\/wp-json\/wp\/v2\/types\/page"}],"author":[{"embeddable":true,"href":"https:\/\/www.alf.gr\/de\/wp-json\/wp\/v2\/users\/1"}],"replies":[{"embeddable":true,"href":"https:\/\/www.alf.gr\/de\/wp-json\/wp\/v2\/comments?post=38442"}],"version-history":[{"count":9,"href":"https:\/\/www.alf.gr\/de\/wp-json\/wp\/v2\/pages\/38442\/revisions"}],"predecessor-version":[{"id":83125,"href":"https:\/\/www.alf.gr\/de\/wp-json\/wp\/v2\/pages\/38442\/revisions\/83125"}],"wp:attachment":[{"href":"https:\/\/www.alf.gr\/de\/wp-json\/wp\/v2\/media?parent=38442"}],"curies":[{"name":"wp","href":"https:\/\/api.w.org\/{rel}","templated":true}]}}